{"id":19478,"date":"2024-11-25T23:50:43","date_gmt":"2024-11-25T23:50:43","guid":{"rendered":"https:\/\/garrafeiragrandeescolha.pt\/?post_type=product&#038;p=19478"},"modified":"2024-11-26T08:53:15","modified_gmt":"2024-11-26T08:53:15","slug":"teixinha-tinto-2022-75cl","status":"publish","type":"product","link":"https:\/\/garrafeiragrandeescolha.pt\/de\/produkt\/teixinha-tinto-2022-75cl\/","title":{"rendered":"Teixinha Tinto 2022 75cl"},"content":{"rendered":"<p><img fetchpriority=\"high\" decoding=\"async\" class=\"size-full wp-image-15337 aligncenter\" src=\"http:\/\/garrafeiragrandeescolha.pt\/wp-content\/uploads\/2022\/02\/malhadinha-logo.jpg\" alt=\"\" width=\"250\" height=\"250\" srcset=\"https:\/\/garrafeiragrandeescolha.pt\/wp-content\/uploads\/2022\/02\/malhadinha-logo.jpg 250w, https:\/\/garrafeiragrandeescolha.pt\/wp-content\/uploads\/2022\/02\/malhadinha-logo-150x150.jpg 150w, https:\/\/garrafeiragrandeescolha.pt\/wp-content\/uploads\/2022\/02\/malhadinha-logo-100x100.jpg 100w\" sizes=\"(max-width: 250px) 100vw, 250px\" \/><\/p>\n<p>Alentejo. Als eine der Regionen mit der niedrigsten Bev\u00f6lkerungsdichte in Europa ist sie eines der bestgeh\u00fcteten Geheimnisse Portugals. Es nimmt ein Drittel des Staatsgebiets ein und offenbart einzigartige, makellose, endlose Landschaften von unkalkulierbarer Sch\u00f6nheit.<\/p>\n<p>Als Land der Gastfreundschaft und Gastfreundschaft ist es bekannt f\u00fcr seine hervorragende Gastronomie und Weine, den Respekt f\u00fcr \u00f6kologische Nachhaltigkeit und die Bewahrung \u00fcberlieferter Traditionen und Br\u00e4uche.<\/p>\n<p>Der kulturelle und historische Reichtum spiegelt sich in der Klassifizierung als Weltkulturerbe (Elvas und \u00c9vora), als immaterielles Kulturerbe der Menschheit (Cante Alentejano) und als UNESCO-Biosph\u00e4renreservat (Castro Verde) wider.<\/p>\n<p>Herdade da Malhadinha Nova in Albernoa, Beja, im Herzen von Baixo Alentejo, entsteht als Teil dieser Zeitkapsel, die sich \u00fcber 450 Hektar erstreckt.<\/p>\n<p>Hier scheint die Zeit stillzustehen, die Geschichte reicht bis in unvordenkliche Zeiten zur\u00fcck, das Gebiet nimmt einen endlosen Raum ein und wir leben ein Alltagsleben in einer h\u00f6rbaren Stille.<\/p>\n<p>Fern und nah an allem, die Unermesslichkeit soweit das Auge reicht, erm\u00f6glicht es Ihnen, in Privatsph\u00e4re, Harmonie und Sicherheit zu leben. Isolation gepaart mit Exklusivit\u00e4t, die den Zwecken von Familien, Freundesgruppen, Paaren oder Alleinreisenden dient.<\/p>","protected":false},"excerpt":{"rendered":"<p>Nariz com a fruta muito pura em evid\u00eancia envolta por notas de barrica de alta qualidade, na boca \u00e9 um tinto muito bem conseguido onde a harmonia \u00e9 not\u00f3ria, fresco, mas com concentra\u00e7\u00e3o e tanino maduro e redondo. Vai crescer muito em garrafa.<\/p>","protected":false},"featured_media":19476,"template":"","meta":{"_exactmetrics_skip_tracking":false,"_exactmetrics_sitenote_active":false,"_exactmetrics_sitenote_note":"","_exactmetrics_sitenote_category":0,"_uf_show_specific_survey":0,"_uf_disable_surveys":false,"iawp_total_views":16},"product_brand":[],"product_cat":[157,184,207],"product_tag":[],"class_list":{"0":"post-19478","1":"product","2":"type-product","3":"status-publish","4":"has-post-thumbnail","6":"product_cat-vinhos","7":"product_cat-tinto","8":"product_cat-alentejo","10":"first","11":"instock","12":"shipping-taxable","13":"purchasable","14":"product-type-simple"},"_links":{"self":[{"href":"https:\/\/garrafeiragrandeescolha.pt\/de\/wp-json\/wp\/v2\/product\/19478","targetHints":{"allow":["GET"]}}],"collection":[{"href":"https:\/\/garrafeiragrandeescolha.pt\/de\/wp-json\/wp\/v2\/product"}],"about":[{"href":"https:\/\/garrafeiragrandeescolha.pt\/de\/wp-json\/wp\/v2\/types\/product"}],"wp:featuredmedia":[{"embeddable":true,"href":"https:\/\/garrafeiragrandeescolha.pt\/de\/wp-json\/wp\/v2\/media\/19476"}],"wp:attachment":[{"href":"https:\/\/garrafeiragrandeescolha.pt\/de\/wp-json\/wp\/v2\/media?parent=19478"}],"wp:term":[{"taxonomy":"product_brand","embeddable":true,"href":"https:\/\/garrafeiragrandeescolha.pt\/de\/wp-json\/wp\/v2\/product_brand?post=19478"},{"taxonomy":"product_cat","embeddable":true,"href":"https:\/\/garrafeiragrandeescolha.pt\/de\/wp-json\/wp\/v2\/product_cat?post=19478"},{"taxonomy":"product_tag","embeddable":true,"href":"https:\/\/garrafeiragrandeescolha.pt\/de\/wp-json\/wp\/v2\/product_tag?post=19478"}],"curies":[{"name":"wp","href":"https:\/\/api.w.org\/{rel}","templated":true}]}}