{"id":19504,"date":"2024-11-27T23:27:13","date_gmt":"2024-11-27T23:27:13","guid":{"rendered":"https:\/\/garrafeiragrandeescolha.pt\/?post_type=product&#038;p=19504"},"modified":"2025-12-14T12:22:37","modified_gmt":"2025-12-14T12:22:37","slug":"herdade-das-servas-vinhas-velhas-tinto-2017-75cl","status":"publish","type":"product","link":"https:\/\/garrafeiragrandeescolha.pt\/de\/produkt\/herdade-das-servas-vinhas-velhas-tinto-2017-75cl\/","title":{"rendered":"Herdade das Servas Vinhas Velhas Tinto 2017 75cl"},"content":{"rendered":"","protected":false},"excerpt":{"rendered":"<p>Castas: Alicante Bouschet, Touriga Nacional, Trincadeira e Petit Verdot<\/p>\n<p>Vinifica\u00e7\u00e3o do Vinho Herdade das Servas Vinhas Velhas Tinto 2017: As uvas s\u00e3o seleccionadas na mesa de escolha, desenga\u00e7adas, seguindo-se macera\u00e7\u00e3o pr\u00e9-fermentativa. A fermenta\u00e7\u00e3o ocorre em lagar e cuba de inox com controlo de temperatura. Est\u00e1gio: Conclu\u00edda a fermenta\u00e7\u00e3o malol\u00e1ctica, o vinho estagiou durante 18 meses em barricas novas de carvalho franc\u00eas e de segundo ano de carvalho franc\u00eas e americano. Ap\u00f3s o engarrafamento, repousou em garrafa na nossa cave durante 20 meses. Para preservar todas as suas qualidades, n\u00e3o foi estabilizado, podendo naturalmente criar dep\u00f3sito.<\/p>","protected":false},"featured_media":19506,"template":"","meta":{"_exactmetrics_skip_tracking":false,"_exactmetrics_sitenote_active":false,"_exactmetrics_sitenote_note":"","_exactmetrics_sitenote_category":0,"_uf_show_specific_survey":0,"_uf_disable_surveys":false,"iawp_total_views":3},"product_brand":[],"product_cat":[157,184,207],"product_tag":[],"class_list":{"0":"post-19504","1":"product","2":"type-product","3":"status-publish","4":"has-post-thumbnail","6":"product_cat-vinhos","7":"product_cat-tinto","8":"product_cat-alentejo","10":"first","11":"instock","12":"shipping-taxable","13":"purchasable","14":"product-type-simple"},"_links":{"self":[{"href":"https:\/\/garrafeiragrandeescolha.pt\/de\/wp-json\/wp\/v2\/product\/19504","targetHints":{"allow":["GET"]}}],"collection":[{"href":"https:\/\/garrafeiragrandeescolha.pt\/de\/wp-json\/wp\/v2\/product"}],"about":[{"href":"https:\/\/garrafeiragrandeescolha.pt\/de\/wp-json\/wp\/v2\/types\/product"}],"wp:featuredmedia":[{"embeddable":true,"href":"https:\/\/garrafeiragrandeescolha.pt\/de\/wp-json\/wp\/v2\/media\/19506"}],"wp:attachment":[{"href":"https:\/\/garrafeiragrandeescolha.pt\/de\/wp-json\/wp\/v2\/media?parent=19504"}],"wp:term":[{"taxonomy":"product_brand","embeddable":true,"href":"https:\/\/garrafeiragrandeescolha.pt\/de\/wp-json\/wp\/v2\/product_brand?post=19504"},{"taxonomy":"product_cat","embeddable":true,"href":"https:\/\/garrafeiragrandeescolha.pt\/de\/wp-json\/wp\/v2\/product_cat?post=19504"},{"taxonomy":"product_tag","embeddable":true,"href":"https:\/\/garrafeiragrandeescolha.pt\/de\/wp-json\/wp\/v2\/product_tag?post=19504"}],"curies":[{"name":"wp","href":"https:\/\/api.w.org\/{rel}","templated":true}]}}