{"id":19567,"date":"2024-12-05T19:02:27","date_gmt":"2024-12-05T19:02:27","guid":{"rendered":"https:\/\/garrafeiragrandeescolha.pt\/?post_type=product&#038;p=19567"},"modified":"2025-10-07T11:23:57","modified_gmt":"2025-10-07T11:23:57","slug":"justinos-malvasia-20-anos-50cl-com-cofret","status":"publish","type":"product","link":"https:\/\/garrafeiragrandeescolha.pt\/de\/produkt\/justinos-malvasia-20-anos-50cl-com-cofret\/","title":{"rendered":"Justino&#8217;s Malvasia 20 anos 50cl com Cofret"},"content":{"rendered":"<p><img fetchpriority=\"high\" decoding=\"async\" class=\"wp-image-17078 size-medium aligncenter\" src=\"http:\/\/garrafeiragrandeescolha.pt\/wp-content\/uploads\/2023\/01\/justinos-logo-300x300.png\" alt=\"\" width=\"300\" height=\"300\" srcset=\"https:\/\/garrafeiragrandeescolha.pt\/wp-content\/uploads\/2023\/01\/justinos-logo-300x300.png 300w, https:\/\/garrafeiragrandeescolha.pt\/wp-content\/uploads\/2023\/01\/justinos-logo-150x150.png 150w, https:\/\/garrafeiragrandeescolha.pt\/wp-content\/uploads\/2023\/01\/justinos-logo-768x768.png 768w, https:\/\/garrafeiragrandeescolha.pt\/wp-content\/uploads\/2023\/01\/justinos-logo-12x12.png 12w, https:\/\/garrafeiragrandeescolha.pt\/wp-content\/uploads\/2023\/01\/justinos-logo-600x600.png 600w, https:\/\/garrafeiragrandeescolha.pt\/wp-content\/uploads\/2023\/01\/justinos-logo-100x100.png 100w, https:\/\/garrafeiragrandeescolha.pt\/wp-content\/uploads\/2023\/01\/justinos-logo.png 961w\" sizes=\"(max-width: 300px) 100vw, 300px\" \/><\/p>\n<p>A Justino\u2019s Madeira Wines, S.A. \u00e9 uma das mais antigas empresas produtoras e exportadoras de vinho da Madeira.<br \/>\nO saber fazer adquirido na arte do blend, o respeito pelas t\u00e9cnicas tradicionais de vinifica\u00e7\u00e3o e a constante procura na inova\u00e7\u00e3o t\u00eam sido as caracter\u00edsticas que marcam o nosso sucesso e o nosso crescimento.<br \/>\nSomos hoje j\u00e1, uma empresa de cariz internacional reconhecida pela sua excel\u00eancia e focada na apresenta\u00e7\u00e3o de produtos premium aos nossos clientes, sem perder de vista a hist\u00f3ria, tradi\u00e7\u00e3o e autenticidade que sempre caracterizaram os nossos vinhos.<br \/>\nA nossa miss\u00e3o \u00e9 \u201cFazer uma s\u00f3 coisa, mas faz\u00ea-la bem\u201d.<br \/>\nA nossa motiva\u00e7\u00e3o nasce suportada nos nossos valores, na nossa profunda liga\u00e7\u00e3o \u00e0 comunidade e \u00e0 tradi\u00e7\u00e3o, trazendo-lhe din\u00e2mica e inova\u00e7\u00e3o, de forma a produzirmos vinhos capazes de oferecer experi\u00eancias e sensa\u00e7\u00f5es \u00fanicas que marquem as pessoas que com ele contactam, em cada um dos momentos da sua vida.<br \/>\nEm cada c\u00e1lice de vinho trazemos centenas de anos de sabedoria ancestral, de saber fazer por gera\u00e7\u00f5es passadas, de hist\u00f3rias e viv\u00eancias de pessoas, fam\u00edlias e dificuldades humanas nesta P\u00e9rola do Atl\u00e2ntico, reconhecidamente embelezada pela dura, mas bel\u00edssima paisagem, que \u00e9 ainda o seu mais marcante ex-l\u00edbris.<br \/>\nTentamos em cada novo vinho, capturar, e levar ao cliente, a alma e o cora\u00e7\u00e3o de cada uma destas pessoas, em vinhos \u00fanicos, que traduzem os diferentes terroir de nossa ilha.<br \/>\nAssim, perseguiremos a nossa vis\u00e3o de continuarmos a ser os l\u00edderes na comercializa\u00e7\u00e3o de vinho da Madeira aumentando, cada vez mais, a preponder\u00e2ncia no sector premium. A compet\u00eancia, a excel\u00eancia e a autenticidade s\u00e3o valores que pautam a nossa atua\u00e7\u00e3o, e \u00e9 isso que pretendemos levar aos 4 cantos do mundo.\u200b<\/p>","protected":false},"excerpt":{"rendered":"<p>O Vinho Justino&#8217;s Madeira 20 Anos \u00e9 uma verdadeira joia comemorativa dos 600 anos da Ilha da Madeira, tendo sido produzidos apenas 600 garrafas. Este vinho oferece uma experi\u00eancia sensorial \u00fanica, com uma combina\u00e7\u00e3o equilibrada de do\u00e7ura, acidez vibrante e complexidade de sabores.<br \/>\nApresenta sabores complexos com um elegante e refinado aroma. \u00c9 um vinho com grande concentra\u00e7\u00e3o e do\u00e7ura equilibradas pela acidez vibrante.<\/p>","protected":false},"featured_media":19568,"template":"","meta":{"_exactmetrics_skip_tracking":false,"_exactmetrics_sitenote_active":false,"_exactmetrics_sitenote_note":"","_exactmetrics_sitenote_category":0,"_uf_show_specific_survey":0,"_uf_disable_surveys":false,"iawp_total_views":11},"product_brand":[],"product_cat":[258,216,159,169],"product_tag":[],"class_list":{"0":"post-19567","1":"product","2":"type-product","3":"status-publish","4":"has-post-thumbnail","6":"product_cat-conjuntos-de-oferta","7":"product_cat-conjuntos","8":"product_cat-portos","9":"product_cat-madeira","11":"first","12":"instock","13":"shipping-taxable","14":"purchasable","15":"product-type-simple"},"_links":{"self":[{"href":"https:\/\/garrafeiragrandeescolha.pt\/de\/wp-json\/wp\/v2\/product\/19567","targetHints":{"allow":["GET"]}}],"collection":[{"href":"https:\/\/garrafeiragrandeescolha.pt\/de\/wp-json\/wp\/v2\/product"}],"about":[{"href":"https:\/\/garrafeiragrandeescolha.pt\/de\/wp-json\/wp\/v2\/types\/product"}],"wp:featuredmedia":[{"embeddable":true,"href":"https:\/\/garrafeiragrandeescolha.pt\/de\/wp-json\/wp\/v2\/media\/19568"}],"wp:attachment":[{"href":"https:\/\/garrafeiragrandeescolha.pt\/de\/wp-json\/wp\/v2\/media?parent=19567"}],"wp:term":[{"taxonomy":"product_brand","embeddable":true,"href":"https:\/\/garrafeiragrandeescolha.pt\/de\/wp-json\/wp\/v2\/product_brand?post=19567"},{"taxonomy":"product_cat","embeddable":true,"href":"https:\/\/garrafeiragrandeescolha.pt\/de\/wp-json\/wp\/v2\/product_cat?post=19567"},{"taxonomy":"product_tag","embeddable":true,"href":"https:\/\/garrafeiragrandeescolha.pt\/de\/wp-json\/wp\/v2\/product_tag?post=19567"}],"curies":[{"name":"wp","href":"https:\/\/api.w.org\/{rel}","templated":true}]}}