{"id":19900,"date":"2025-05-10T10:58:08","date_gmt":"2025-05-10T10:58:08","guid":{"rendered":"https:\/\/garrafeiragrandeescolha.pt\/?post_type=product&#038;p=19900"},"modified":"2025-05-10T11:24:48","modified_gmt":"2025-05-10T11:24:48","slug":"quinta-da-raza-avesso-alvarinho-branco-75cl","status":"publish","type":"product","link":"https:\/\/garrafeiragrandeescolha.pt\/de\/produkt\/quinta-da-raza-avesso-alvarinho-branco-75cl\/","title":{"rendered":"Quinta da Raza Alvarinho Branco 75cl"},"content":{"rendered":"<p><img decoding=\"async\" class=\"size-medium wp-image-19887 aligncenter\" src=\"http:\/\/garrafeiragrandeescolha.pt\/wp-content\/uploads\/2025\/05\/raza-300x110.png\" alt=\"\" width=\"300\" height=\"110\" srcset=\"https:\/\/garrafeiragrandeescolha.pt\/wp-content\/uploads\/2025\/05\/raza-300x110.png 300w, https:\/\/garrafeiragrandeescolha.pt\/wp-content\/uploads\/2025\/05\/raza-18x7.png 18w, https:\/\/garrafeiragrandeescolha.pt\/wp-content\/uploads\/2025\/05\/raza.png 371w\" sizes=\"(max-width: 300px) 100vw, 300px\" \/><\/p>\n<p>A Quinta da Raza atravessou quatro s\u00e9culos at\u00e9 aos nossos dias, sempre na fam\u00edlia Teixeira Coelho, estando agora nas m\u00e3os de Diogo Teixeira Coelho, a 5\u00aa gera\u00e7\u00e3o. O entusiasmo e dedica\u00e7\u00e3o pela vinha e pelo vinho t\u00eam fermentado paix\u00e3o e entusiasmo ao longo do tempo.<\/p>","protected":false},"excerpt":{"rendered":"<p><span class=\"NormalTextRun SCXW17233228 BCX0\">Quinta da Raza Alvarinho \u00e9 um Vinho Verde fermentado em inox ap\u00f3s uma macera\u00e7\u00e3o pr\u00e9-fermentativa.\u00a0<\/span><span class=\"NormalTextRun SCXW17233228 BCX0\">seguida de quatro meses de\u00a0<\/span><span class=\"NormalTextRun SpellingErrorV2Themed SCXW17233228 BCX0\">b\u00e2tonnage<\/span><span class=\"NormalTextRun SCXW17233228 BCX0\">. Este vinho apresenta aromas de frutos maduros e flores brancas, culminando num sabor harmonioso e persistente.<\/span><span class=\"NormalTextRun SCXW17233228 BCX0\">\u00a0Adequado a veganos.<\/span><\/p>\n<div class=\"elementor-element elementor-element-b721077 e-con-full e-flex e-con e-child\" data-id=\"b721077\" data-element_type=\"container\">\n<div class=\"elementor-element elementor-element-7b94a5a elementor-widget elementor-widget-text-editor\" data-id=\"7b94a5a\" data-element_type=\"widget\" data-widget_type=\"text-editor.default\">Vinho monovarietal elegante, de cor citrina e com fragr\u00e2ncia frutada e floral. Apresenta um final de boca harmonioso e persistente, com textura e maturidade.<\/div>\n<\/div>\n<div class=\"elementor-element elementor-element-754a5ea e-con-full e-flex e-con e-child\" data-id=\"754a5ea\" data-element_type=\"container\">\n<div class=\"elementor-element elementor-element-7d45010 elementor-widget elementor-widget-text-editor\" data-id=\"7d45010\" data-element_type=\"widget\" data-widget_type=\"text-editor.default\">\u00c9 um vinho ideal para acompanhar pratos leves, peixe, sushi, marisco, carnes brancas e queijos.<\/div>\n<div data-id=\"7d45010\" data-element_type=\"widget\" data-widget_type=\"text-editor.default\"><\/div>\n<\/div>","protected":false},"featured_media":19902,"template":"","meta":{"_exactmetrics_skip_tracking":false,"_exactmetrics_sitenote_active":false,"_exactmetrics_sitenote_note":"","_exactmetrics_sitenote_category":0,"_uf_show_specific_survey":0,"_uf_disable_surveys":false,"iawp_total_views":32},"product_brand":[],"product_cat":[185,157,206],"product_tag":[],"class_list":{"0":"post-19900","1":"product","2":"type-product","3":"status-publish","4":"has-post-thumbnail","6":"product_cat-branco","7":"product_cat-vinhos","8":"product_cat-vinhos-verdes","10":"first","11":"instock","12":"shipping-taxable","13":"purchasable","14":"product-type-simple"},"_links":{"self":[{"href":"https:\/\/garrafeiragrandeescolha.pt\/de\/wp-json\/wp\/v2\/product\/19900","targetHints":{"allow":["GET"]}}],"collection":[{"href":"https:\/\/garrafeiragrandeescolha.pt\/de\/wp-json\/wp\/v2\/product"}],"about":[{"href":"https:\/\/garrafeiragrandeescolha.pt\/de\/wp-json\/wp\/v2\/types\/product"}],"wp:featuredmedia":[{"embeddable":true,"href":"https:\/\/garrafeiragrandeescolha.pt\/de\/wp-json\/wp\/v2\/media\/19902"}],"wp:attachment":[{"href":"https:\/\/garrafeiragrandeescolha.pt\/de\/wp-json\/wp\/v2\/media?parent=19900"}],"wp:term":[{"taxonomy":"product_brand","embeddable":true,"href":"https:\/\/garrafeiragrandeescolha.pt\/de\/wp-json\/wp\/v2\/product_brand?post=19900"},{"taxonomy":"product_cat","embeddable":true,"href":"https:\/\/garrafeiragrandeescolha.pt\/de\/wp-json\/wp\/v2\/product_cat?post=19900"},{"taxonomy":"product_tag","embeddable":true,"href":"https:\/\/garrafeiragrandeescolha.pt\/de\/wp-json\/wp\/v2\/product_tag?post=19900"}],"curies":[{"name":"wp","href":"https:\/\/api.w.org\/{rel}","templated":true}]}}