{"id":19915,"date":"2025-05-16T18:40:06","date_gmt":"2025-05-16T18:40:06","guid":{"rendered":"https:\/\/garrafeiragrandeescolha.pt\/?post_type=product&#038;p=19915"},"modified":"2025-05-17T08:44:44","modified_gmt":"2025-05-17T08:44:44","slug":"gin-opivm-strawberry-70cl","status":"publish","type":"product","link":"https:\/\/garrafeiragrandeescolha.pt\/de\/produkt\/gin-opivm-strawberry-70cl\/","title":{"rendered":"Gin Opivm Strawberry 70cl"},"content":{"rendered":"","protected":false},"excerpt":{"rendered":"<p>Herkunft Portugal<\/p>\n<p>Experimente a deliciosa explos\u00e3o de sabor do Gin Opivm Strawberry! Feito com morangos frescos e ingredientes premium, este gin ir\u00e1 transformar suas bebidas em uma verdadeira experi\u00eancia gourmet. N\u00e3o perca a chance de adicionar essa maravilha \u00e0 sua cole\u00e7\u00e3o de bebidas! Compre agora e desfrute do luxo e sofistica\u00e7\u00e3o que s\u00f3 o Gin Opivm pode oferecer. Cheers!<\/p>","protected":false},"featured_media":19917,"template":"","meta":{"_exactmetrics_skip_tracking":false,"_exactmetrics_sitenote_active":false,"_exactmetrics_sitenote_note":"","_exactmetrics_sitenote_category":0,"_uf_show_specific_survey":0,"_uf_disable_surveys":false,"iawp_total_views":10},"product_brand":[],"product_cat":[158,183],"product_tag":[],"class_list":{"0":"post-19915","1":"product","2":"type-product","3":"status-publish","4":"has-post-thumbnail","6":"product_cat-espirituosos","7":"product_cat-gin","9":"first","10":"instock","11":"shipping-taxable","12":"purchasable","13":"product-type-simple"},"_links":{"self":[{"href":"https:\/\/garrafeiragrandeescolha.pt\/de\/wp-json\/wp\/v2\/product\/19915","targetHints":{"allow":["GET"]}}],"collection":[{"href":"https:\/\/garrafeiragrandeescolha.pt\/de\/wp-json\/wp\/v2\/product"}],"about":[{"href":"https:\/\/garrafeiragrandeescolha.pt\/de\/wp-json\/wp\/v2\/types\/product"}],"wp:featuredmedia":[{"embeddable":true,"href":"https:\/\/garrafeiragrandeescolha.pt\/de\/wp-json\/wp\/v2\/media\/19917"}],"wp:attachment":[{"href":"https:\/\/garrafeiragrandeescolha.pt\/de\/wp-json\/wp\/v2\/media?parent=19915"}],"wp:term":[{"taxonomy":"product_brand","embeddable":true,"href":"https:\/\/garrafeiragrandeescolha.pt\/de\/wp-json\/wp\/v2\/product_brand?post=19915"},{"taxonomy":"product_cat","embeddable":true,"href":"https:\/\/garrafeiragrandeescolha.pt\/de\/wp-json\/wp\/v2\/product_cat?post=19915"},{"taxonomy":"product_tag","embeddable":true,"href":"https:\/\/garrafeiragrandeescolha.pt\/de\/wp-json\/wp\/v2\/product_tag?post=19915"}],"curies":[{"name":"wp","href":"https:\/\/api.w.org\/{rel}","templated":true}]}}