{"id":19918,"date":"2025-05-17T08:45:25","date_gmt":"2025-05-17T08:45:25","guid":{"rendered":"https:\/\/garrafeiragrandeescolha.pt\/?post_type=product&#038;p=19918"},"modified":"2025-05-17T08:48:04","modified_gmt":"2025-05-17T08:48:04","slug":"provezaide-tinto-2019-75cl","status":"publish","type":"product","link":"https:\/\/garrafeiragrandeescolha.pt\/de\/produkt\/provezaide-tinto-2019-75cl\/","title":{"rendered":"Provezaide Tinto 2019 75cl"},"content":{"rendered":"","protected":false},"excerpt":{"rendered":"<p>Castas: Tinta Roriz, Touriga Franca, Touriga Nacional<\/p>\n<p>Prove Zaide &#8211; Pobre Zaide, o grito pungente do rei mouro Zaide as m\u00e3os dos conquistadores crist\u00e3os. A lenda e os povos deram assim o nome ao planalto de Provezende, no Cima Corgo do Douro Vinhateiro. a experi\u00eancia da viticultura de C\u00e2ndido Tojal juntou-se o saber da vinicultura do en\u00f3logo Pedro Sequeira &#8211; juntos fizeram renascer a lenda e o vinho de Provezaide. Foram cheias 2000 garrafas de 0.75L em Agosto de 2020.<\/p>\n<p>&nbsp;<\/p>","protected":false},"featured_media":19919,"template":"","meta":{"_exactmetrics_skip_tracking":false,"_exactmetrics_sitenote_active":false,"_exactmetrics_sitenote_note":"","_exactmetrics_sitenote_category":0,"_uf_show_specific_survey":0,"_uf_disable_surveys":false,"iawp_total_views":35},"product_brand":[],"product_cat":[215,184,157],"product_tag":[],"class_list":{"0":"post-19918","1":"product","2":"type-product","3":"status-publish","4":"has-post-thumbnail","6":"product_cat-douro","7":"product_cat-tinto","8":"product_cat-vinhos","10":"first","11":"instock","12":"shipping-taxable","13":"purchasable","14":"product-type-simple"},"_links":{"self":[{"href":"https:\/\/garrafeiragrandeescolha.pt\/de\/wp-json\/wp\/v2\/product\/19918","targetHints":{"allow":["GET"]}}],"collection":[{"href":"https:\/\/garrafeiragrandeescolha.pt\/de\/wp-json\/wp\/v2\/product"}],"about":[{"href":"https:\/\/garrafeiragrandeescolha.pt\/de\/wp-json\/wp\/v2\/types\/product"}],"wp:featuredmedia":[{"embeddable":true,"href":"https:\/\/garrafeiragrandeescolha.pt\/de\/wp-json\/wp\/v2\/media\/19919"}],"wp:attachment":[{"href":"https:\/\/garrafeiragrandeescolha.pt\/de\/wp-json\/wp\/v2\/media?parent=19918"}],"wp:term":[{"taxonomy":"product_brand","embeddable":true,"href":"https:\/\/garrafeiragrandeescolha.pt\/de\/wp-json\/wp\/v2\/product_brand?post=19918"},{"taxonomy":"product_cat","embeddable":true,"href":"https:\/\/garrafeiragrandeescolha.pt\/de\/wp-json\/wp\/v2\/product_cat?post=19918"},{"taxonomy":"product_tag","embeddable":true,"href":"https:\/\/garrafeiragrandeescolha.pt\/de\/wp-json\/wp\/v2\/product_tag?post=19918"}],"curies":[{"name":"wp","href":"https:\/\/api.w.org\/{rel}","templated":true}]}}