{"id":20378,"date":"2025-10-29T12:35:07","date_gmt":"2025-10-29T12:35:07","guid":{"rendered":"https:\/\/garrafeiragrandeescolha.pt\/?post_type=product&#038;p=20378"},"modified":"2025-10-29T15:59:58","modified_gmt":"2025-10-29T15:59:58","slug":"whisky-nobushi-single-grain-43-70cl","status":"publish","type":"product","link":"https:\/\/garrafeiragrandeescolha.pt\/de\/produkt\/whisky-nobushi-single-grain-43-70cl\/","title":{"rendered":"Whisky Nobushi Single Grain 43% 70cl"},"content":{"rendered":"<p><img decoding=\"async\" class=\"size-medium wp-image-15701 aligncenter\" src=\"http:\/\/garrafeiragrandeescolha.pt\/wp-content\/uploads\/2022\/03\/NOBUSHI_LOGO_2-300x67.jpg\" alt=\"\" width=\"300\" height=\"67\" srcset=\"https:\/\/garrafeiragrandeescolha.pt\/wp-content\/uploads\/2022\/03\/NOBUSHI_LOGO_2-300x67.jpg 300w, https:\/\/garrafeiragrandeescolha.pt\/wp-content\/uploads\/2022\/03\/NOBUSHI_LOGO_2-1024x228.jpg 1024w, https:\/\/garrafeiragrandeescolha.pt\/wp-content\/uploads\/2022\/03\/NOBUSHI_LOGO_2-768x171.jpg 768w, https:\/\/garrafeiragrandeescolha.pt\/wp-content\/uploads\/2022\/03\/NOBUSHI_LOGO_2-1536x342.jpg 1536w, https:\/\/garrafeiragrandeescolha.pt\/wp-content\/uploads\/2022\/03\/NOBUSHI_LOGO_2-18x4.jpg 18w, https:\/\/garrafeiragrandeescolha.pt\/wp-content\/uploads\/2022\/03\/NOBUSHI_LOGO_2-600x133.jpg 600w, https:\/\/garrafeiragrandeescolha.pt\/wp-content\/uploads\/2022\/03\/NOBUSHI_LOGO_2.jpg 1938w\" sizes=\"(max-width: 300px) 100vw, 300px\" \/><\/p>\n<p>&nbsp;<\/p>\n<p>O esp\u00edrito Nobushi, chamado de &#8220;O Esp\u00edrito de Honra&#8221;, \u00e9 baseado em liderar e venerar uma vida disciplinada baseada em valores, a aus\u00eancia de medo e um respeito profundo por si mesmo, pelos outros e o espa\u00e7o que nos rodeia.<\/p>\n<p>Estes guerreiros emblem\u00e1ticos conseguiam promulgar a sua filosofia com honra e at\u00e9 influenciar a modernidade muito depois do fim da sua era.<\/p>","protected":false},"excerpt":{"rendered":"<p>Um single grain whisky japon\u00eas. Nobushi \u00e9 um blend de whiskies de gr\u00e3o de diferentes destilarias, envelhecidos em cascos de carvalho americano. \u00c9 um whisky leve e floral, com notas de caramelo, baunilha, especiarias e um toque de flores de cerejeira, oferecendo uma experi\u00eancia de sabor suave e delicada.<\/p>","protected":false},"featured_media":20380,"template":"","meta":{"_exactmetrics_skip_tracking":false,"_exactmetrics_sitenote_active":false,"_exactmetrics_sitenote_note":"","_exactmetrics_sitenote_category":0,"_uf_show_specific_survey":0,"_uf_disable_surveys":false,"iawp_total_views":1},"product_brand":[],"product_cat":[158,179],"product_tag":[],"class_list":{"0":"post-20378","1":"product","2":"type-product","3":"status-publish","4":"has-post-thumbnail","6":"product_cat-espirituosos","7":"product_cat-whisky","9":"first","10":"instock","11":"shipping-taxable","12":"purchasable","13":"product-type-simple"},"_links":{"self":[{"href":"https:\/\/garrafeiragrandeescolha.pt\/de\/wp-json\/wp\/v2\/product\/20378","targetHints":{"allow":["GET"]}}],"collection":[{"href":"https:\/\/garrafeiragrandeescolha.pt\/de\/wp-json\/wp\/v2\/product"}],"about":[{"href":"https:\/\/garrafeiragrandeescolha.pt\/de\/wp-json\/wp\/v2\/types\/product"}],"wp:featuredmedia":[{"embeddable":true,"href":"https:\/\/garrafeiragrandeescolha.pt\/de\/wp-json\/wp\/v2\/media\/20380"}],"wp:attachment":[{"href":"https:\/\/garrafeiragrandeescolha.pt\/de\/wp-json\/wp\/v2\/media?parent=20378"}],"wp:term":[{"taxonomy":"product_brand","embeddable":true,"href":"https:\/\/garrafeiragrandeescolha.pt\/de\/wp-json\/wp\/v2\/product_brand?post=20378"},{"taxonomy":"product_cat","embeddable":true,"href":"https:\/\/garrafeiragrandeescolha.pt\/de\/wp-json\/wp\/v2\/product_cat?post=20378"},{"taxonomy":"product_tag","embeddable":true,"href":"https:\/\/garrafeiragrandeescolha.pt\/de\/wp-json\/wp\/v2\/product_tag?post=20378"}],"curies":[{"name":"wp","href":"https:\/\/api.w.org\/{rel}","templated":true}]}}