{"id":20560,"date":"2025-11-06T10:54:42","date_gmt":"2025-11-06T10:54:42","guid":{"rendered":"https:\/\/garrafeiragrandeescolha.pt\/?post_type=product&#038;p=20560"},"modified":"2026-03-28T12:47:46","modified_gmt":"2026-03-28T12:47:46","slug":"alto-da-capela-tinto-75cl","status":"publish","type":"product","link":"https:\/\/garrafeiragrandeescolha.pt\/de\/produkt\/alto-da-capela-tinto-75cl\/","title":{"rendered":"Alto da Capela Tinto 2023 75cl"},"content":{"rendered":"<h2>Terrenus Veritae<\/h2>\n<p>A Terrenus Veritae \u00e9 uma empresa constitu\u00edda em 2009, cuja principal actividade desenvolvida at\u00e9 ao presente, se traduz pela produ\u00e7\u00e3o e comercializa\u00e7\u00e3o de vinhos. Tem a sua sede localizada em Alegrete, uma freguesia rural do Concelho de Portalegre \u2013 Alto Alentejo\/Portugal.<br \/>\nEm Setembro de 2008 realizou a primeira colheita de uvas numa vinha situada em Besteiros, freguesia de Alegrete dentro do Parque Natural da Serra de S. Mamde. \u00c9 uma vinha madura e as suas cepas, adultas e em plena produ\u00e7\u00e3o, est\u00e3o plantadas a uma altitude que varia entre os 500m e os 550m em terreno xistoso.<\/p>","protected":false},"excerpt":{"rendered":"<p>Este vinho apresenta uma cor rubi e um aroma de fruta vermelha com nuances de car\u00e1cter vegetal aliadas a notas de especiarias. Na boca, \u00e9 um vinho equilibrado, com taninos educados, demonstrando um conjunto fresco e suave.<\/p>","protected":false},"featured_media":20561,"template":"","meta":{"_exactmetrics_skip_tracking":false,"_exactmetrics_sitenote_active":false,"_exactmetrics_sitenote_note":"","_exactmetrics_sitenote_category":0,"_uf_show_specific_survey":0,"_uf_disable_surveys":false,"iawp_total_views":9},"product_brand":[],"product_cat":[207,184,157],"product_tag":[],"class_list":{"0":"post-20560","1":"product","2":"type-product","3":"status-publish","4":"has-post-thumbnail","6":"product_cat-alentejo","7":"product_cat-tinto","8":"product_cat-vinhos","10":"first","11":"instock","12":"shipping-taxable","13":"purchasable","14":"product-type-simple"},"_links":{"self":[{"href":"https:\/\/garrafeiragrandeescolha.pt\/de\/wp-json\/wp\/v2\/product\/20560","targetHints":{"allow":["GET"]}}],"collection":[{"href":"https:\/\/garrafeiragrandeescolha.pt\/de\/wp-json\/wp\/v2\/product"}],"about":[{"href":"https:\/\/garrafeiragrandeescolha.pt\/de\/wp-json\/wp\/v2\/types\/product"}],"wp:featuredmedia":[{"embeddable":true,"href":"https:\/\/garrafeiragrandeescolha.pt\/de\/wp-json\/wp\/v2\/media\/20561"}],"wp:attachment":[{"href":"https:\/\/garrafeiragrandeescolha.pt\/de\/wp-json\/wp\/v2\/media?parent=20560"}],"wp:term":[{"taxonomy":"product_brand","embeddable":true,"href":"https:\/\/garrafeiragrandeescolha.pt\/de\/wp-json\/wp\/v2\/product_brand?post=20560"},{"taxonomy":"product_cat","embeddable":true,"href":"https:\/\/garrafeiragrandeescolha.pt\/de\/wp-json\/wp\/v2\/product_cat?post=20560"},{"taxonomy":"product_tag","embeddable":true,"href":"https:\/\/garrafeiragrandeescolha.pt\/de\/wp-json\/wp\/v2\/product_tag?post=20560"}],"curies":[{"name":"wp","href":"https:\/\/api.w.org\/{rel}","templated":true}]}}