{"id":20597,"date":"2025-11-06T15:49:07","date_gmt":"2025-11-06T15:49:07","guid":{"rendered":"https:\/\/garrafeiragrandeescolha.pt\/?post_type=product&#038;p=20597"},"modified":"2025-11-06T15:49:07","modified_gmt":"2025-11-06T15:49:07","slug":"whisky-the-matsui-single-malt-sakura-cask-70cl","status":"publish","type":"product","link":"https:\/\/garrafeiragrandeescolha.pt\/de\/produkt\/whisky-the-matsui-single-malt-sakura-cask-70cl\/","title":{"rendered":"Whisky The Matsui Single Malt Sakura Cask 70cl"},"content":{"rendered":"<p><img decoding=\"async\" class=\"aligncenter\" src=\"https:\/\/minuman.com\/cdn\/shop\/collections\/MATSUI_WHISKY.jpg?v=1688710156\" alt=\"Matsui Whisky - Buy Wine &amp; Spirits Online\" width=\"203\" height=\"203\" \/><\/p>\n<p>Kurayoshi, no sop\u00e9 do Monte Daisen, possui uma \u00e1gua fina, indispens\u00e1vel para a destila\u00e7\u00e3o de u\u00edsque. Kurayoshi, cujo nome significa &#8220;A vida \u00e9 boa&#8221;, \u00e9 a origem da palavra, mas a amplitude t\u00e9rmica anual no lado do Mar do Jap\u00e3o \u00e9 grande, e o envelhecimento do u\u00edsque tamb\u00e9m ocorre rapidamente em compara\u00e7\u00e3o com situa\u00e7\u00f5es como na Ilha de Islay.<br \/>\nN\u00e3o \u00e9 exagero dizer que o u\u00edsque \u00e9 feito pelo barril e pela natureza. Nossa destilaria n\u00e3o \u00e9 grande, temos uma equipe pequena, no entanto, continuaremos nos esfor\u00e7ando com todos os funcion\u00e1rios, com o desejo de entregar o melhor u\u00edsque.<\/p>","protected":false},"excerpt":{"rendered":"<p>&#8220;Beleza no Jardim das Cerejeiras em Flor&#8221;, de Kikukawa Eizan.<br \/>\nO artista Kikukawa Eizan retratou mulheres japonesas fortes e graciosas em sua obra-prima ukiyo-e, que acreditamos ter sido uma \u00f3tima escolha para o barril de sakura, que tamb\u00e9m possui um sabor marcante e um aroma adocicado.<\/p>","protected":false},"featured_media":20598,"template":"","meta":{"_exactmetrics_skip_tracking":false,"_exactmetrics_sitenote_active":false,"_exactmetrics_sitenote_note":"","_exactmetrics_sitenote_category":0,"_uf_show_specific_survey":0,"_uf_disable_surveys":false,"iawp_total_views":3},"product_brand":[],"product_cat":[158,179],"product_tag":[],"class_list":{"0":"post-20597","1":"product","2":"type-product","3":"status-publish","4":"has-post-thumbnail","6":"product_cat-espirituosos","7":"product_cat-whisky","9":"first","10":"instock","11":"shipping-taxable","12":"purchasable","13":"product-type-simple"},"_links":{"self":[{"href":"https:\/\/garrafeiragrandeescolha.pt\/de\/wp-json\/wp\/v2\/product\/20597","targetHints":{"allow":["GET"]}}],"collection":[{"href":"https:\/\/garrafeiragrandeescolha.pt\/de\/wp-json\/wp\/v2\/product"}],"about":[{"href":"https:\/\/garrafeiragrandeescolha.pt\/de\/wp-json\/wp\/v2\/types\/product"}],"wp:featuredmedia":[{"embeddable":true,"href":"https:\/\/garrafeiragrandeescolha.pt\/de\/wp-json\/wp\/v2\/media\/20598"}],"wp:attachment":[{"href":"https:\/\/garrafeiragrandeescolha.pt\/de\/wp-json\/wp\/v2\/media?parent=20597"}],"wp:term":[{"taxonomy":"product_brand","embeddable":true,"href":"https:\/\/garrafeiragrandeescolha.pt\/de\/wp-json\/wp\/v2\/product_brand?post=20597"},{"taxonomy":"product_cat","embeddable":true,"href":"https:\/\/garrafeiragrandeescolha.pt\/de\/wp-json\/wp\/v2\/product_cat?post=20597"},{"taxonomy":"product_tag","embeddable":true,"href":"https:\/\/garrafeiragrandeescolha.pt\/de\/wp-json\/wp\/v2\/product_tag?post=20597"}],"curies":[{"name":"wp","href":"https:\/\/api.w.org\/{rel}","templated":true}]}}