{"id":20699,"date":"2025-11-12T12:20:13","date_gmt":"2025-11-12T12:20:13","guid":{"rendered":"https:\/\/garrafeiragrandeescolha.pt\/?post_type=product&#038;p=20699"},"modified":"2025-11-12T12:20:13","modified_gmt":"2025-11-12T12:20:13","slug":"herdade-do-peru-tinto-75cl","status":"publish","type":"product","link":"https:\/\/garrafeiragrandeescolha.pt\/de\/produkt\/herdade-do-peru-tinto-75cl\/","title":{"rendered":"Herdade do Per\u00fa Tinto 75cl"},"content":{"rendered":"<p><img decoding=\"async\" class=\"aligncenter\" src=\"https:\/\/herdadedoperu.com\/wp-content\/uploads\/2022\/04\/LogoCasaGrande-POR-Neg_2.png\" width=\"234\" height=\"88\" \/><\/p>\n<p>A Casa Grande combina o charme de um palacete r\u00fastico e o encanto das linhas contempor\u00e2neas. Com toques decorativos mais modernos e minimalistas, tamb\u00e9m as Pateo Suites n\u00e3o prescindem de certos apontamentos cl\u00e1ssicos.<\/p>\n<div class=\"elementor-element elementor-element-7e888ab e-flex e-con-boxed gs-locked-section-no e-con e-child\" data-id=\"7e888ab\" data-element_type=\"container\" data-settings=\"{&quot;content_width&quot;:&quot;boxed&quot;}\">\n<div class=\"e-con-inner\">\n<div class=\"elementor-element elementor-element-b849944 elementor-widget elementor-widget-text-editor\" data-id=\"b849944\" data-element_type=\"widget\" data-widget_type=\"text-editor.default\">\n<div class=\"elementor-widget-container\">A Herdade do Per\u00fa, em Azeit\u00e3o, fica a apenas 30 minutos de Lisboa, oferecendo f\u00e1cil acesso aos visitantes que procuram um ref\u00fagio tranquilo na zona rural, sem se afastar muito da cidade. \u00c9 o local ideal para caminhar pela natureza e desfrutar, sem pressa.<\/div>\n<\/div>\n<\/div>\n<\/div>\n<div class=\"elementor-element elementor-element-b70b7c9 e-flex e-con-boxed gs-locked-section-no e-con e-child\" data-id=\"b70b7c9\" data-element_type=\"container\" data-settings=\"{&quot;content_width&quot;:&quot;boxed&quot;}\">\n<div class=\"e-con-inner\">\n<div class=\"elementor-element elementor-element-91b918e elementor-widget elementor-widget-image\" data-id=\"91b918e\" data-element_type=\"widget\" data-widget_type=\"image.default\">Rodeadas pela natureza, a Herdade do Per\u00fa e a Comporta convidam a fazer uma pausa e a apreciar os mais pequenos detalhes, pensados com todo o cuidado, para lhe proporcionar uma estadia com o m\u00e1ximo conforto, requinte e autenticidade.<\/div>\n<\/div>\n<\/div>","protected":false},"excerpt":{"rendered":"<p>\u00d6\u00a0<strong>Herdade do Per\u00fa \u2013 Tinto<\/strong>\u00a0produzido a partir de uvas vindimadas \u00e0 m\u00e3o no m\u00eas de Outubro e est\u00e1gio de 16 meses em barricas de Carvalho Franc\u00eas origina um vinho de cor vermelha densa. No nariz as notas florais e de esteva est\u00e3o bem presentes, no final nota-se a fruta fresca como amoras e mirtilos em perfeita harmonia com as notas de barrica. Na boca muita intensidade com taninos firmes a elevar as notas de fruta vermelha dando muita frescura ao conjunto. Nota-se bem o terroir onde o vinho foi produzido com notas de pinho e bosque, elegante e com boa persist\u00eancia.<\/p>","protected":false},"featured_media":20700,"template":"","meta":{"_exactmetrics_skip_tracking":false,"_exactmetrics_sitenote_active":false,"_exactmetrics_sitenote_note":"","_exactmetrics_sitenote_category":0,"_uf_show_specific_survey":0,"_uf_disable_surveys":false,"iawp_total_views":19},"product_brand":[],"product_cat":[214,184,157],"product_tag":[],"class_list":{"0":"post-20699","1":"product","2":"type-product","3":"status-publish","4":"has-post-thumbnail","6":"product_cat-setubal","7":"product_cat-tinto","8":"product_cat-vinhos","10":"first","11":"instock","12":"shipping-taxable","13":"purchasable","14":"product-type-simple"},"_links":{"self":[{"href":"https:\/\/garrafeiragrandeescolha.pt\/de\/wp-json\/wp\/v2\/product\/20699","targetHints":{"allow":["GET"]}}],"collection":[{"href":"https:\/\/garrafeiragrandeescolha.pt\/de\/wp-json\/wp\/v2\/product"}],"about":[{"href":"https:\/\/garrafeiragrandeescolha.pt\/de\/wp-json\/wp\/v2\/types\/product"}],"wp:featuredmedia":[{"embeddable":true,"href":"https:\/\/garrafeiragrandeescolha.pt\/de\/wp-json\/wp\/v2\/media\/20700"}],"wp:attachment":[{"href":"https:\/\/garrafeiragrandeescolha.pt\/de\/wp-json\/wp\/v2\/media?parent=20699"}],"wp:term":[{"taxonomy":"product_brand","embeddable":true,"href":"https:\/\/garrafeiragrandeescolha.pt\/de\/wp-json\/wp\/v2\/product_brand?post=20699"},{"taxonomy":"product_cat","embeddable":true,"href":"https:\/\/garrafeiragrandeescolha.pt\/de\/wp-json\/wp\/v2\/product_cat?post=20699"},{"taxonomy":"product_tag","embeddable":true,"href":"https:\/\/garrafeiragrandeescolha.pt\/de\/wp-json\/wp\/v2\/product_tag?post=20699"}],"curies":[{"name":"wp","href":"https:\/\/api.w.org\/{rel}","templated":true}]}}