{"id":20749,"date":"2025-11-22T16:22:55","date_gmt":"2025-11-22T16:22:55","guid":{"rendered":"https:\/\/garrafeiragrandeescolha.pt\/?post_type=product&#038;p=20749"},"modified":"2026-02-04T11:53:24","modified_gmt":"2026-02-04T11:53:24","slug":"erupcao-vulcanica-tinto-antonio-macanita-75cl","status":"publish","type":"product","link":"https:\/\/garrafeiragrandeescolha.pt\/de\/produkt\/erupcao-vulcanica-tinto-antonio-macanita-75cl\/","title":{"rendered":"Erup\u00e7\u00e3o Vulc\u00e2nica Tinto Ant\u00f3nio Ma\u00e7anita 75cl"},"content":{"rendered":"<p><img decoding=\"async\" class=\"size-full wp-image-15336 aligncenter\" src=\"http:\/\/garrafeiragrandeescolha.pt\/wp-content\/uploads\/2022\/02\/macanita-logo.png\" alt=\"\" width=\"235\" height=\"100\" \/><\/p>\n<div class=\"col-sm-6 mb-sm-50 mb-xs-30\">\n<p>Unkonformistisch, st\u00f6rend, unbequem, gewagt, unruhig, bezaubernd. Dies sind einige der nicht einvernehmlichen Adjektive, die sowohl Ant\u00f3nio Ma\u00e7anita, Winzer und Berater, als auch die Weine, die er in die H\u00e4nde bekommt, definieren k\u00f6nnen. Ant\u00f3nio Ma\u00e7anita, heute 39 Jahre alt, begann im Jahr 2000 auf den Azoren in der Welt des Weins, doch erst 2004, im Alter von 23 Jahren, stellte er seinen ersten Wein her. Im Laufe seiner 15-j\u00e4hrigen Karriere hat er verlassene Sorten wie Negra Mole an der Algarve und Terrantez do Pico auf den Azoren wiederhergestellt.<br \/>\nWo andere keine Zukunft sehen, sieht Ant\u00f3nio eine Herausforderung. Nehmen Sie das Beispiel des Branco de Tintas-Weins, des ersten in Portugal abgef\u00fcllten Weins, eines Alentejo-Protestweins, der 2008 entwickelt wurde, als die CVRA beschloss, den Kauf wei\u00dfer Trauben au\u00dferhalb der Region zu erlauben. Ein weiteres bemerkenswertes Deb\u00fct, Branco de Talha, im Jahr 2010, auch das erste seiner Art in Portugal, in der Wiederaufnahme einer von den R\u00f6mern geschaffenen Weinbautradition, die in diesem Jahrzehnt eine exponentielle Renaissance erlebte. Allerdings ist die Revolution vielleicht auf den Azoren am sichtbarsten, denn die Trauben der Azoren sind heute die teuersten in Portugal, wo derzeit der Kampf um die Legalisierung der Nutzung aromatischer Weinberge ausgetragen wird, \u201ewundersch\u00f6ne Weinberge, von denen einige \u00fcber 150 Jahre alt sind\u201c. , wie Ma\u00e7anita sie mit sichtbarem Stolz und Begeisterung beschreibt.<\/p>\n<\/div>\n<div class=\"col-sm-6 mb-sm-50 mb-xs-30\">\n<p>Im Jahr 2018 gewann Ant\u00f3nio Ma\u00e7anita sowohl den Titel \u201eWinzer des Jahres\u201c von Revista dos Vinhos als auch den Singularidade Award 2018 des Grandes Escolhas Magazine. Doch seit seinem ersten Wein gewann der Winzer einen Preis: Der Wein PRETA 2004 gewann die Trophy Alentejo bei der International Wine Challenge. Ebenfalls im Jahr 2016 erhielt Ant\u00f3nio Ma\u00e7anita vom Paix\u00e3o do Vinho Magazine die Generation XXI Winemaker Trophy 10 Years 2006-2016. Im selben Jahr erwog Revista Wine die Azores Wine Company. Revelation-Produzent. Im Jahr 2016 gewannen die Azores Wine Company und ihre drei Partner die Auszeichnungen \u201eProjekt des Jahres\u201c und \u201eUnternehmer des Jahres\u201c in der Zeitschrift 100 Maiores Empresas dos A\u00e7ores der Zeitung A\u00e7oriano Oriental \u2013 der \u00e4ltesten Tageszeitung Portugals. Zwei Jahre sp\u00e4ter w\u00e4hlte Revista de Vinhos den Vinha Centen\u00e1ria der Azores Wine Company zu den besten Weinen Portugals 2018. Alle von Ant\u00f3nio Ma\u00e7anita signierten Weine, egal ob aus Alentejo, Douro oder Azoren, erreichen im Robert Parker\u2019s Wine Advocate, der bedeutendsten Weinklassifizierung der Welt, oft mehr als 90 Punkte.<br \/>\nAnt\u00f3nio Ma\u00e7anita produziert Weine in f\u00fcnf verschiedenen Regionen, hat drei eigene Produktionsprojekte ins Leben gerufen, unterst\u00fctzt mit seiner Beratungsfirma 12 Produzenten und bringt j\u00e4hrlich mehr als 50 Signature-Labels auf den Markt.<\/p>\n<\/div>","protected":false},"excerpt":{"rendered":"<p>Erup\u00e7\u00e3o Vulc\u00e2nica junta os melhores vinhos das colheitas de 2020, 2023\u00a0e 2024\u00a0em busca da express\u00e3o dos solos vulc\u00e2nicos do Pico. \u00c9 a nossa Erup\u00e7\u00e3o Vulc\u00e2nica.<\/p>\n<p>Castas: Malvarisco, Bastardo, Rufete, Saborinho, Agron\u00f3mica, Aragon\u00eas, Castel\u00e3o, Touriga Nacional e outras.<\/p>\n<p>Cor ruby aberto, nariz explosivo com notas de fruta vermelha, fumo, mar e algum vegetal. Na boca \u00e9 fresco, texturado com muita salinidade e taninos finos. \u00c9 a nossa Erup\u00e7\u00e3o Vulc\u00e2nica!<\/p>\n<p>Tinto fresco, elegante, especiado e salino. Parceiro ideal de pratos de tacho, carnes gordas e para os mais corajosos, na harmoniza\u00e7\u00e3o cl\u00e1ssica a\u00e7oriana com pratos de peixe complexos como caldeiradas, cataplana ou outros.<\/p>","protected":false},"featured_media":20750,"template":"","meta":{"_exactmetrics_skip_tracking":false,"_exactmetrics_sitenote_active":false,"_exactmetrics_sitenote_note":"","_exactmetrics_sitenote_category":0,"_uf_show_specific_survey":0,"_uf_disable_surveys":false,"iawp_total_views":10},"product_brand":[],"product_cat":[261,157,184],"product_tag":[],"class_list":{"0":"post-20749","1":"product","2":"type-product","3":"status-publish","4":"has-post-thumbnail","6":"product_cat-acores-tinto","7":"product_cat-vinhos","8":"product_cat-tinto","10":"first","11":"instock","12":"shipping-taxable","13":"purchasable","14":"product-type-simple"},"_links":{"self":[{"href":"https:\/\/garrafeiragrandeescolha.pt\/de\/wp-json\/wp\/v2\/product\/20749","targetHints":{"allow":["GET"]}}],"collection":[{"href":"https:\/\/garrafeiragrandeescolha.pt\/de\/wp-json\/wp\/v2\/product"}],"about":[{"href":"https:\/\/garrafeiragrandeescolha.pt\/de\/wp-json\/wp\/v2\/types\/product"}],"wp:featuredmedia":[{"embeddable":true,"href":"https:\/\/garrafeiragrandeescolha.pt\/de\/wp-json\/wp\/v2\/media\/20750"}],"wp:attachment":[{"href":"https:\/\/garrafeiragrandeescolha.pt\/de\/wp-json\/wp\/v2\/media?parent=20749"}],"wp:term":[{"taxonomy":"product_brand","embeddable":true,"href":"https:\/\/garrafeiragrandeescolha.pt\/de\/wp-json\/wp\/v2\/product_brand?post=20749"},{"taxonomy":"product_cat","embeddable":true,"href":"https:\/\/garrafeiragrandeescolha.pt\/de\/wp-json\/wp\/v2\/product_cat?post=20749"},{"taxonomy":"product_tag","embeddable":true,"href":"https:\/\/garrafeiragrandeescolha.pt\/de\/wp-json\/wp\/v2\/product_tag?post=20749"}],"curies":[{"name":"wp","href":"https:\/\/api.w.org\/{rel}","templated":true}]}}