{"id":21247,"date":"2026-02-20T16:33:20","date_gmt":"2026-02-20T16:33:20","guid":{"rendered":"https:\/\/garrafeiragrandeescolha.pt\/?post_type=product&#038;p=21247"},"modified":"2026-02-21T10:28:36","modified_gmt":"2026-02-21T10:28:36","slug":"quinta-dos-aciprestes-grande-reserva-sousao-tinto-75cl","status":"publish","type":"product","link":"https:\/\/garrafeiragrandeescolha.pt\/de\/produkt\/quinta-dos-aciprestes-grande-reserva-sousao-tinto-75cl\/","title":{"rendered":"Quinta dos Aciprestes Grande Reserva Sous\u00e3o Tinto 75cl"},"content":{"rendered":"<p><img fetchpriority=\"high\" decoding=\"async\" class=\"size-full wp-image-15815 aligncenter\" src=\"http:\/\/garrafeiragrandeescolha.pt\/wp-content\/uploads\/2020\/04\/aciprestes-logo.png\" alt=\"\" width=\"210\" height=\"240\" srcset=\"https:\/\/garrafeiragrandeescolha.pt\/wp-content\/uploads\/2020\/04\/aciprestes-logo.png 210w, https:\/\/garrafeiragrandeescolha.pt\/wp-content\/uploads\/2020\/04\/aciprestes-logo-11x12.png 11w\" sizes=\"(max-width: 210px) 100vw, 210px\" \/><\/p>\n<p>Desde o ano de 1860 que a Quinta dos Aciprestes \u00e9 o resultado de uma conglomera\u00e7\u00e3o de v\u00e1rias quintas lim\u00edtrofes. A quinta original \u2013 chamada dos \u201cCyprestes\u201d \u2013 foi fundada no s\u00e9c. XVIII por D. Jos\u00e9 de Seabra, um dos ministros da Rainha D. Maria I e, depois, propriedade dos seus sucessores, os Viscondes da Ba\u00eda.<\/p>\n<p>Actualmente, a Quinta dos Aciprestes estende-se por mais de 2 kms sobre a margem esquerda do rio Douro, na zona do Tua. Facilmente identific\u00e1vel pelos seus Ciprestes, \u00e1rvores localizadas junto \u00e0 casa da quinta, e pela caracteriza\u00e7\u00e3o paisag\u00edstica do local, enquadrada por vinhedos dispostos na vertical, destacando-se a aus\u00eancia dos tradicionais socalcos, fruto dos recentes trabalhos de reconvers\u00e3o das vinhas.<\/p>\n<p>A Quinta dos Aciprestes \u00e9 uma das mais reconhecidas propriedades durienses no que respeita a excel\u00eancia do potencial vit\u00edcola do seu\u00a0<em>terroir<\/em>. Sendo a quinta, reconhecida pela classifica\u00e7\u00e3o na letra A para atribui\u00e7\u00e3o de benef\u00edcio (Vinho do Porto), a qualidade e singularidade dos vinhos tintos aqui produzidos ao longo de mais de dois s\u00e9culos \u00e9 tamb\u00e9m associada \u00e0 tipicidade dos tintos durienses.<\/p>\n<p>A quinta est\u00e1 inserida numa magn\u00edfica paisagem enquadrada pelo rio Douro, numa frente ribeirinha de 2,2 kms e \u00e9 retratada pelas onduladas encostas povoadas de belas vinhas. Localizada no cora\u00e7\u00e3o da regi\u00e3o demarcada, numa zona considerada de excel\u00eancia na freguesia de Soutelo do Douro, em frente da foz do rio Tua (afluente do Douro), praticamente na transi\u00e7\u00e3o entre as sub-regi\u00f5es do Cima Corgo e do Douro Superior.<\/p>\n<p>A Quinta dos Aciprestes \u00e9 uma propriedade bem caracter\u00edstica da regi\u00e3o Duriense e evidencia claramente a realidade duma viticultura de montanha. A vinha ocupa, em toda a sua extens\u00e3o, as vertentes de encostas , cujo relevo original possu\u00eda declives entre 30% e 50%.<\/p>\n<p>A quinta localiza-se junto ao rio, a altitudes compreendidas entre os 100 e os 350 metros. A exposi\u00e7\u00e3o predominante \u00e9 para o quadrante Norte, entre as direc\u00e7\u00f5es Nordeste e Noroeste. Esta exposi\u00e7\u00e3o \u00e9 muito interessante pois contribui para a forma\u00e7\u00e3o dum microclima muito particular e determinante do\u00a0<em>terroir<\/em>\u00a0da Quinta dos Aciprestes.<\/p>","protected":false},"excerpt":{"rendered":"<p>A cor \u00e9 rubi profundo t\u00edpico da casta. No nariz um ligeiro destaque de vegetais nuances que combinam com notas finas de frutos maduros e notas terci\u00e1rias t\u00edpicos da variedade, como caf\u00e9 e especiarias, oferecendo um monte de complexidade e intensidade. Na boca mostra tem um perfil que permite que ser consumido enquanto jovem, no entanto, certamente vai premiar aqueles que escolhem para a evolu\u00e7\u00e3o na garrafa.<\/p>","protected":false},"featured_media":21248,"template":"","meta":{"_exactmetrics_skip_tracking":false,"_exactmetrics_sitenote_active":false,"_exactmetrics_sitenote_note":"","_exactmetrics_sitenote_category":0,"_uf_show_specific_survey":0,"_uf_disable_surveys":false,"iawp_total_views":54},"product_brand":[],"product_cat":[157,184,215],"product_tag":[],"class_list":{"0":"post-21247","1":"product","2":"type-product","3":"status-publish","4":"has-post-thumbnail","6":"product_cat-vinhos","7":"product_cat-tinto","8":"product_cat-douro","10":"first","11":"instock","12":"shipping-taxable","13":"purchasable","14":"product-type-simple"},"_links":{"self":[{"href":"https:\/\/garrafeiragrandeescolha.pt\/de\/wp-json\/wp\/v2\/product\/21247","targetHints":{"allow":["GET"]}}],"collection":[{"href":"https:\/\/garrafeiragrandeescolha.pt\/de\/wp-json\/wp\/v2\/product"}],"about":[{"href":"https:\/\/garrafeiragrandeescolha.pt\/de\/wp-json\/wp\/v2\/types\/product"}],"wp:featuredmedia":[{"embeddable":true,"href":"https:\/\/garrafeiragrandeescolha.pt\/de\/wp-json\/wp\/v2\/media\/21248"}],"wp:attachment":[{"href":"https:\/\/garrafeiragrandeescolha.pt\/de\/wp-json\/wp\/v2\/media?parent=21247"}],"wp:term":[{"taxonomy":"product_brand","embeddable":true,"href":"https:\/\/garrafeiragrandeescolha.pt\/de\/wp-json\/wp\/v2\/product_brand?post=21247"},{"taxonomy":"product_cat","embeddable":true,"href":"https:\/\/garrafeiragrandeescolha.pt\/de\/wp-json\/wp\/v2\/product_cat?post=21247"},{"taxonomy":"product_tag","embeddable":true,"href":"https:\/\/garrafeiragrandeescolha.pt\/de\/wp-json\/wp\/v2\/product_tag?post=21247"}],"curies":[{"name":"wp","href":"https:\/\/api.w.org\/{rel}","templated":true}]}}