{"id":21285,"date":"2026-02-23T16:07:05","date_gmt":"2026-02-23T16:07:05","guid":{"rendered":"https:\/\/garrafeiragrandeescolha.pt\/?post_type=product&#038;p=21285"},"modified":"2026-02-23T16:08:59","modified_gmt":"2026-02-23T16:08:59","slug":"quinta-dos-murcas-vv47-tinto-75cl","status":"publish","type":"product","link":"https:\/\/garrafeiragrandeescolha.pt\/de\/produkt\/quinta-dos-murcas-vv47-tinto-75cl\/","title":{"rendered":"Quinta dos Mur\u00e7as VV47 Tinto 75cl"},"content":{"rendered":"<p><img fetchpriority=\"high\" decoding=\"async\" class=\"size-medium wp-image-15372 aligncenter\" src=\"http:\/\/garrafeiragrandeescolha.pt\/wp-content\/uploads\/2022\/02\/murcas-logo-300x212.jpg\" alt=\"\" width=\"300\" height=\"212\" srcset=\"https:\/\/garrafeiragrandeescolha.pt\/wp-content\/uploads\/2022\/02\/murcas-logo-300x212.jpg 300w, https:\/\/garrafeiragrandeescolha.pt\/wp-content\/uploads\/2022\/02\/murcas-logo.jpg 600w\" sizes=\"(max-width: 300px) 100vw, 300px\" \/><\/p>\n<p>VIELFALT \u2013 VERTIKALIT\u00c4T \u2013 ELEGANZ<\/p>\n<p>Es liegt im Zentrum der DOC Douro und zeichnet sich durch die Anwesenheit von 8 aus\u00a0<em>Terroirs<\/em>\u00a0sehr gepr\u00e4gt von den Bergen, der unterschiedlichen H\u00f6henlage und Sonneneinstrahlung, den Schieferb\u00f6den und dem charakteristischen Klima des Douro-Flusstals. Gem\u00e4\u00df der biologischen Produktion und der integrierten Produktion wurden Dutzende einheimische Sorten in den Weinbergen gepflanzt. Olivenb\u00e4ume, Orangenb\u00e4ume, Mandelb\u00e4ume und mediterrane W\u00e4lder tragen dazu bei, das Gleichgewicht des \u00d6kosystems aufrechtzuerhalten.<\/p>","protected":false},"excerpt":{"rendered":"<div class=\"custom-fields-col-12\">\n<div>Muito intenso e exuberante, onde dominam os frutos pretos maduros, como a amora e o c\u00e1ssis, os aromas bals\u00e2micos, como a esteva, e notas suaves de especiarias, provenientes do est\u00e1gio em madeira usada. Concentrado, apresenta taninos muito maduros que, em conjunto com a acidez bem envolvida, lhe conferem uma sensa\u00e7\u00e3o de volume, corpo e frescura. Possui um final muito longo e persistente, onde dominam os aromas de frutos mais maduros, permitindo prever uma grande longevidade.<\/div>\n<\/div>","protected":false},"featured_media":21286,"template":"","meta":{"_exactmetrics_skip_tracking":false,"_exactmetrics_sitenote_active":false,"_exactmetrics_sitenote_note":"","_exactmetrics_sitenote_category":0,"_uf_show_specific_survey":0,"_uf_disable_surveys":false,"iawp_total_views":26},"product_brand":[],"product_cat":[215,184,157],"product_tag":[],"class_list":{"0":"post-21285","1":"product","2":"type-product","3":"status-publish","4":"has-post-thumbnail","6":"product_cat-douro","7":"product_cat-tinto","8":"product_cat-vinhos","10":"first","11":"instock","12":"shipping-taxable","13":"purchasable","14":"product-type-simple"},"_links":{"self":[{"href":"https:\/\/garrafeiragrandeescolha.pt\/de\/wp-json\/wp\/v2\/product\/21285","targetHints":{"allow":["GET"]}}],"collection":[{"href":"https:\/\/garrafeiragrandeescolha.pt\/de\/wp-json\/wp\/v2\/product"}],"about":[{"href":"https:\/\/garrafeiragrandeescolha.pt\/de\/wp-json\/wp\/v2\/types\/product"}],"wp:featuredmedia":[{"embeddable":true,"href":"https:\/\/garrafeiragrandeescolha.pt\/de\/wp-json\/wp\/v2\/media\/21286"}],"wp:attachment":[{"href":"https:\/\/garrafeiragrandeescolha.pt\/de\/wp-json\/wp\/v2\/media?parent=21285"}],"wp:term":[{"taxonomy":"product_brand","embeddable":true,"href":"https:\/\/garrafeiragrandeescolha.pt\/de\/wp-json\/wp\/v2\/product_brand?post=21285"},{"taxonomy":"product_cat","embeddable":true,"href":"https:\/\/garrafeiragrandeescolha.pt\/de\/wp-json\/wp\/v2\/product_cat?post=21285"},{"taxonomy":"product_tag","embeddable":true,"href":"https:\/\/garrafeiragrandeescolha.pt\/de\/wp-json\/wp\/v2\/product_tag?post=21285"}],"curies":[{"name":"wp","href":"https:\/\/api.w.org\/{rel}","templated":true}]}}