{"id":21399,"date":"2026-02-24T17:01:16","date_gmt":"2026-02-24T17:01:16","guid":{"rendered":"https:\/\/garrafeiragrandeescolha.pt\/?post_type=product&#038;p=21399"},"modified":"2026-02-24T17:01:16","modified_gmt":"2026-02-24T17:01:16","slug":"marques-de-borba-vinhas-velhas-tinto-75cl","status":"publish","type":"product","link":"https:\/\/garrafeiragrandeescolha.pt\/de\/produkt\/marques-de-borba-vinhas-velhas-tinto-75cl\/","title":{"rendered":"Marqu\u00eas de Borba Vinhas Velhas Tinto 75cl"},"content":{"rendered":"<p>A beleza da plan\u00edcie alentejana, a cultura, a ca\u00e7a e a rica tradi\u00e7\u00e3o gastron\u00f3mica fazem de Estremoz uma regi\u00e3o apaixonante. Fundada em 1258 por D. Afonso III, aqui viveu D. Dinis e Vasco da Gama foi investido Comandante no descobrimento do caminho mar\u00edtimo para a \u00cdndia. Em pleno cora\u00e7\u00e3o do Alto Alentejo, os solos derivados de xisto e argilo-calc\u00e1rios, bem como o clima de influ\u00eancia continental, permitem obter reduzidas oscila\u00e7\u00f5es qualitativas e vindimas sem chuva, condi\u00e7\u00f5es ideais para uma cultura vitivin\u00edcola de exce\u00e7\u00e3o. Foi este o local eleito por Jo\u00e3o Portugal Ramos para fazer os seus pr\u00f3prios vinhos, ap\u00f3s a longa carreira como en\u00f3logo consultor na cria\u00e7\u00e3o de vinhos nas principais regi\u00f5es vitivin\u00edcolas de Portugal.<\/p>","protected":false},"excerpt":{"rendered":"<p>Cor granada intensa, no nariz grande concentra\u00e7\u00e3o de frutos pretos, folha de eucalipto e algumas notas de especiarias provenientes do est\u00e1gio em barrica. Grande volume na boca com taninos aveludados.<\/p>","protected":false},"featured_media":21400,"template":"","meta":{"_exactmetrics_skip_tracking":false,"_exactmetrics_sitenote_active":false,"_exactmetrics_sitenote_note":"","_exactmetrics_sitenote_category":0,"_uf_show_specific_survey":0,"_uf_disable_surveys":false,"iawp_total_views":0},"product_brand":[],"product_cat":[157,184,215],"product_tag":[],"class_list":{"0":"post-21399","1":"product","2":"type-product","3":"status-publish","4":"has-post-thumbnail","6":"product_cat-vinhos","7":"product_cat-tinto","8":"product_cat-douro","10":"first","11":"instock","12":"shipping-taxable","13":"purchasable","14":"product-type-simple"},"_links":{"self":[{"href":"https:\/\/garrafeiragrandeescolha.pt\/de\/wp-json\/wp\/v2\/product\/21399","targetHints":{"allow":["GET"]}}],"collection":[{"href":"https:\/\/garrafeiragrandeescolha.pt\/de\/wp-json\/wp\/v2\/product"}],"about":[{"href":"https:\/\/garrafeiragrandeescolha.pt\/de\/wp-json\/wp\/v2\/types\/product"}],"wp:featuredmedia":[{"embeddable":true,"href":"https:\/\/garrafeiragrandeescolha.pt\/de\/wp-json\/wp\/v2\/media\/21400"}],"wp:attachment":[{"href":"https:\/\/garrafeiragrandeescolha.pt\/de\/wp-json\/wp\/v2\/media?parent=21399"}],"wp:term":[{"taxonomy":"product_brand","embeddable":true,"href":"https:\/\/garrafeiragrandeescolha.pt\/de\/wp-json\/wp\/v2\/product_brand?post=21399"},{"taxonomy":"product_cat","embeddable":true,"href":"https:\/\/garrafeiragrandeescolha.pt\/de\/wp-json\/wp\/v2\/product_cat?post=21399"},{"taxonomy":"product_tag","embeddable":true,"href":"https:\/\/garrafeiragrandeescolha.pt\/de\/wp-json\/wp\/v2\/product_tag?post=21399"}],"curies":[{"name":"wp","href":"https:\/\/api.w.org\/{rel}","templated":true}]}}