{"id":21633,"date":"2026-04-01T15:40:13","date_gmt":"2026-04-01T15:40:13","guid":{"rendered":"https:\/\/garrafeiragrandeescolha.pt\/?post_type=product&#038;p=21633"},"modified":"2026-04-01T16:15:57","modified_gmt":"2026-04-01T16:15:57","slug":"herdade-do-rocim-amphora-tinto-75cl","status":"publish","type":"product","link":"https:\/\/garrafeiragrandeescolha.pt\/de\/produkt\/herdade-do-rocim-amphora-tinto-75cl\/","title":{"rendered":"Herdade do Rocim Amphora Tinto 2024 75cl"},"content":{"rendered":"<p><img decoding=\"async\" class=\"size-medium wp-image-15321 aligncenter\" src=\"http:\/\/garrafeiragrandeescolha.pt\/wp-content\/uploads\/2022\/02\/logo_herdade-rocim-300x77.png\" alt=\"\" width=\"300\" height=\"77\" srcset=\"https:\/\/garrafeiragrandeescolha.pt\/wp-content\/uploads\/2022\/02\/logo_herdade-rocim-300x77.png 300w, https:\/\/garrafeiragrandeescolha.pt\/wp-content\/uploads\/2022\/02\/logo_herdade-rocim-1024x263.png 1024w, https:\/\/garrafeiragrandeescolha.pt\/wp-content\/uploads\/2022\/02\/logo_herdade-rocim-768x197.png 768w, https:\/\/garrafeiragrandeescolha.pt\/wp-content\/uploads\/2022\/02\/logo_herdade-rocim-1536x394.png 1536w, https:\/\/garrafeiragrandeescolha.pt\/wp-content\/uploads\/2022\/02\/logo_herdade-rocim-600x154.png 600w, https:\/\/garrafeiragrandeescolha.pt\/wp-content\/uploads\/2022\/02\/logo_herdade-rocim.png 1772w\" sizes=\"(max-width: 300px) 100vw, 300px\" \/><\/p>\n<p>Herdade do Rocim ist ein Anwesen zwischen Vidigueira und Kuba in Baixo Alentejo.<\/p>\n<p>Beginnend mit Aktivit\u00e4ten im Bereich der landwirtschaftlichen Mechanisierung in den 1970er Jahren sind Investitionen in diversifizierte und komplement\u00e4re Sektoren eine Referenz auf dem Weg von Movicortes. Zum Ausr\u00fcstungsgesch\u00e4ft (\u00f6ffentliche Arbeiten, Landwirtschaft und Automobile) kamen sp\u00e4ter mit Rocim soziale Kommunikation, B\u00fccher und Weinproduktion hinzu.<\/p>\n<p>Die Investitionen in den Weinsektor begannen im Jahr 2000 mit Herdade do Rocim. Ein Anwesen mit rund 120 Hektar, davon 70 Hektar Weinberge, zwischen Vidigueira und Kuba, in Baixo Alentejo. Ein neues Abenteuer und ein Traum begannen.<\/p>\n<p>Die ersten Jahre waren der Umstrukturierung und Qualifizierung des Weinguts gewidmet, mit der Anpflanzung neuer Reben und der Einf\u00fchrung neuer Rebsorten, in einem Projekt, das neues und altes Wissen mit Vernunft und Emotionen vermischte und von der Liebe von Vater und Tochter getragen wurde.<br \/>\nDann folgte der Bau des Weinguts und die Produktion von Wein mit eigenen Marken.<\/p>\n<p>Auch in Cortes (Leiria), dem Geburtsort von Jos\u00e9 Ribeiro Vieira, dem Gr\u00fcnder des Unternehmens, begann Rocim im Jahr 2003 mit der Anpflanzung von Weinbergen, um mit der Einf\u00fchrung von Vale das Markenimage dieser Gemeinde und auch die Familientradition im Weinsektor wiederherzustellen da Mata.<\/p>\n<p>Heute ist Rocim bereits f\u00fcr die Qualit\u00e4t seiner Weine und des Weinguts bekannt. Wenn Sie \u00fcber Ihre Geschichte sprechen, sprechen Sie \u00fcber den Traum und daher auch \u00fcber die Gegenwart und die Zukunft. Denn der Traum hat kein Ende.<\/p>\n<p><em>\u201e\u00dcber die Zukunft zu sprechen ist nicht einfach, weil man nicht raten kann. Wir glauben auf jeden Fall, dass die Grundlagen und Strukturen gelegt wurden, die uns zum Weitermachen ermutigen k\u00f6nnen.\u201c<\/em>\u00a0Jos\u00e9 Ribeiro Vieira.<\/p>","protected":false},"excerpt":{"rendered":"<p>Cor ruby viva e profunda.<\/p>\n<p>Nariz com fruta preta e especiado resultante do est\u00e1gio em barrica.<\/p>\n<p>Taninos firmes e sedosos que lhe permitem uma boa evolu\u00e7\u00e3o em garrafa.<\/p>\n<p>CASTAS: Moreto, Tinta-Grossa, Trincadeira, Aragonez<\/p>","protected":false},"featured_media":21634,"template":"","meta":{"_exactmetrics_skip_tracking":false,"_exactmetrics_sitenote_active":false,"_exactmetrics_sitenote_note":"","_exactmetrics_sitenote_category":0,"_uf_show_specific_survey":0,"_uf_disable_surveys":false,"iawp_total_views":17},"product_brand":[],"product_cat":[157,184,207],"product_tag":[],"class_list":{"0":"post-21633","1":"product","2":"type-product","3":"status-publish","4":"has-post-thumbnail","6":"product_cat-vinhos","7":"product_cat-tinto","8":"product_cat-alentejo","10":"first","11":"instock","12":"shipping-taxable","13":"purchasable","14":"product-type-simple"},"_links":{"self":[{"href":"https:\/\/garrafeiragrandeescolha.pt\/de\/wp-json\/wp\/v2\/product\/21633","targetHints":{"allow":["GET"]}}],"collection":[{"href":"https:\/\/garrafeiragrandeescolha.pt\/de\/wp-json\/wp\/v2\/product"}],"about":[{"href":"https:\/\/garrafeiragrandeescolha.pt\/de\/wp-json\/wp\/v2\/types\/product"}],"wp:featuredmedia":[{"embeddable":true,"href":"https:\/\/garrafeiragrandeescolha.pt\/de\/wp-json\/wp\/v2\/media\/21634"}],"wp:attachment":[{"href":"https:\/\/garrafeiragrandeescolha.pt\/de\/wp-json\/wp\/v2\/media?parent=21633"}],"wp:term":[{"taxonomy":"product_brand","embeddable":true,"href":"https:\/\/garrafeiragrandeescolha.pt\/de\/wp-json\/wp\/v2\/product_brand?post=21633"},{"taxonomy":"product_cat","embeddable":true,"href":"https:\/\/garrafeiragrandeescolha.pt\/de\/wp-json\/wp\/v2\/product_cat?post=21633"},{"taxonomy":"product_tag","embeddable":true,"href":"https:\/\/garrafeiragrandeescolha.pt\/de\/wp-json\/wp\/v2\/product_tag?post=21633"}],"curies":[{"name":"wp","href":"https:\/\/api.w.org\/{rel}","templated":true}]}}