{"id":21649,"date":"2026-04-03T11:36:27","date_gmt":"2026-04-03T11:36:27","guid":{"rendered":"https:\/\/garrafeiragrandeescolha.pt\/?post_type=product&#038;p=21649"},"modified":"2026-04-03T16:39:13","modified_gmt":"2026-04-03T16:39:13","slug":"grande-rocim-tinto-2021-75cl-caixa-de-3","status":"publish","type":"product","link":"https:\/\/garrafeiragrandeescolha.pt\/de\/produkt\/grande-rocim-tinto-2021-75cl-caixa-de-3\/","title":{"rendered":"Grande Rocim Tinto 2021 75cl Caixa de 3"},"content":{"rendered":"<p><img decoding=\"async\" class=\"size-medium wp-image-15321 aligncenter\" src=\"http:\/\/garrafeiragrandeescolha.pt\/wp-content\/uploads\/2022\/02\/logo_herdade-rocim-300x77.png\" alt=\"\" width=\"300\" height=\"77\" srcset=\"https:\/\/garrafeiragrandeescolha.pt\/wp-content\/uploads\/2022\/02\/logo_herdade-rocim-300x77.png 300w, https:\/\/garrafeiragrandeescolha.pt\/wp-content\/uploads\/2022\/02\/logo_herdade-rocim-1024x263.png 1024w, https:\/\/garrafeiragrandeescolha.pt\/wp-content\/uploads\/2022\/02\/logo_herdade-rocim-768x197.png 768w, https:\/\/garrafeiragrandeescolha.pt\/wp-content\/uploads\/2022\/02\/logo_herdade-rocim-1536x394.png 1536w, https:\/\/garrafeiragrandeescolha.pt\/wp-content\/uploads\/2022\/02\/logo_herdade-rocim-600x154.png 600w, https:\/\/garrafeiragrandeescolha.pt\/wp-content\/uploads\/2022\/02\/logo_herdade-rocim.png 1772w\" sizes=\"(max-width: 300px) 100vw, 300px\" \/><\/p>\n<p>Herdade do Rocim ist ein Anwesen zwischen Vidigueira und Kuba in Baixo Alentejo.<\/p>\n<p>Beginnend mit Aktivit\u00e4ten im Bereich der landwirtschaftlichen Mechanisierung in den 1970er Jahren sind Investitionen in diversifizierte und komplement\u00e4re Sektoren eine Referenz auf dem Weg von Movicortes. Zum Ausr\u00fcstungsgesch\u00e4ft (\u00f6ffentliche Arbeiten, Landwirtschaft und Automobile) kamen sp\u00e4ter mit Rocim soziale Kommunikation, B\u00fccher und Weinproduktion hinzu.<\/p>\n<p>Die Investitionen in den Weinsektor begannen im Jahr 2000 mit Herdade do Rocim. Ein Anwesen mit rund 120 Hektar, davon 70 Hektar Weinberge, zwischen Vidigueira und Kuba, in Baixo Alentejo. Ein neues Abenteuer und ein Traum begannen.<\/p>\n<p>Die ersten Jahre waren der Umstrukturierung und Qualifizierung des Weinguts gewidmet, mit der Anpflanzung neuer Reben und der Einf\u00fchrung neuer Rebsorten, in einem Projekt, das neues und altes Wissen mit Vernunft und Emotionen vermischte und von der Liebe von Vater und Tochter getragen wurde.<br \/>\nDann folgte der Bau des Weinguts und die Produktion von Wein mit eigenen Marken.<\/p>\n<p>Auch in Cortes (Leiria), dem Geburtsort von Jos\u00e9 Ribeiro Vieira, dem Gr\u00fcnder des Unternehmens, begann Rocim im Jahr 2003 mit der Anpflanzung von Weinbergen, um mit der Einf\u00fchrung von Vale das Markenimage dieser Gemeinde und auch die Familientradition im Weinsektor wiederherzustellen da Mata.<\/p>\n<p>Heute ist Rocim bereits f\u00fcr die Qualit\u00e4t seiner Weine und des Weinguts bekannt. Wenn Sie \u00fcber Ihre Geschichte sprechen, sprechen Sie \u00fcber den Traum und daher auch \u00fcber die Gegenwart und die Zukunft. Denn der Traum hat kein Ende.<\/p>\n<p><em>\u201e\u00dcber die Zukunft zu sprechen ist nicht einfach, weil man nicht raten kann. Wir glauben auf jeden Fall, dass die Grundlagen und Strukturen gelegt wurden, die uns zum Weitermachen ermutigen k\u00f6nnen.\u201c<\/em>\u00a0Jos\u00e9 Ribeiro Vieira.<\/p>\n<p>Medalha de Ouro no Concurso \u201cMelhores do Alentejo\u201d da Confraria dos En\u00f3filos do Alentejo 2014 \u2013 Colheita 2011<\/p>\n<p>91 pts. \u201cWine Enthusiast\u201d \u2013 Cellar Sellection \u2013 Colheita\u00a02011<\/p>\n<p>Medalha de Ouro no Concurso \u201cMelhores do Alentejo\u201d da Confraria dos En\u00f3filos do Alentejo 2015 \u2013 Colheita 2013<\/p>\n<p>18 Julia Harding | Jancis Robinson \u2013 Colheita 2013<\/p>\n<p>\u201cMelhor Monovarietal Tinto do Ano\u201d no Concurso Vinhos de Portugal 2019 \u2013 Colheita 2015<\/p>\n<p>\u201cAltamente Recomendado\u201d pela Revista de Vinhos \u2013\u00a0 Colheita 2015<\/p>\n<p>17,5 pts \u2013 Edi\u00e7\u00e3o Julho 2019\u00a0 \u201cVinho \u2013 Grandes Escolhas\u201d \u2013 2017 Vintage<\/p>","protected":false},"excerpt":{"rendered":"<p>Castas: Alicante Bouschet. A casta \u00e9 conduzida em monoplano ascendente, com exposi\u00e7\u00e3o poente. A orienta\u00e7\u00e3o das linhas \u00e9 Este-Oeste.<\/p>\n<p>EST\u00c1GIO \u203a O vinho estagiou 20 meses em barrica de carvalho franc\u00eas de 500 L. Est\u00e1gio em garrafa por um per\u00edodo de quatro meses. NOTA DE PROVA \u203a Cor ruby profunda e opaca. Aroma especiado, qu\u00edmico e bals\u00e2mico de grande complexidade. Fruta preta bem madura. Grande volume de boca e concentra\u00e7\u00e3o. Final longo e persistente. Taninos firmes e estrutura que lhe permitir\u00e1 uma longa evolu\u00e7\u00e3o em garrafa.<\/p>","protected":false},"featured_media":21650,"template":"","meta":{"_exactmetrics_skip_tracking":false,"_exactmetrics_sitenote_active":false,"_exactmetrics_sitenote_note":"","_exactmetrics_sitenote_category":0,"_uf_show_specific_survey":0,"_uf_disable_surveys":false,"iawp_total_views":19},"product_brand":[],"product_cat":[207,216,258,257,201,184,157],"product_tag":[],"class_list":{"0":"post-21649","1":"product","2":"type-product","3":"status-publish","4":"has-post-thumbnail","6":"product_cat-alentejo","7":"product_cat-conjuntos","8":"product_cat-conjuntos-de-oferta","9":"product_cat-conjuntos-de-vinhos","10":"product_cat-grandes-vinhos","11":"product_cat-tinto","12":"product_cat-vinhos","14":"first","15":"instock","16":"shipping-taxable","17":"purchasable","18":"product-type-simple"},"_links":{"self":[{"href":"https:\/\/garrafeiragrandeescolha.pt\/de\/wp-json\/wp\/v2\/product\/21649","targetHints":{"allow":["GET"]}}],"collection":[{"href":"https:\/\/garrafeiragrandeescolha.pt\/de\/wp-json\/wp\/v2\/product"}],"about":[{"href":"https:\/\/garrafeiragrandeescolha.pt\/de\/wp-json\/wp\/v2\/types\/product"}],"wp:featuredmedia":[{"embeddable":true,"href":"https:\/\/garrafeiragrandeescolha.pt\/de\/wp-json\/wp\/v2\/media\/21650"}],"wp:attachment":[{"href":"https:\/\/garrafeiragrandeescolha.pt\/de\/wp-json\/wp\/v2\/media?parent=21649"}],"wp:term":[{"taxonomy":"product_brand","embeddable":true,"href":"https:\/\/garrafeiragrandeescolha.pt\/de\/wp-json\/wp\/v2\/product_brand?post=21649"},{"taxonomy":"product_cat","embeddable":true,"href":"https:\/\/garrafeiragrandeescolha.pt\/de\/wp-json\/wp\/v2\/product_cat?post=21649"},{"taxonomy":"product_tag","embeddable":true,"href":"https:\/\/garrafeiragrandeescolha.pt\/de\/wp-json\/wp\/v2\/product_tag?post=21649"}],"curies":[{"name":"wp","href":"https:\/\/api.w.org\/{rel}","templated":true}]}}