{"id":12244,"date":"2020-03-20T17:01:01","date_gmt":"2020-03-20T17:01:01","guid":{"rendered":"http:\/\/garrafeiragrandeescolha.pt\/?post_type=product&#038;p=12244"},"modified":"2025-01-09T10:13:58","modified_gmt":"2025-01-09T10:13:58","slug":"carlos-reynolds-tinto","status":"publish","type":"product","link":"https:\/\/garrafeiragrandeescolha.pt\/en\/product-2\/carlos-reynolds-tinto\/","title":{"rendered":"Carlos Reynolds Tinto 2017 75cl"},"content":{"rendered":"<p><img fetchpriority=\"high\" decoding=\"async\" class=\"size-medium wp-image-17396 aligncenter\" src=\"http:\/\/garrafeiragrandeescolha.pt\/wp-content\/uploads\/2020\/03\/logo_preto-reynolds-300x212.jpg\" alt=\"\" width=\"300\" height=\"212\" srcset=\"https:\/\/garrafeiragrandeescolha.pt\/wp-content\/uploads\/2020\/03\/logo_preto-reynolds-300x212.jpg 300w, https:\/\/garrafeiragrandeescolha.pt\/wp-content\/uploads\/2020\/03\/logo_preto-reynolds-1024x724.jpg 1024w, https:\/\/garrafeiragrandeescolha.pt\/wp-content\/uploads\/2020\/03\/logo_preto-reynolds-768x543.jpg 768w, https:\/\/garrafeiragrandeescolha.pt\/wp-content\/uploads\/2020\/03\/logo_preto-reynolds-1536x1086.jpg 1536w, https:\/\/garrafeiragrandeescolha.pt\/wp-content\/uploads\/2020\/03\/logo_preto-reynolds-18x12.jpg 18w, https:\/\/garrafeiragrandeescolha.pt\/wp-content\/uploads\/2020\/03\/logo_preto-reynolds-600x424.jpg 600w, https:\/\/garrafeiragrandeescolha.pt\/wp-content\/uploads\/2020\/03\/logo_preto-reynolds.jpg 1754w\" sizes=\"(max-width: 300px) 100vw, 300px\" \/><\/p>\n<p>Thomas Reynolds, marinheiro e comerciante ingl\u00eas, chega a Portugal em 1820, atra\u00eddo pelo neg\u00f3cio do vinho: \u00e9 na cidade do Porto que se estabelece com os seus dois filhos, Thomas e Robert. Durante algum tempo abastecem, a partir dali, o seu armaz\u00e9m comercial em Londres com diversos produtos Ib\u00e9ricos. Em 1838, introduzem-se na ind\u00fastria corticeira e criam uma f\u00e1brica de rolhas em Alburquerque, Espanha, onde vivem durante 11 anos. A actividade \u00e9 lucrativa, expande-se e em breve abrem novas f\u00e1bricas de rolhas de corti\u00e7a em Portugal e Espanha.<\/p>\n<p>A fam\u00edlia regressa a Portugal em 1850 e fixa resid\u00eancia em Estremoz, ainda que por pouco tempo. Thomas e o seu filho hom\u00f3nimo n\u00e3o se acomodam e, movidos pelo mesmo esp\u00edrito empreendedor, embarcam com a fam\u00edlia rumo \u00e0 Nova Zel\u00e2ndia. A travessia duraria 130 longos dias e com eles transportavam um enorme rebanho de ovelhas merinas. Nunca regressaram a Portugal.<\/p>\n<p>Robert fica em Estremoz \u00e0 frente dos neg\u00f3cios, que rapidamente desenvolve com a aquisi\u00e7\u00e3o de novas terras e a produ\u00e7\u00e3o de vinhos de qualidade, actividade esta que exercia com particular empenho e paix\u00e3o. O Alentejo converte-se no ber\u00e7o definitivo dos Reynolds em Portugal e de Robert, o patriarca da fam\u00edlia. Desse ber\u00e7o procedem o filho primog\u00e9nito de Robert, Robert Rafael e, desde, Carlos. Carlos tem uma primeira filha chamada Gloria, Gloria Reynolds. Em sua honra, e de todos os seus antepassados que viveram no Alentejo, Juli\u00e1n, filho de Gloria, produz um vinho de qualidade, que leva o nome da sua m\u00e3e \u2013 Gloria Reynolds.<\/p>","protected":false},"excerpt":{"rendered":"<p>Na boca\u00a0boa concentra\u00e7\u00e3o, simultaneamente elegante e sedoso. Fruta madura, fresca e focada em ameixa e cereja preta. Taninos suaves que proporcionam excelente equil\u00edbrio ao vinho. Bom comprimento com final elegante<\/p>","protected":false},"featured_media":509,"template":"","meta":{"_exactmetrics_skip_tracking":false,"_exactmetrics_sitenote_active":false,"_exactmetrics_sitenote_note":"","_exactmetrics_sitenote_category":0,"_uf_show_specific_survey":0,"_uf_disable_surveys":false,"iawp_total_views":11},"product_brand":[],"product_cat":[157,184,207],"product_tag":[],"class_list":{"0":"post-12244","1":"product","2":"type-product","3":"status-publish","4":"has-post-thumbnail","6":"product_cat-vinhos","7":"product_cat-tinto","8":"product_cat-alentejo","10":"first","11":"instock","12":"shipping-taxable","13":"purchasable","14":"product-type-simple"},"_links":{"self":[{"href":"https:\/\/garrafeiragrandeescolha.pt\/en\/wp-json\/wp\/v2\/product\/12244","targetHints":{"allow":["GET"]}}],"collection":[{"href":"https:\/\/garrafeiragrandeescolha.pt\/en\/wp-json\/wp\/v2\/product"}],"about":[{"href":"https:\/\/garrafeiragrandeescolha.pt\/en\/wp-json\/wp\/v2\/types\/product"}],"wp:featuredmedia":[{"embeddable":true,"href":"https:\/\/garrafeiragrandeescolha.pt\/en\/wp-json\/wp\/v2\/media\/509"}],"wp:attachment":[{"href":"https:\/\/garrafeiragrandeescolha.pt\/en\/wp-json\/wp\/v2\/media?parent=12244"}],"wp:term":[{"taxonomy":"product_brand","embeddable":true,"href":"https:\/\/garrafeiragrandeescolha.pt\/en\/wp-json\/wp\/v2\/product_brand?post=12244"},{"taxonomy":"product_cat","embeddable":true,"href":"https:\/\/garrafeiragrandeescolha.pt\/en\/wp-json\/wp\/v2\/product_cat?post=12244"},{"taxonomy":"product_tag","embeddable":true,"href":"https:\/\/garrafeiragrandeescolha.pt\/en\/wp-json\/wp\/v2\/product_tag?post=12244"}],"curies":[{"name":"wp","href":"https:\/\/api.w.org\/{rel}","templated":true}]}}