{"id":12264,"date":"2020-03-20T20:06:56","date_gmt":"2020-03-20T20:06:56","guid":{"rendered":"http:\/\/garrafeiragrandeescolha.pt\/?post_type=product&#038;p=12264"},"modified":"2024-11-27T21:06:57","modified_gmt":"2024-11-27T21:06:57","slug":"chateau-de-montifaud-xo-silver-cognac","status":"publish","type":"product","link":"https:\/\/garrafeiragrandeescolha.pt\/en\/product-2\/chateau-de-montifaud-xo-silver-cognac\/","title":{"rendered":"Cognac Chateau de Montifaud XO Silver 70cl"},"content":{"rendered":"<p><img fetchpriority=\"high\" decoding=\"async\" class=\"size-medium wp-image-16624 aligncenter\" src=\"http:\/\/garrafeiragrandeescolha.pt\/wp-content\/uploads\/2022\/10\/Chateux_Montifaud-logo-300x300.jpg\" alt=\"\" width=\"300\" height=\"300\" srcset=\"https:\/\/garrafeiragrandeescolha.pt\/wp-content\/uploads\/2022\/10\/Chateux_Montifaud-logo-300x300.jpg 300w, https:\/\/garrafeiragrandeescolha.pt\/wp-content\/uploads\/2022\/10\/Chateux_Montifaud-logo-150x150.jpg 150w, https:\/\/garrafeiragrandeescolha.pt\/wp-content\/uploads\/2022\/10\/Chateux_Montifaud-logo-768x768.jpg 768w, https:\/\/garrafeiragrandeescolha.pt\/wp-content\/uploads\/2022\/10\/Chateux_Montifaud-logo-12x12.jpg 12w, https:\/\/garrafeiragrandeescolha.pt\/wp-content\/uploads\/2022\/10\/Chateux_Montifaud-logo-600x600.jpg 600w, https:\/\/garrafeiragrandeescolha.pt\/wp-content\/uploads\/2022\/10\/Chateux_Montifaud-logo-100x100.jpg 100w, https:\/\/garrafeiragrandeescolha.pt\/wp-content\/uploads\/2022\/10\/Chateux_Montifaud-logo.jpg 800w\" sizes=\"(max-width: 300px) 100vw, 300px\" \/><\/p>\n<p>Chateau de Montifaud is definitely a family affair. For six generations, the Vallet family has produced some of the best brandies in France.<br \/>\nThe vineyard, created in 1837 by Augustin, saw the succession pass from generation to generation: Pierre, Maurice Louis and Michel. Then, in October 2000, Laurent came to join his father and grandfather. According to family tradition, when a son joins his father to work together, a portion of the brandy distilled that year is preciously reserved and will only be sold by future generations. So it is that in the darkness of their \u00abPara\u00edso\u00bb cellar there are bottles of cognac expertly crafted by Pierre and Maurice Vallet. These family cellars have also seen the aging of cognacs dating from 1920 to the present day. A portion of these vintages were sealed by the BNIC (\u00ab Bureau National Interprofessionnel du Cognac \u00bb, the National Interprofessional Authority of Cognac).<br \/>\nOver generations, the vineyards have extended to more than 125 hectares in the two main growing regions of the Cognac area: in Grande and Petite Champagne, whose soil contains a very large amount of active limestone. This limestone content is a dominant factor in the quality of our \u201ceaux-de-vie\u201d (wine spirit).<br \/>\nChateau de Montifaud applies traditional techniques passed down from father to son and, at the same time, combines today&#039;s new technologies. All of this makes it possible to accentuate the natural qualities of the \u201ceaux-de-vie\u201d: the floral touches, the delicacy and elegance on the nose, the roundness, the softness and the long finish.<\/p>","protected":false},"excerpt":{"rendered":"<p>Esta bebida espirituosa foi envelhecida nas caves de Montifaud durante 20 anos, nos melhores barris de carvalho franc\u00eas, criando uma tremenda complexidade. Todas as uvas utilizadas neste Conhaque XO (Old Extra) foram cultivadas na Regi\u00e3o de Petite Champagne, visto como um dos principais regi\u00f5es de Conhaque.<\/p>\n<p>Elegante, s\u00f3brio, elegante e original, ficar\u00e1 impressionado com a complexidade e o prolongado sabor na boca: cor \u00e2mbar, aroma frutado (ameixa, damasco) misturado numa nota de cacau que tamb\u00e9m se aprecia na boca. Este conhaque tem um sabor gordo e suave com finesse e complexidade.<br \/>\nO XO Silver \u00e9 apresentado num bel\u00edssimo decantador embalado numa elegante lata prateada.<\/p>","protected":false},"featured_media":558,"template":"","meta":{"_exactmetrics_skip_tracking":false,"_exactmetrics_sitenote_active":false,"_exactmetrics_sitenote_note":"","_exactmetrics_sitenote_category":0,"_uf_show_specific_survey":0,"_uf_disable_surveys":false,"iawp_total_views":50},"product_brand":[],"product_cat":[162,158,181],"product_tag":[],"class_list":{"0":"post-12264","1":"product","2":"type-product","3":"status-publish","4":"has-post-thumbnail","6":"product_cat-raridades","7":"product_cat-espirituosos","8":"product_cat-cognac","10":"first","11":"instock","12":"shipping-taxable","13":"purchasable","14":"product-type-simple"},"_links":{"self":[{"href":"https:\/\/garrafeiragrandeescolha.pt\/en\/wp-json\/wp\/v2\/product\/12264","targetHints":{"allow":["GET"]}}],"collection":[{"href":"https:\/\/garrafeiragrandeescolha.pt\/en\/wp-json\/wp\/v2\/product"}],"about":[{"href":"https:\/\/garrafeiragrandeescolha.pt\/en\/wp-json\/wp\/v2\/types\/product"}],"wp:featuredmedia":[{"embeddable":true,"href":"https:\/\/garrafeiragrandeescolha.pt\/en\/wp-json\/wp\/v2\/media\/558"}],"wp:attachment":[{"href":"https:\/\/garrafeiragrandeescolha.pt\/en\/wp-json\/wp\/v2\/media?parent=12264"}],"wp:term":[{"taxonomy":"product_brand","embeddable":true,"href":"https:\/\/garrafeiragrandeescolha.pt\/en\/wp-json\/wp\/v2\/product_brand?post=12264"},{"taxonomy":"product_cat","embeddable":true,"href":"https:\/\/garrafeiragrandeescolha.pt\/en\/wp-json\/wp\/v2\/product_cat?post=12264"},{"taxonomy":"product_tag","embeddable":true,"href":"https:\/\/garrafeiragrandeescolha.pt\/en\/wp-json\/wp\/v2\/product_tag?post=12264"}],"curies":[{"name":"wp","href":"https:\/\/api.w.org\/{rel}","templated":true}]}}