{"id":12400,"date":"2020-03-22T23:43:42","date_gmt":"2020-03-22T23:43:42","guid":{"rendered":"http:\/\/garrafeiragrandeescolha.pt\/?post_type=product&#038;p=12400"},"modified":"2022-01-22T16:23:34","modified_gmt":"2022-01-22T16:23:34","slug":"mamore-grande-reserva-tinto-2","status":"publish","type":"product","link":"https:\/\/garrafeiragrandeescolha.pt\/en\/product-2\/mamore-grande-reserva-tinto-2\/","title":{"rendered":"Mamor\u00e9 Grande Reserva Tinto 75cl"},"content":{"rendered":"<p><img fetchpriority=\"high\" decoding=\"async\" class=\"wp-image-5959 aligncenter\" src=\"https:\/\/garrafeiragrandeescolha.pt\/wp-content\/uploads\/2020\/03\/sovibor-image-1-300x113.jpg\" alt=\"\" width=\"499\" height=\"188\" \/><\/p>\n<p class=\"p1\"><span class=\"s1\">It is a historic company in the Alentejo Region, founded in 1968 and which, with the recent entry of a new Administration led by Fernando Tavares, is now focused on the quality and repositioning of all wines, at a higher level of quality and price.<\/span><\/p>\n<p class=\"p1\"><span class=\"s1\">In the heart of Borba, SOVIBOR benefits from unique facilities, where more than two centuries of history merge with new quality standards, new wines and brands, a new management team, renewed images and a new strategy.<\/span><\/p>\n<p class=\"p3\"><span class=\"s1\">Family company, with renowned experience in the production of Alentejo Wines, particularly DOC Borba Wines<b>.<\/b><\/span><\/p>\n<p class=\"p3\"><span class=\"s1\">Tradition, Quality and Modernity are values that we want to preserve, to continue making our History.<\/span><\/p>","protected":false},"excerpt":{"rendered":"<p>Castas: Castel\u00e3o, Cabernet Sauvignon, Alicante Bouschet e Syrah de Vinhas Velhas<\/p>\n<p>Vinificado em balseiros de madeira com macera\u00e7\u00e3o p\u00f3s fermentativa estagiou cerca de 18 meses em barricas. Apresenta uma cor granada,<br \/>\naromas intensos e bem definidos com notas de bergamota, menta e chocolate negro, algumas nuances de tosta da madeira de est\u00e1gio. Boca<br \/>\nimpressiva, com acidez fresca e taninos bem maturados mas com longa capacidade de evolu\u00e7\u00e3o na garrafa.<\/p>\n<p>Gastronomia: Este Vinho brilhar\u00e1 a grande altura se acompanhar Carnes Assadas ou Ca\u00e7a, mostrando grande capacidade de guarda.<\/p>","protected":false},"featured_media":881,"template":"","meta":{"_exactmetrics_skip_tracking":false,"_exactmetrics_sitenote_active":false,"_exactmetrics_sitenote_note":"","_exactmetrics_sitenote_category":0,"_uf_show_specific_survey":0,"_uf_disable_surveys":false,"iawp_total_views":4},"product_brand":[],"product_cat":[157,184,207],"product_tag":[],"class_list":{"0":"post-12400","1":"product","2":"type-product","3":"status-publish","4":"has-post-thumbnail","6":"product_cat-vinhos","7":"product_cat-tinto","8":"product_cat-alentejo","10":"first","11":"instock","12":"shipping-taxable","13":"purchasable","14":"product-type-simple"},"_links":{"self":[{"href":"https:\/\/garrafeiragrandeescolha.pt\/en\/wp-json\/wp\/v2\/product\/12400","targetHints":{"allow":["GET"]}}],"collection":[{"href":"https:\/\/garrafeiragrandeescolha.pt\/en\/wp-json\/wp\/v2\/product"}],"about":[{"href":"https:\/\/garrafeiragrandeescolha.pt\/en\/wp-json\/wp\/v2\/types\/product"}],"wp:featuredmedia":[{"embeddable":true,"href":"https:\/\/garrafeiragrandeescolha.pt\/en\/wp-json\/wp\/v2\/media\/881"}],"wp:attachment":[{"href":"https:\/\/garrafeiragrandeescolha.pt\/en\/wp-json\/wp\/v2\/media?parent=12400"}],"wp:term":[{"taxonomy":"product_brand","embeddable":true,"href":"https:\/\/garrafeiragrandeescolha.pt\/en\/wp-json\/wp\/v2\/product_brand?post=12400"},{"taxonomy":"product_cat","embeddable":true,"href":"https:\/\/garrafeiragrandeescolha.pt\/en\/wp-json\/wp\/v2\/product_cat?post=12400"},{"taxonomy":"product_tag","embeddable":true,"href":"https:\/\/garrafeiragrandeescolha.pt\/en\/wp-json\/wp\/v2\/product_tag?post=12400"}],"curies":[{"name":"wp","href":"https:\/\/api.w.org\/{rel}","templated":true}]}}