{"id":12462,"date":"2020-03-23T22:40:30","date_gmt":"2020-03-23T22:40:30","guid":{"rendered":"http:\/\/garrafeiragrandeescolha.pt\/?post_type=product&#038;p=12462"},"modified":"2024-09-06T15:32:38","modified_gmt":"2024-09-06T15:32:38","slug":"porto-dona-matilde-vintage-2011","status":"publish","type":"product","link":"https:\/\/garrafeiragrandeescolha.pt\/en\/product-2\/porto-dona-matilde-vintage-2011\/","title":{"rendered":"Porto Dona Matilde Vintage 2011 75cl"},"content":{"rendered":"<p><img fetchpriority=\"high\" decoding=\"async\" class=\"size-medium wp-image-18109 aligncenter\" src=\"http:\/\/garrafeiragrandeescolha.pt\/wp-content\/uploads\/2023\/11\/dona-matilde-logo-300x300.jpg\" alt=\"\" width=\"300\" height=\"300\" srcset=\"https:\/\/garrafeiragrandeescolha.pt\/wp-content\/uploads\/2023\/11\/dona-matilde-logo-300x300.jpg 300w, https:\/\/garrafeiragrandeescolha.pt\/wp-content\/uploads\/2023\/11\/dona-matilde-logo-150x150.jpg 150w, https:\/\/garrafeiragrandeescolha.pt\/wp-content\/uploads\/2023\/11\/dona-matilde-logo-12x12.jpg 12w, https:\/\/garrafeiragrandeescolha.pt\/wp-content\/uploads\/2023\/11\/dona-matilde-logo-100x100.jpg 100w, https:\/\/garrafeiragrandeescolha.pt\/wp-content\/uploads\/2023\/11\/dona-matilde-logo.jpg 600w\" sizes=\"(max-width: 300px) 100vw, 300px\" \/><\/p>\n<p>Quinta Dona Matilde is one of the oldest properties in the Douro region. Previously known as Enxodreiro, the farm was part of the first demarcation, ordered by the Marqu\u00eas de Pombal in 1756, and was part of the properties authorized to produce \u201cfactory wines\u201d, an expression synonymous with the best wines, those intended for export. Even today, the entire vineyard on the farm has the letter A, the highest classification in the region, used in the Port wine sector.<\/p>\n<div id=\"ContentPlaceHolder1_txt_coluna1\" class=\"col-md-4\">Located on the north bank of the Douro River, in the Baga\u00faste dam area, the farm has 28 hectares of vineyards, installed between elevations 50 and 300 meters and with a large river front. It has traditional old Douro vines, aged between 70 and 90 years, and more recent plantations, around 20 years old.<\/div>\n<div id=\"ContentPlaceHolder1_txt_coluna2\" class=\"col-md-4\">Quinta Dona Matilde also constitutes an important natural habitat in the Douro. With a total surface of 93 hectares, there is a large area occupied by uncultivated land, with natural vegetation, which includes the so-called mortorios and also many olive trees \u2013 the farm has 1100 registered, but in the founder&#039;s old record book the purchase of 12 thousand olive trees in the middle of the last century.<\/div>\n<div id=\"ContentPlaceHolder1_txt_coluna3\" class=\"col-md-4\"><b><\/b>Flanked by large trees or stone walls, the farm&#039;s paths also lead towards the orange and lemon orchard or the terraced gardens, with roses and other typically Mediterranean vegetation. This biodiversity territory of the Douro is also inhabited by partridges, kites, Bonelli&#039;s eagles; hares, foxes and wild boars; snakes, spiders and many other insects that prey on vineyard pests.<\/div>","protected":false},"excerpt":{"rendered":"<p>A Quinta Dona Matilde possui vinhas com um hist\u00f3rico longo de produ\u00e7\u00e3o de uvas prop\u00edcias ao estilo vintage, pela sua concentra\u00e7\u00e3o. Esta categoria superior de Vinho do Porto, de uma \u00fanica vindima, s\u00f3 \u00e9 produzida em anos excecionais e envelhece em garrafa. O Quinta Dona Matilde Vintage mostra um intenso paladar e aroma a frutos do bosque e menta. Pode ser apreciado 2 a 3 anos ap\u00f3s a data da vindima e melhora com o envelhecimento.<\/p>","protected":false},"featured_media":1033,"template":"","meta":{"_exactmetrics_skip_tracking":false,"_exactmetrics_sitenote_active":false,"_exactmetrics_sitenote_note":"","_exactmetrics_sitenote_category":0,"_uf_show_specific_survey":0,"_uf_disable_surveys":false,"iawp_total_views":49},"product_brand":[],"product_cat":[159,168],"product_tag":[],"class_list":{"0":"post-12462","1":"product","2":"type-product","3":"status-publish","4":"has-post-thumbnail","6":"product_cat-portos","7":"product_cat-vintage","9":"first","10":"instock","11":"shipping-taxable","12":"purchasable","13":"product-type-simple"},"_links":{"self":[{"href":"https:\/\/garrafeiragrandeescolha.pt\/en\/wp-json\/wp\/v2\/product\/12462","targetHints":{"allow":["GET"]}}],"collection":[{"href":"https:\/\/garrafeiragrandeescolha.pt\/en\/wp-json\/wp\/v2\/product"}],"about":[{"href":"https:\/\/garrafeiragrandeescolha.pt\/en\/wp-json\/wp\/v2\/types\/product"}],"wp:featuredmedia":[{"embeddable":true,"href":"https:\/\/garrafeiragrandeescolha.pt\/en\/wp-json\/wp\/v2\/media\/1033"}],"wp:attachment":[{"href":"https:\/\/garrafeiragrandeescolha.pt\/en\/wp-json\/wp\/v2\/media?parent=12462"}],"wp:term":[{"taxonomy":"product_brand","embeddable":true,"href":"https:\/\/garrafeiragrandeescolha.pt\/en\/wp-json\/wp\/v2\/product_brand?post=12462"},{"taxonomy":"product_cat","embeddable":true,"href":"https:\/\/garrafeiragrandeescolha.pt\/en\/wp-json\/wp\/v2\/product_cat?post=12462"},{"taxonomy":"product_tag","embeddable":true,"href":"https:\/\/garrafeiragrandeescolha.pt\/en\/wp-json\/wp\/v2\/product_tag?post=12462"}],"curies":[{"name":"wp","href":"https:\/\/api.w.org\/{rel}","templated":true}]}}