{"id":12531,"date":"2020-03-24T23:37:13","date_gmt":"2020-03-24T23:37:13","guid":{"rendered":"http:\/\/garrafeiragrandeescolha.pt\/?post_type=product&#038;p=12531"},"modified":"2025-05-05T11:18:27","modified_gmt":"2025-05-05T11:18:27","slug":"quinta-da-touriga-cha-tinto","status":"publish","type":"product","link":"https:\/\/garrafeiragrandeescolha.pt\/en\/product-2\/quinta-da-touriga-cha-tinto\/","title":{"rendered":"Quinta da Touriga Ch\u00e3 Tinto 2021 75cl"},"content":{"rendered":"<p><img decoding=\"async\" class=\"size-medium wp-image-15398 aligncenter\" src=\"http:\/\/garrafeiragrandeescolha.pt\/wp-content\/uploads\/2022\/02\/qta-touriga-cha-logo-300x157.gif\" alt=\"\" width=\"300\" height=\"157\" \/><\/p>\n<p>After dedicating around 50 years of his life to Douro winemaking and a few years before passing away, Jos\u00e9 Ant\u00f3nio Castro Ramos Pinto Rosas, decided to fulfill his last dream, that of creating the \u201cperfect farm\u201d for the production of Port Wines and Douro.<br \/>\nAfter a long and detailed study of the Douro Demarcated Region and with the help of topographical maps, Jos\u00e9 Rosas found a property with around 20 hectares, in the Douro Superior near Vila Nova de Foz C\u00f4a, which, due to its characteristics (location, altitude, sun exposure, soils, etc.), he judged to have the ideal conditions to produce superior quality wines.<br \/>\nHe bought the property in the early 90s and at the age of 72, he decided to apply all the know-how he acquired throughout his career. He planted a vineyard of around 8.5 hectares, with selected varieties (mass selection), on very hard, schist and \u201cvirgin\u201d soil where this type of culture had never existed before.<br \/>\nThe decision (the only one so far) to plant a farm with around 80% of Touriga Nacional, led JARPR to \u201cchristen\u201d the farm with the name Touriga. Although this variety is very unproductive, Jos\u00e9 Rosas already considered it to be one of the noblest in the region due to the quality of the wines that came from it.<br \/>\nThe remainder was planted with the Tinta Roriz variety.<br \/>\nToday Quinta da Touriga is managed by his son Jorge, who decided to follow his father&#039;s dream by giving a new impetus to the property&#039;s history. In 2004, he completed the construction of a modern wine cellar, which was awarded first place in the \u201cDouro Architecture Award\u201d in 2006. Currently, limited quantities of two wines with Douro Controlled Designation of Origin are vinified, Puro and Quinta da Touriga-Ch\u00e3, today recognized by the specialized press as one of the best wines produced in the Demarcated Region.<\/p>","protected":false},"excerpt":{"rendered":"<p>Depois de ter dedicado cerca 50 anos da sua vida \u00e0 vitivinicultura Duriense e poucos anos antes de falecer, Jos\u00e9 Ant\u00f3nio Castro Ramos Pinto Rosas, decidiu concretizar o seu \u00faltimo sonho, o de realizar a \u201cquinta perfeita\u201d para a produ\u00e7\u00e3o de Vinhos do Porto e Douro. Ap\u00f3s um longo e detalhado estudo da Regi\u00e3o Demarcada [&hellip;]<\/p>","protected":false},"featured_media":1213,"template":"","meta":{"_exactmetrics_skip_tracking":false,"_exactmetrics_sitenote_active":false,"_exactmetrics_sitenote_note":"","_exactmetrics_sitenote_category":0,"_uf_show_specific_survey":0,"_uf_disable_surveys":false,"iawp_total_views":140},"product_brand":[],"product_cat":[215,201,184,157],"product_tag":[],"class_list":{"0":"post-12531","1":"product","2":"type-product","3":"status-publish","4":"has-post-thumbnail","6":"product_cat-douro","7":"product_cat-grandes-vinhos","8":"product_cat-tinto","9":"product_cat-vinhos","11":"first","12":"instock","13":"shipping-taxable","14":"purchasable","15":"product-type-simple"},"_links":{"self":[{"href":"https:\/\/garrafeiragrandeescolha.pt\/en\/wp-json\/wp\/v2\/product\/12531","targetHints":{"allow":["GET"]}}],"collection":[{"href":"https:\/\/garrafeiragrandeescolha.pt\/en\/wp-json\/wp\/v2\/product"}],"about":[{"href":"https:\/\/garrafeiragrandeescolha.pt\/en\/wp-json\/wp\/v2\/types\/product"}],"wp:featuredmedia":[{"embeddable":true,"href":"https:\/\/garrafeiragrandeescolha.pt\/en\/wp-json\/wp\/v2\/media\/1213"}],"wp:attachment":[{"href":"https:\/\/garrafeiragrandeescolha.pt\/en\/wp-json\/wp\/v2\/media?parent=12531"}],"wp:term":[{"taxonomy":"product_brand","embeddable":true,"href":"https:\/\/garrafeiragrandeescolha.pt\/en\/wp-json\/wp\/v2\/product_brand?post=12531"},{"taxonomy":"product_cat","embeddable":true,"href":"https:\/\/garrafeiragrandeescolha.pt\/en\/wp-json\/wp\/v2\/product_cat?post=12531"},{"taxonomy":"product_tag","embeddable":true,"href":"https:\/\/garrafeiragrandeescolha.pt\/en\/wp-json\/wp\/v2\/product_tag?post=12531"}],"curies":[{"name":"wp","href":"https:\/\/api.w.org\/{rel}","templated":true}]}}