{"id":12541,"date":"2020-03-25T00:11:49","date_gmt":"2020-03-25T00:11:49","guid":{"rendered":"http:\/\/garrafeiragrandeescolha.pt\/?post_type=product&#038;p=12541"},"modified":"2023-05-11T14:23:43","modified_gmt":"2023-05-11T14:23:43","slug":"quinta-de-ventozelo-touriga-franca-tinto","status":"publish","type":"product","link":"https:\/\/garrafeiragrandeescolha.pt\/en\/product-2\/quinta-de-ventozelo-touriga-franca-tinto\/","title":{"rendered":"Ventozelo Touriga Franca Red 2019 75cl"},"content":{"rendered":"<p><img decoding=\"async\" class=\"size-medium wp-image-15068 aligncenter\" src=\"http:\/\/garrafeiragrandeescolha.pt\/wp-content\/uploads\/2022\/02\/ventozelo-logo-300x155.png\" alt=\"\" width=\"300\" height=\"155\" srcset=\"https:\/\/garrafeiragrandeescolha.pt\/wp-content\/uploads\/2022\/02\/ventozelo-logo-300x155.png 300w, https:\/\/garrafeiragrandeescolha.pt\/wp-content\/uploads\/2022\/02\/ventozelo-logo.png 400w\" sizes=\"(max-width: 300px) 100vw, 300px\" \/><\/p>\n<p>Quinta de Ventozelo was land cultivated by Cistercian monks, great promoters of local agriculture and founders of Port wine, who populated the region in the Middle Ages. The first historical reference to Ventozelo dates back to 1288, but around 1500, due to placement in the Cistercian monastery of S. Pedro das \u00c1guias, which came into the possession of the nobles of Casa do Po\u00e7o, in Lamego, who founded it as a Quinta.<br \/>\nThis is one of the largest and oldest Quintas in the Douro. It passed through different hands over the centuries, hands that shaped and transformed it into what it is today.<\/p>\n<p>In 2014, Quinta de Ventozelo was acquired by Gran Cruz, the largest Port wine exporting company in Portugal, which had been processing its grapes since 2011.<br \/>\nFrom that moment on, Gran Cruz&#039;s strategy seeks to value the enormous potential of the property. This involves not only working on the richness and diversity of its wines, but also investing in olive oil, wine tourism and nature tourism.<br \/>\nIn total involvement with this place and its terroir, all the work developed has as its main focus to privilege and preserve its simplicity and authenticity.<\/p>","protected":false},"excerpt":{"rendered":"<p>A Quinta de Ventozelo era terra cultivada pelos monges de Cister, grandes impulsionadores da agricultura local e fundadores do vinho do Porto, que povoaram a regi\u00e3o na Idade m\u00e9dia. A primeira refer\u00eancia hist\u00f3rica de Ventozelo data de 1288, mas por volta de 1500, por emprazamento ao mosteiro Cisterciense de S. Pedro das \u00c1guias, que entrou [&hellip;]<\/p>","protected":false},"featured_media":1237,"template":"","meta":{"_exactmetrics_skip_tracking":false,"_exactmetrics_sitenote_active":false,"_exactmetrics_sitenote_note":"","_exactmetrics_sitenote_category":0,"_uf_show_specific_survey":0,"_uf_disable_surveys":false,"iawp_total_views":16},"product_brand":[],"product_cat":[157,184,215],"product_tag":[],"class_list":{"0":"post-12541","1":"product","2":"type-product","3":"status-publish","4":"has-post-thumbnail","6":"product_cat-vinhos","7":"product_cat-tinto","8":"product_cat-douro","10":"first","11":"instock","12":"shipping-taxable","13":"purchasable","14":"product-type-simple"},"_links":{"self":[{"href":"https:\/\/garrafeiragrandeescolha.pt\/en\/wp-json\/wp\/v2\/product\/12541","targetHints":{"allow":["GET"]}}],"collection":[{"href":"https:\/\/garrafeiragrandeescolha.pt\/en\/wp-json\/wp\/v2\/product"}],"about":[{"href":"https:\/\/garrafeiragrandeescolha.pt\/en\/wp-json\/wp\/v2\/types\/product"}],"wp:featuredmedia":[{"embeddable":true,"href":"https:\/\/garrafeiragrandeescolha.pt\/en\/wp-json\/wp\/v2\/media\/1237"}],"wp:attachment":[{"href":"https:\/\/garrafeiragrandeescolha.pt\/en\/wp-json\/wp\/v2\/media?parent=12541"}],"wp:term":[{"taxonomy":"product_brand","embeddable":true,"href":"https:\/\/garrafeiragrandeescolha.pt\/en\/wp-json\/wp\/v2\/product_brand?post=12541"},{"taxonomy":"product_cat","embeddable":true,"href":"https:\/\/garrafeiragrandeescolha.pt\/en\/wp-json\/wp\/v2\/product_cat?post=12541"},{"taxonomy":"product_tag","embeddable":true,"href":"https:\/\/garrafeiragrandeescolha.pt\/en\/wp-json\/wp\/v2\/product_tag?post=12541"}],"curies":[{"name":"wp","href":"https:\/\/api.w.org\/{rel}","templated":true}]}}