{"id":12554,"date":"2020-03-25T10:09:42","date_gmt":"2020-03-25T10:09:42","guid":{"rendered":"http:\/\/garrafeiragrandeescolha.pt\/?post_type=product&#038;p=12554"},"modified":"2024-03-23T10:56:43","modified_gmt":"2024-03-23T10:56:43","slug":"quinta-dona-doroteia-reserva-red-75cl","status":"publish","type":"product","link":"https:\/\/garrafeiragrandeescolha.pt\/en\/product-2\/quinta-dona-doroteia-reserva-red-75cl\/","title":{"rendered":"Quinta Dona Doroteia Reserva Red 2018 75cl"},"content":{"rendered":"<p><img fetchpriority=\"high\" decoding=\"async\" class=\"size-medium wp-image-15443 aligncenter\" src=\"http:\/\/garrafeiragrandeescolha.pt\/wp-content\/uploads\/2022\/02\/quinta-dona-doroteia-logo-300x182.png\" alt=\"\" width=\"300\" height=\"182\" srcset=\"https:\/\/garrafeiragrandeescolha.pt\/wp-content\/uploads\/2022\/02\/quinta-dona-doroteia-logo-300x182.png 300w, https:\/\/garrafeiragrandeescolha.pt\/wp-content\/uploads\/2022\/02\/quinta-dona-doroteia-logo.png 347w\" sizes=\"(max-width: 300px) 100vw, 300px\" \/><\/p>\n<p>Located on the right bank of the Torto River, a tributary of the Douro River, between Pinh\u00e3o and Ervedosa do Douro, Quinta Dona Doroteia is a 3-hectare property, 25 of which are occupied by old vineyards and the rest by new vineyards and olive trees. . Currently, the Quinta Dona Doroteia winery has an area of 1200 square meters of wine storage and storage area, with capacity for 250,000 liters (333,000 bottles) of wine, distributed in Port Wines and Douro Wines. In recent years, a few more properties were acquired in the Douro Demarcated Zone that allowed the production of bottled wines to increase: Quinta Vale do Malh\u00f4, Quinta das Testemunhas, Quinta da Corceira and Quinta do Reboredo, covering a total production area of 100 hectares.<\/p>","protected":false},"excerpt":{"rendered":"<p>Localizada na margem direita do rio Torto, um afluente do rio Douro, entre o Pinh\u00e3o e a Ervedosa do Douro, a Quinta Dona Doroteia \u00e9 uma propriedade de 3 hectares, dos quais 25 s\u00e3o ocupados por vinhas velhas e o restante por novas esposas e oliveiras. Atualmente, a vin\u00edcola Quinta Dona Doroteia possui uma \u00e1rea [&hellip;]<\/p>","protected":false},"featured_media":1301,"template":"","meta":{"_exactmetrics_skip_tracking":false,"_exactmetrics_sitenote_active":false,"_exactmetrics_sitenote_note":"","_exactmetrics_sitenote_category":0,"_uf_show_specific_survey":0,"_uf_disable_surveys":false,"iawp_total_views":155},"product_brand":[],"product_cat":[162,157,184,215],"product_tag":[],"class_list":{"0":"post-12554","1":"product","2":"type-product","3":"status-publish","4":"has-post-thumbnail","6":"product_cat-raridades","7":"product_cat-vinhos","8":"product_cat-tinto","9":"product_cat-douro","11":"first","12":"instock","13":"shipping-taxable","14":"purchasable","15":"product-type-simple"},"_links":{"self":[{"href":"https:\/\/garrafeiragrandeescolha.pt\/en\/wp-json\/wp\/v2\/product\/12554","targetHints":{"allow":["GET"]}}],"collection":[{"href":"https:\/\/garrafeiragrandeescolha.pt\/en\/wp-json\/wp\/v2\/product"}],"about":[{"href":"https:\/\/garrafeiragrandeescolha.pt\/en\/wp-json\/wp\/v2\/types\/product"}],"wp:featuredmedia":[{"embeddable":true,"href":"https:\/\/garrafeiragrandeescolha.pt\/en\/wp-json\/wp\/v2\/media\/1301"}],"wp:attachment":[{"href":"https:\/\/garrafeiragrandeescolha.pt\/en\/wp-json\/wp\/v2\/media?parent=12554"}],"wp:term":[{"taxonomy":"product_brand","embeddable":true,"href":"https:\/\/garrafeiragrandeescolha.pt\/en\/wp-json\/wp\/v2\/product_brand?post=12554"},{"taxonomy":"product_cat","embeddable":true,"href":"https:\/\/garrafeiragrandeescolha.pt\/en\/wp-json\/wp\/v2\/product_cat?post=12554"},{"taxonomy":"product_tag","embeddable":true,"href":"https:\/\/garrafeiragrandeescolha.pt\/en\/wp-json\/wp\/v2\/product_tag?post=12554"}],"curies":[{"name":"wp","href":"https:\/\/api.w.org\/{rel}","templated":true}]}}