{"id":12564,"date":"2020-03-25T10:49:41","date_gmt":"2020-03-25T10:49:41","guid":{"rendered":"http:\/\/garrafeiragrandeescolha.pt\/?post_type=product&#038;p=12564"},"modified":"2025-10-21T16:41:44","modified_gmt":"2025-10-21T16:41:44","slug":"quinta-dos-avidagos-reserve-red","status":"publish","type":"product","link":"https:\/\/garrafeiragrandeescolha.pt\/en\/product-2\/quinta-dos-avidagos-reserve-red\/","title":{"rendered":"Quinta dos Avidagos Reserva Red 2017 75cl"},"content":{"rendered":"<p><img decoding=\"async\" class=\"size-full wp-image-18586 aligncenter\" src=\"http:\/\/garrafeiragrandeescolha.pt\/wp-content\/uploads\/2024\/01\/avidagos-logo.jpg\" alt=\"\" width=\"250\" height=\"150\" srcset=\"https:\/\/garrafeiragrandeescolha.pt\/wp-content\/uploads\/2024\/01\/avidagos-logo.jpg 250w, https:\/\/garrafeiragrandeescolha.pt\/wp-content\/uploads\/2024\/01\/avidagos-logo-18x12.jpg 18w\" sizes=\"(max-width: 250px) 100vw, 250px\" \/><\/p>\n<p>The first farm has been in the family since 1670. Today there are 4 farms, with 80 hectares in total: Firvida and Al\u00e9m Tanha, Avidagos, Torr\u00e3o and Varanda. The tradition has always been to sell the grapes to Casas do Vinho do Porto, but from 1996 onwards the first trials for own production began at Quinta dos Avidagos.<\/p>\n<p>Quintas da Firvida, Torr\u00e3o and Varanda are already included in the map of the wine country made by Baron de Forrester in the 19th century. In 1999, a wine cellar was built with the latest technological advances that allow the production of high quality wines. At the same time, the old Port wine warehouse was remodeled to also serve as a staging area for the barrels.<\/p>\n<p>At the moment, Quinta dos Avidagos has an extensive range ranging from Avidagos White, Ros\u00e9 and Red to Quinta dos Avidagos Reserva White, Ros\u00e9 and Red, Quinta do Al\u00e9m Tanha Red and Quinta dos Avidagos Grande Reserva Red. Currently also with Port Wine.<\/p>\n<p>The indigenous grape varieties, such as Touriga Nacional, Touriga Franca and Tinta Roriz for the reds and Gouveio, Rabigato or Viosinho for the whites, allow us to obtain all the personality and character of the Douro \u201cterroirs\u201d.<\/p>\n<p>Combining cutting-edge oenology with traditional foot treading, in granite mills, the objective is to produce wines of excellent quality, with an international profile and with the character of our land. The excellence of the wine culture, the use of traditional grape varieties as well as the structural and human conditions of the project, have constituted the secret of our success. The Douro is truly unique, singular. The wines have been highlighted by critics in terms of quality and sales, both nationally and in export markets, have been increasing.<\/p>","protected":false},"excerpt":{"rendered":"<p>A primeira quinta est\u00e1 na fam\u00edlia desde 1670. Hoje j\u00e1 s\u00e3o 4 quintas, com 80 hectares ao todo: Firvida e Al\u00e9m Tanha, Avidagos, Torr\u00e3o e Varanda. A tradi\u00e7\u00e3o sempre foi vender as uvas \u00e0s Casas do Vinho do Porto mas, a partir de 1996 come\u00e7am os primeiros ensaios para produ\u00e7\u00e3o pr\u00f3pria na Quinta dos Avidagos. [&hellip;]<\/p>","protected":false},"featured_media":1322,"template":"","meta":{"_exactmetrics_skip_tracking":false,"_exactmetrics_sitenote_active":false,"_exactmetrics_sitenote_note":"","_exactmetrics_sitenote_category":0,"_uf_show_specific_survey":0,"_uf_disable_surveys":false,"iawp_total_views":48},"product_brand":[],"product_cat":[157,184,215],"product_tag":[],"class_list":{"0":"post-12564","1":"product","2":"type-product","3":"status-publish","4":"has-post-thumbnail","6":"product_cat-vinhos","7":"product_cat-tinto","8":"product_cat-douro","10":"first","11":"instock","12":"shipping-taxable","13":"purchasable","14":"product-type-simple"},"_links":{"self":[{"href":"https:\/\/garrafeiragrandeescolha.pt\/en\/wp-json\/wp\/v2\/product\/12564","targetHints":{"allow":["GET"]}}],"collection":[{"href":"https:\/\/garrafeiragrandeescolha.pt\/en\/wp-json\/wp\/v2\/product"}],"about":[{"href":"https:\/\/garrafeiragrandeescolha.pt\/en\/wp-json\/wp\/v2\/types\/product"}],"wp:featuredmedia":[{"embeddable":true,"href":"https:\/\/garrafeiragrandeescolha.pt\/en\/wp-json\/wp\/v2\/media\/1322"}],"wp:attachment":[{"href":"https:\/\/garrafeiragrandeescolha.pt\/en\/wp-json\/wp\/v2\/media?parent=12564"}],"wp:term":[{"taxonomy":"product_brand","embeddable":true,"href":"https:\/\/garrafeiragrandeescolha.pt\/en\/wp-json\/wp\/v2\/product_brand?post=12564"},{"taxonomy":"product_cat","embeddable":true,"href":"https:\/\/garrafeiragrandeescolha.pt\/en\/wp-json\/wp\/v2\/product_cat?post=12564"},{"taxonomy":"product_tag","embeddable":true,"href":"https:\/\/garrafeiragrandeescolha.pt\/en\/wp-json\/wp\/v2\/product_tag?post=12564"}],"curies":[{"name":"wp","href":"https:\/\/api.w.org\/{rel}","templated":true}]}}