{"id":12583,"date":"2020-03-25T12:21:26","date_gmt":"2020-03-25T12:21:26","guid":{"rendered":"http:\/\/garrafeiragrandeescolha.pt\/?post_type=product&#038;p=12583"},"modified":"2025-09-11T15:39:19","modified_gmt":"2025-09-11T15:39:19","slug":"redoma-rose-75cl","status":"publish","type":"product","link":"https:\/\/garrafeiragrandeescolha.pt\/en\/product-2\/redoma-rose-75cl\/","title":{"rendered":"Niepoort Redoma Ros\u00e9 2023 75cl"},"content":{"rendered":"<p><img fetchpriority=\"high\" decoding=\"async\" class=\"wp-image-8636 aligncenter\" src=\"https:\/\/garrafeiragrandeescolha.pt\/wp-content\/uploads\/2020\/03\/niepoort-logo.jpg\" alt=\"\" width=\"405\" height=\"228\" \/><\/p>\n<p>Independent family business for over a century and a half; Five generations have succeeded each other at the head of Niepoort since Franciscus Marius Niepoort founded the company in 1842. Almost always, two generations have worked side by side for many years, contributing to a successful transition. At this moment, we are excitedly looking at the future sixth generation, anticipating a close collaboration.<\/p>\n<div class=\"post grid-9\">\n<div class=\"post-text\">\n<p>The fifth generation: Eduard Dirk Niepoort and Verena Niepoort. Dirk has been at the head of the company since Eduard Rudolph Niepoort&#039;s formal retirement in 2005. Dirk, born in 1964, discovered the world of wine during his studies in Switzerland. In 1987, Dirk joined his father, Rolf Niepoort, in the family business and was challenged to innovate while maintaining good traditions. The first important step was the acquisition of our own vineyards: Quinta de N\u00e1poles and Quinta do Carril in Cima Corgo, a region that traditionally produces the best Port Wines. 15 hectares of vineyards were replanted, and 10 hectares of 60-year-old vines were carefully maintained. Owning Quintas and vineyards in the Douro was an important step towards the production of Port Wine and the creation of the first non-fortified Niepoort wines. Dirk&#039;s passion for wines, humble respect and curiosity for the Douro terroir has defined the spirit of Niepoort over the last two decades and is a constant inspiration for the team. Dirk&#039;s sister Verena joined the company as executive director in 2005.<\/p>\n<p>The fourth generation: Eduard Rudolf van der Niepoort. Rolf was born in March 1927. He has had a great interest in mechanics since he was a child, but also has a good business sense. In 1950, he joined his father, Eduard, in the family business. His experience was a valuable complement and he was able to overcome a difficult period from a financial point of view. Rolf dedicated his interest to commercial and human relations inside and outside the company, and was conservative when it came to wine production. Rolf nostalgically remembers the production of a Vintage Port, the one from 1970, as if it were his own creation, from beginning to end. Currently, it is considered one of the largest ports in Niepoort. Like all members of the Niepoort family, he is a great collector: of old cars, antiques and especially Portuguese weapons.<\/p>\n<p>The third generation: Eduard Marius Niepoort. Eduard was born on September 14, 1890, in Porto. He was extremely skilled and a born scientist. In 1912, due to the death of his father, Eduard Marius Niepoort was forced to join the family business. Rolf Niepoort, his son, remembers his father as a person \u201cinterested in several areas, such as chemistry, physics and mechanics, and was a man with a fine sense of humor.\u201d In the words of Elisabete, who worked with him, already linked to the administrative area at the time, he was a true \u201cicon of intelligence\u201d, a person of integrity and very thoughtful in the decisions he made. Eduard Marius left the company as an active partner in 1980 and dedicated his time to his many hobbies and collections. Eduard Marius Niepoort passed away at the age of 91 (on June 3, 1982). His grandchildren, Dirk and Verena, remember his severity when it came to his studies and keep the memory of a grandfather with endless collections of books, stamps, coins and train tickets!<\/p>\n<p>The second generation: Eduard Karel Jackob. Eduard Jackob was born in 1848, in Porto. Niepoort was already a prosperous company when Eduard Karel took over the family business and continued the work of his predecessor.<\/p>\n<p>The first generation: Franciscus Marius van der Niepoort. The founder, Franciscus, was born in 1813, in Hilversum, in the Netherlands. He married Francisca Louisa Elisabeth Ehlers. Franciscus Marius came to Portugal to create the company Niepoort, a Port Wine producer. He founded the company as a salesman in Porto, without his own land or vineyards. He was primarily a Port Wine merchant. He died in Porto on March 7, 1887.<\/p>\n<p>The art of Master Blender has also been passed down from generation to generation. Jos\u00e9 Nogueira was the fourth in his family to practice his art at Niepoort, having worked at the company for more than 50 years. His son Jos\u00e9 Rodrigo joined the team in September 2006 and worked together until 2011 and is currently the fifth generation of the Nogueira family.<\/p>\n<\/div>\n<\/div>\n<div class=\"post grid-9\">\n<div class=\"post-text\">\n<p>In 2010, Niepoort celebrated Master Blender Jos\u00e9 Nogueira\u2019s \u201c50 years at home\u201d with his family.<\/p>\n<\/div>\n<\/div>","protected":false},"excerpt":{"rendered":"<p>CASTAS: Tinta Amarela, Touriga Franca e outras<\/p>\n<p>A Niepoort lan\u00e7ou o seu primeiro ros\u00e9 em 1999 e cada vez mais os vinhos ros\u00e9s suscitam grandes paix\u00f5es, sendo esta uma das raz\u00f5es por que Dirk Niepoort persiste em fazer o seu Redoma: um ros\u00e9 do Douro com um car\u00e1cter muito pr\u00f3prio. Contrariamente ao t\u00edpico processo de vinifica\u00e7\u00e3o do ros\u00e9, o Redoma Ros\u00e9 \u00e9 fermentado em barricas novas de carvalho franc\u00eas depois de ser obtido o mosto de gota. Muito vivo e elegante no nariz, com fruta vermelha e especiarias, com tosta de madeira muito bem integrada. Grande frescura e comprimento, com volume e boa estrutura, mostrando bem a complexidade de vinhedos mais velhos. Sem d\u00favida, um ros\u00e9 com muitos atributos para a boa mesa.<\/p>","protected":false},"featured_media":20162,"template":"","meta":{"_exactmetrics_skip_tracking":false,"_exactmetrics_sitenote_active":false,"_exactmetrics_sitenote_note":"","_exactmetrics_sitenote_category":0,"_uf_show_specific_survey":0,"_uf_disable_surveys":false,"iawp_total_views":1},"product_brand":[],"product_cat":[157,186],"product_tag":[],"class_list":{"0":"post-12583","1":"product","2":"type-product","3":"status-publish","4":"has-post-thumbnail","6":"product_cat-vinhos","7":"product_cat-rose","9":"first","10":"instock","11":"shipping-taxable","12":"purchasable","13":"product-type-simple"},"_links":{"self":[{"href":"https:\/\/garrafeiragrandeescolha.pt\/en\/wp-json\/wp\/v2\/product\/12583","targetHints":{"allow":["GET"]}}],"collection":[{"href":"https:\/\/garrafeiragrandeescolha.pt\/en\/wp-json\/wp\/v2\/product"}],"about":[{"href":"https:\/\/garrafeiragrandeescolha.pt\/en\/wp-json\/wp\/v2\/types\/product"}],"wp:featuredmedia":[{"embeddable":true,"href":"https:\/\/garrafeiragrandeescolha.pt\/en\/wp-json\/wp\/v2\/media\/20162"}],"wp:attachment":[{"href":"https:\/\/garrafeiragrandeescolha.pt\/en\/wp-json\/wp\/v2\/media?parent=12583"}],"wp:term":[{"taxonomy":"product_brand","embeddable":true,"href":"https:\/\/garrafeiragrandeescolha.pt\/en\/wp-json\/wp\/v2\/product_brand?post=12583"},{"taxonomy":"product_cat","embeddable":true,"href":"https:\/\/garrafeiragrandeescolha.pt\/en\/wp-json\/wp\/v2\/product_cat?post=12583"},{"taxonomy":"product_tag","embeddable":true,"href":"https:\/\/garrafeiragrandeescolha.pt\/en\/wp-json\/wp\/v2\/product_tag?post=12583"}],"curies":[{"name":"wp","href":"https:\/\/api.w.org\/{rel}","templated":true}]}}