{"id":12603,"date":"2020-03-25T19:32:28","date_gmt":"2020-03-25T19:32:28","guid":{"rendered":"http:\/\/garrafeiragrandeescolha.pt\/?post_type=product&#038;p=12603"},"modified":"2022-03-30T17:51:03","modified_gmt":"2022-03-30T17:51:03","slug":"titular-tinto-75cl","status":"publish","type":"product","link":"https:\/\/garrafeiragrandeescolha.pt\/en\/product-2\/titular-tinto-75cl\/","title":{"rendered":"Titular Tinto 75cl"},"content":{"rendered":"<p><img fetchpriority=\"high\" decoding=\"async\" class=\"size-medium wp-image-15813 aligncenter\" src=\"http:\/\/garrafeiragrandeescolha.pt\/wp-content\/uploads\/2020\/04\/LOGO-Caminhos-cruzados-300x187.jpg\" alt=\"\" width=\"300\" height=\"187\" srcset=\"https:\/\/garrafeiragrandeescolha.pt\/wp-content\/uploads\/2020\/04\/LOGO-Caminhos-cruzados-300x187.jpg 300w, https:\/\/garrafeiragrandeescolha.pt\/wp-content\/uploads\/2020\/04\/LOGO-Caminhos-cruzados-1024x637.jpg 1024w, https:\/\/garrafeiragrandeescolha.pt\/wp-content\/uploads\/2020\/04\/LOGO-Caminhos-cruzados-768x478.jpg 768w, https:\/\/garrafeiragrandeescolha.pt\/wp-content\/uploads\/2020\/04\/LOGO-Caminhos-cruzados-18x12.jpg 18w, https:\/\/garrafeiragrandeescolha.pt\/wp-content\/uploads\/2020\/04\/LOGO-Caminhos-cruzados-600x373.jpg 600w, https:\/\/garrafeiragrandeescolha.pt\/wp-content\/uploads\/2020\/04\/LOGO-Caminhos-cruzados.jpg 1355w\" sizes=\"(max-width: 300px) 100vw, 300px\" \/><\/p>\n<p>Caminhos Cruzados was created by the initiative and will of the Santos family, born in Nelas, determined to return to their origins to invest in an old passion, D\u00e3o wine. Thus, a family company was born in 2012, run by L\u00edgia Santos, who exchanged Lisbon and law for wine and headed to Nelas to direct the project&#039;s fate. Its wines are made from grapes produced in-house and from selected producers, recognized for their quality and grape variety excellence, all in the D\u00e3o region.<\/p>\n<p>The company&#039;s philosophy is based on the production of quality wines, with an aspect of tradition combined with modernism and constant differentiation that the market demands, it is in this context that Caminhos Cruzados wines emerge as \u201cO Novo D\u00e3o?.<\/p>\n<p>The name comes from the family thought that life does not always follow straight paths and that, on the contrary, there are more atypical paths that take us to incredible places. The motto is that every time two paths cross, something fantastic can happen, as currently happens with family members, with different backgrounds and experiences, whose paths cross in the project.<\/p>\n<p>In 2015, Caminhos Cruzados was distinguished as \u201cBreakthrough Producer 2015? by Revista de Vinhos, providing yet another motivation to continue producing unique wines.<\/p>\n<p>The company (vineyards and winery) is located in the D\u00e3o area, more specifically in Nelas. In 2017, the new winery was inaugurated, with bold architecture and emerging from the Quinta da Teixuga vineyards. The Winery is inspired by the company logo, two lines that intersect and is perfectly integrated into the environment. It is aware of aesthetics and also sustainability and allows the practice of wine tourism.<\/p>","protected":false},"excerpt":{"rendered":"<p>Produzido a partir de uma mistura de castas do D\u00e3o, onde predomina a Touriga Nacional, a Tinta Roriz e o Alfrocheiro, e fruto de uma vinifica\u00e7\u00e3o muito cuidada, este vinho apresenta-se jovem, com uma cor viva, aromas de fruta vermelha e taninos equilibrados.<\/p>\n<p>Vinho jovem, com uma cor viva, aromas de fruta vermelha e taninos equilibrados.<\/p>","protected":false},"featured_media":1423,"template":"","meta":{"_exactmetrics_skip_tracking":false,"_exactmetrics_sitenote_active":false,"_exactmetrics_sitenote_note":"","_exactmetrics_sitenote_category":0,"_uf_show_specific_survey":0,"_uf_disable_surveys":false,"iawp_total_views":2},"product_brand":[],"product_cat":[187,184,157],"product_tag":[],"class_list":{"0":"post-12603","1":"product","2":"type-product","3":"status-publish","4":"has-post-thumbnail","6":"product_cat-dao-tinto","7":"product_cat-tinto","8":"product_cat-vinhos","10":"first","11":"instock","12":"shipping-taxable","13":"purchasable","14":"product-type-simple"},"_links":{"self":[{"href":"https:\/\/garrafeiragrandeescolha.pt\/en\/wp-json\/wp\/v2\/product\/12603","targetHints":{"allow":["GET"]}}],"collection":[{"href":"https:\/\/garrafeiragrandeescolha.pt\/en\/wp-json\/wp\/v2\/product"}],"about":[{"href":"https:\/\/garrafeiragrandeescolha.pt\/en\/wp-json\/wp\/v2\/types\/product"}],"wp:featuredmedia":[{"embeddable":true,"href":"https:\/\/garrafeiragrandeescolha.pt\/en\/wp-json\/wp\/v2\/media\/1423"}],"wp:attachment":[{"href":"https:\/\/garrafeiragrandeescolha.pt\/en\/wp-json\/wp\/v2\/media?parent=12603"}],"wp:term":[{"taxonomy":"product_brand","embeddable":true,"href":"https:\/\/garrafeiragrandeescolha.pt\/en\/wp-json\/wp\/v2\/product_brand?post=12603"},{"taxonomy":"product_cat","embeddable":true,"href":"https:\/\/garrafeiragrandeescolha.pt\/en\/wp-json\/wp\/v2\/product_cat?post=12603"},{"taxonomy":"product_tag","embeddable":true,"href":"https:\/\/garrafeiragrandeescolha.pt\/en\/wp-json\/wp\/v2\/product_tag?post=12603"}],"curies":[{"name":"wp","href":"https:\/\/api.w.org\/{rel}","templated":true}]}}