{"id":12759,"date":"2020-03-28T15:34:16","date_gmt":"2020-03-28T15:34:16","guid":{"rendered":"http:\/\/garrafeiragrandeescolha.pt\/?post_type=product&#038;p=12759"},"modified":"2024-11-02T12:41:54","modified_gmt":"2024-11-02T12:41:54","slug":"porto-kopke-colheita-2010-75cl","status":"publish","type":"product","link":"https:\/\/garrafeiragrandeescolha.pt\/en\/product-2\/porto-kopke-colheita-2010-75cl\/","title":{"rendered":"Porto Kopke Colheita 2010 75cl"},"content":{"rendered":"<p><img decoding=\"async\" class=\"size-medium wp-image-15298 aligncenter\" src=\"http:\/\/garrafeiragrandeescolha.pt\/wp-content\/uploads\/2022\/02\/kopke_logo-300x113.jpg\" alt=\"\" width=\"300\" height=\"113\" srcset=\"https:\/\/garrafeiragrandeescolha.pt\/wp-content\/uploads\/2022\/02\/kopke_logo-300x113.jpg 300w, https:\/\/garrafeiragrandeescolha.pt\/wp-content\/uploads\/2022\/02\/kopke_logo-768x289.jpg 768w, https:\/\/garrafeiragrandeescolha.pt\/wp-content\/uploads\/2022\/02\/kopke_logo-600x226.jpg 600w, https:\/\/garrafeiragrandeescolha.pt\/wp-content\/uploads\/2022\/02\/kopke_logo.jpg 780w\" sizes=\"(max-width: 300px) 100vw, 300px\" \/><\/p>\n<div>Kopke&#039;s journey is intertwined with the history of its place. The Douro was destined to be the amphitheater chosen for this union between the will of man and nature.<\/div>\n<div>In 1636, a journey took place between Hamburg and Portugal that would prove to be the root of a long story: Nicolau K\u00f6pke arrived in his new country as Consul General of the Hanseatic Cities.<br \/>\nTwo years later, in 1638, he signed the first bottles of wine sent to Northern Europe.<\/div>\n<div>The purchase of a farm in Douro, in 1781, marks the transition from a purchasing company to a large wine producer.<br \/>\nPort Wines are gaining importance in the company, quickly becoming the main business. Nicolau Kopke &amp; Co. becomes an example of innovation, integrating wine production and trade in the same company.<\/div>\n<div>In 1828, Cristiano Nicolau Kopk\u00eb, great-great-grandson of the company&#039;s founder, Nicolau Kopk\u00eb, and grandson of Cristiano Kopke, sided with the Liberal Party during the civil war, thus linking the company and the family to the cause.<br \/>\nThis dedication to the concept of social progress will be shared by all successive generations of the family.<br \/>\nIn 1836, Cristiano Nicolau Kopke was awarded the title of Baron of Vilar. 10 years later, his nephew Joaquim Augusto Kopke receives the title of Baron of Massarelos.<br \/>\nTwo centuries after the family&#039;s arrival in Portugal, their commitment to the country&#039;s development was rewarded.<\/div>\n<div>The firm takes the name CN Kopke.<br \/>\nThe Kopke in 1841 remains as such today.<\/div>\n<div>The purchase of Quinta de S. Luiz in 1922, almost three centuries after its creation, is like Kopke arriving home.<br \/>\nThis property, which has always been the choice of great connoisseurs of the Douro and Port Wine, has been desired for a long time. It becomes the focus, the model and the jewel of all Kopke wine production.<\/div>\n<div>In 1940, the certificate from the Commercial and Industrial Association of Portugal was signed, recognizing the antiquity of CN Kopke to 1638.<\/div>","protected":false},"excerpt":{"rendered":"<p>Tonalidade cor de tijolo com aureola \u00e2mbar. Nariz elegante e intenso com aromas a frutos secos como a noz e a am\u00eandoa, ligeiros apontamentos de especiarias, baunilha, erva pr\u00edncipe e algumas sensa\u00e7\u00f5es de notas mentoladas. Na boca possui um excelente equil\u00edbrio entre a do\u00e7ura e a acidez onde sobressaem sensa\u00e7\u00f5es de fruta madura, notas meladas, ligeiro fumo e notas picantes. Um colheita equilibrado, longo e intenso.<\/p>","protected":false},"featured_media":10213,"template":"","meta":{"_exactmetrics_skip_tracking":false,"_exactmetrics_sitenote_active":false,"_exactmetrics_sitenote_note":"","_exactmetrics_sitenote_category":0,"_uf_show_specific_survey":0,"_uf_disable_surveys":false,"iawp_total_views":7},"product_brand":[],"product_cat":[159,167],"product_tag":[],"class_list":{"0":"post-12759","1":"product","2":"type-product","3":"status-publish","4":"has-post-thumbnail","6":"product_cat-portos","7":"product_cat-colheita","9":"first","10":"instock","11":"shipping-taxable","12":"purchasable","13":"product-type-simple"},"_links":{"self":[{"href":"https:\/\/garrafeiragrandeescolha.pt\/en\/wp-json\/wp\/v2\/product\/12759","targetHints":{"allow":["GET"]}}],"collection":[{"href":"https:\/\/garrafeiragrandeescolha.pt\/en\/wp-json\/wp\/v2\/product"}],"about":[{"href":"https:\/\/garrafeiragrandeescolha.pt\/en\/wp-json\/wp\/v2\/types\/product"}],"wp:featuredmedia":[{"embeddable":true,"href":"https:\/\/garrafeiragrandeescolha.pt\/en\/wp-json\/wp\/v2\/media\/10213"}],"wp:attachment":[{"href":"https:\/\/garrafeiragrandeescolha.pt\/en\/wp-json\/wp\/v2\/media?parent=12759"}],"wp:term":[{"taxonomy":"product_brand","embeddable":true,"href":"https:\/\/garrafeiragrandeescolha.pt\/en\/wp-json\/wp\/v2\/product_brand?post=12759"},{"taxonomy":"product_cat","embeddable":true,"href":"https:\/\/garrafeiragrandeescolha.pt\/en\/wp-json\/wp\/v2\/product_cat?post=12759"},{"taxonomy":"product_tag","embeddable":true,"href":"https:\/\/garrafeiragrandeescolha.pt\/en\/wp-json\/wp\/v2\/product_tag?post=12759"}],"curies":[{"name":"wp","href":"https:\/\/api.w.org\/{rel}","templated":true}]}}