{"id":12765,"date":"2020-03-28T15:57:00","date_gmt":"2020-03-28T15:57:00","guid":{"rendered":"http:\/\/garrafeiragrandeescolha.pt\/?post_type=product&#038;p=12765"},"modified":"2025-04-09T15:07:53","modified_gmt":"2025-04-09T15:07:53","slug":"krohn-harvest-1996-75cl","status":"publish","type":"product","link":"https:\/\/garrafeiragrandeescolha.pt\/en\/product-2\/krohn-harvest-1996-75cl\/","title":{"rendered":"Krohn Colheita 1996 75cl"},"content":{"rendered":"<p><img decoding=\"async\" class=\"size-full wp-image-19828 aligncenter\" src=\"http:\/\/garrafeiragrandeescolha.pt\/wp-content\/uploads\/2025\/04\/krohn-logo.png\" alt=\"\" width=\"269\" height=\"139\" srcset=\"https:\/\/garrafeiragrandeescolha.pt\/wp-content\/uploads\/2025\/04\/krohn-logo.png 269w, https:\/\/garrafeiragrandeescolha.pt\/wp-content\/uploads\/2025\/04\/krohn-logo-18x9.png 18w\" sizes=\"(max-width: 269px) 100vw, 269px\" \/><\/p>\n<p>A\u00a0Krohn\u00a0foi fundada em 1865 por dois jovens noruegueses, Theodor Wiese e Dankert Krohn.<\/p>\n<p>Ao longo do seguinte s\u00e9culo e meio a empresa construiu uma not\u00e1vel reputa\u00e7\u00e3o gra\u00e7as aos seus Vinhos do Porto envelhecidos em cascos, particularmente os Colheita. A Krohn \u00e9 igualmente conhecida pelos seus Vintage elegantemente constitu\u00eddos, com origem na sua propriedade no vale do Rio Torto, a Quinta do Retiro Novo.<\/p>\n<div class=\"wpb_text_column wpb_content_element\">\n<div class=\"wpb_wrapper\">\n<p>o in\u00edcio era uma pequena empresa, baseada na exporta\u00e7\u00e3o de Vinho do Porto para os mercados escandinavos e para a Alemanha.<\/p>\n<p>Em 1880, Theodor Wiese decidiu vender a sua quota a Dankert Krohn \u2013 a reduzida dimens\u00e3o da firma n\u00e3o comportava dois s\u00f3cios -, mas continuou a sua colabora\u00e7\u00e3o com a Wiese &amp; Krohn como agente comercial na Noruega. Devido ao seu excelente trabalho, as vendas aumentaram consideravelmente e a empresa entrou numa nova fase de progresso econ\u00f3mico.<\/p>\n<\/div>\n<\/div>\n<div class=\"wpb_text_column wpb_content_element\">\n<div class=\"wpb_wrapper\">\n<p>Ap\u00f3s a morte de Dankert Krohn em 1906 o neg\u00f3cio prosseguiu tendo como s\u00f3cios, al\u00e9m da vi\u00fava e das filhas do fundador, Gomes Figueiredo e Edmund Arnsby, o primeiro um guarda-livros portugu\u00eas e o \u00faltimo um gerente brit\u00e2nico, ambos ex-colaboradores no tempo de Dankert Krohn.<\/p>\n<p>Durante este per\u00edodo, a Wiese &amp; Krohn estendeu a sua actividade comercial a novos mercados, tais como Fran\u00e7a, B\u00e9lgica e Pa\u00edses Baixos. Gomes Figueiredo reformou-se em 1921, ano em que Edmund Arnsby adquiriu a quota da fam\u00edlia Krohn e admitiu como novos s\u00f3cios o seu irm\u00e3o Frederick \u2013 um provador muito experiente vindo da Casa Croft \u2013 e Edmundo Falc\u00e3o Carneiro, director de exporta\u00e7\u00e3o portugu\u00eas a trabalhar na firma desde 1910.<br \/>\nEdmund Arnsby faleceu em 1933 e o seu irm\u00e3o Frederick reformou-se quatro anos depois. Esta foi a oportunidade para Edmundo Falc\u00e3o Carneiro adquirir as suas quotas e assim dar in\u00edcio a uma Casa de Vinhos do Porto de propriedade inteiramente portuguesa.<\/p>\n<p>Em 2013, The Fladgate Partnership\u00a0adquiriu a empresa familiar Wiese &amp; Krohn, acrescentando outra distinta casa de vinho do Porto ao seu portf\u00f3lio de marcas de renome mundial.<\/p>\n<p>Dez anos mais tarde, em 2023, a WineStone adquire a ic\u00f3nica marca de vinho do Porto e a singular Quinta do Retiro Novo, fortalecendo assim a sua posi\u00e7\u00e3o de afirma\u00e7\u00e3o como um dos principais\u00a0<em>players<\/em>\u00a0no setor dos vinhos em Portugal.<\/p>\n<\/div>\n<\/div>","protected":false},"excerpt":{"rendered":"<p>A wet winter was followed by a dry spring and summer. Heavy rain before harvesting began in the last days of September caused an increase in the harvest. Irregular quality but with specific cases of very interesting wines.<\/p>","protected":false},"featured_media":10218,"template":"","meta":{"_exactmetrics_skip_tracking":false,"_exactmetrics_sitenote_active":false,"_exactmetrics_sitenote_note":"","_exactmetrics_sitenote_category":0,"_uf_show_specific_survey":0,"_uf_disable_surveys":false,"iawp_total_views":17},"product_brand":[],"product_cat":[159,167],"product_tag":[],"class_list":{"0":"post-12765","1":"product","2":"type-product","3":"status-publish","4":"has-post-thumbnail","6":"product_cat-portos","7":"product_cat-colheita","9":"first","10":"instock","11":"shipping-taxable","12":"purchasable","13":"product-type-simple"},"_links":{"self":[{"href":"https:\/\/garrafeiragrandeescolha.pt\/en\/wp-json\/wp\/v2\/product\/12765","targetHints":{"allow":["GET"]}}],"collection":[{"href":"https:\/\/garrafeiragrandeescolha.pt\/en\/wp-json\/wp\/v2\/product"}],"about":[{"href":"https:\/\/garrafeiragrandeescolha.pt\/en\/wp-json\/wp\/v2\/types\/product"}],"wp:featuredmedia":[{"embeddable":true,"href":"https:\/\/garrafeiragrandeescolha.pt\/en\/wp-json\/wp\/v2\/media\/10218"}],"wp:attachment":[{"href":"https:\/\/garrafeiragrandeescolha.pt\/en\/wp-json\/wp\/v2\/media?parent=12765"}],"wp:term":[{"taxonomy":"product_brand","embeddable":true,"href":"https:\/\/garrafeiragrandeescolha.pt\/en\/wp-json\/wp\/v2\/product_brand?post=12765"},{"taxonomy":"product_cat","embeddable":true,"href":"https:\/\/garrafeiragrandeescolha.pt\/en\/wp-json\/wp\/v2\/product_cat?post=12765"},{"taxonomy":"product_tag","embeddable":true,"href":"https:\/\/garrafeiragrandeescolha.pt\/en\/wp-json\/wp\/v2\/product_tag?post=12765"}],"curies":[{"name":"wp","href":"https:\/\/api.w.org\/{rel}","templated":true}]}}