{"id":12787,"date":"2020-03-28T16:46:30","date_gmt":"2020-03-28T16:46:30","guid":{"rendered":"http:\/\/garrafeiragrandeescolha.pt\/?post_type=product&#038;p=12787"},"modified":"2024-11-02T17:17:35","modified_gmt":"2024-11-02T17:17:35","slug":"porto-messias-vintage-2009-75cl","status":"publish","type":"product","link":"https:\/\/garrafeiragrandeescolha.pt\/en\/product-2\/porto-messias-vintage-2009-75cl\/","title":{"rendered":"Porto Messias Vintage 2009 75cl"},"content":{"rendered":"<p><img fetchpriority=\"high\" decoding=\"async\" class=\"size-medium wp-image-15339 aligncenter\" src=\"http:\/\/garrafeiragrandeescolha.pt\/wp-content\/uploads\/2022\/02\/messias-logo-300x170.jpg\" alt=\"\" width=\"300\" height=\"170\" srcset=\"https:\/\/garrafeiragrandeescolha.pt\/wp-content\/uploads\/2022\/02\/messias-logo-300x170.jpg 300w, https:\/\/garrafeiragrandeescolha.pt\/wp-content\/uploads\/2022\/02\/messias-logo.jpg 550w\" sizes=\"(max-width: 300px) 100vw, 300px\" \/><\/p>\n<p>The company was founded in 1926, by Messias Baptista, who maintained the management of the company until 1973. The Administration of MESSIAS is still, today, ensured by the descendants of the Messias family.<\/p>\n<p>Since its foundation, MESSIAS has produced and sold wines from the main demarcated regions: Bairrada, Douro, D\u00e3o, Vinho Verde and Port Wine. The company is also recognized for the high quality of its Natural Sparkling Wines and Brandies.<\/p>\n<p>MESSIAS&#039; headquarters are located in Mealhada, a small town in the Bairrada region, where the company has more than 6,000 square meters of facilities and approximately 160 hectares of vineyards.<\/p>\n<p>In Ferradosa, Douro Valley, MESSIAS has 200 hectares of which 130 hectares are occupied by vineyards, for the production of Port Wine and Quinta do Cach\u00e3o Douro Wine. Facilities measuring more than 5,000 square meters are located here for the manufacture, storage and aging of wines.<\/p>\n<p>Port wine is bottled in Vila Nova de Gaia, in an area of approximately 10,000 square meters, where a branch and a logistics sector are located.<\/p>\n<p>MESSIAS is one of the few groups that has a complete range of wine products from the best Portuguese regions and its own Quintas.<\/p>","protected":false},"excerpt":{"rendered":"<p>Grapes: Touriga Nacional, Touriga Franca, Tinta Roriz, Tinta Barroca, Tinto C\u00e3o<\/p>\n<p>Vinho de cor retinta opaca, no nariz \u00e9 um vinho complexo e algo fechado, onde sobressaem notas de ch\u00e1 e cacau. Na boca trata-se de um vinho com imensa estrutura, bastante concentrado e com uns taninos muito agrad\u00e1veis. Vinho com imenso potencial de envelhecimento.<\/p>","protected":false},"featured_media":1860,"template":"","meta":{"_exactmetrics_skip_tracking":false,"_exactmetrics_sitenote_active":false,"_exactmetrics_sitenote_note":"","_exactmetrics_sitenote_category":0,"_uf_show_specific_survey":0,"_uf_disable_surveys":false,"iawp_total_views":10},"product_brand":[],"product_cat":[159,168],"product_tag":[],"class_list":{"0":"post-12787","1":"product","2":"type-product","3":"status-publish","4":"has-post-thumbnail","6":"product_cat-portos","7":"product_cat-vintage","9":"first","10":"instock","11":"shipping-taxable","12":"purchasable","13":"product-type-simple"},"_links":{"self":[{"href":"https:\/\/garrafeiragrandeescolha.pt\/en\/wp-json\/wp\/v2\/product\/12787","targetHints":{"allow":["GET"]}}],"collection":[{"href":"https:\/\/garrafeiragrandeescolha.pt\/en\/wp-json\/wp\/v2\/product"}],"about":[{"href":"https:\/\/garrafeiragrandeescolha.pt\/en\/wp-json\/wp\/v2\/types\/product"}],"wp:featuredmedia":[{"embeddable":true,"href":"https:\/\/garrafeiragrandeescolha.pt\/en\/wp-json\/wp\/v2\/media\/1860"}],"wp:attachment":[{"href":"https:\/\/garrafeiragrandeescolha.pt\/en\/wp-json\/wp\/v2\/media?parent=12787"}],"wp:term":[{"taxonomy":"product_brand","embeddable":true,"href":"https:\/\/garrafeiragrandeescolha.pt\/en\/wp-json\/wp\/v2\/product_brand?post=12787"},{"taxonomy":"product_cat","embeddable":true,"href":"https:\/\/garrafeiragrandeescolha.pt\/en\/wp-json\/wp\/v2\/product_cat?post=12787"},{"taxonomy":"product_tag","embeddable":true,"href":"https:\/\/garrafeiragrandeescolha.pt\/en\/wp-json\/wp\/v2\/product_tag?post=12787"}],"curies":[{"name":"wp","href":"https:\/\/api.w.org\/{rel}","templated":true}]}}