{"id":12797,"date":"2020-03-28T17:11:59","date_gmt":"2020-03-28T17:11:59","guid":{"rendered":"http:\/\/garrafeiragrandeescolha.pt\/?post_type=product&#038;p=12797"},"modified":"2022-02-05T10:19:19","modified_gmt":"2022-02-05T10:19:19","slug":"porto-noval-tawny-75cl","status":"publish","type":"product","link":"https:\/\/garrafeiragrandeescolha.pt\/en\/product-2\/porto-noval-tawny-75cl\/","title":{"rendered":"Porto Noval Tawny 75cl"},"content":{"rendered":"<p><img decoding=\"async\" class=\"size-medium wp-image-15374 aligncenter\" src=\"http:\/\/garrafeiragrandeescolha.pt\/wp-content\/uploads\/2022\/02\/noval-logo-300x105.jpg\" alt=\"\" width=\"300\" height=\"105\" srcset=\"https:\/\/garrafeiragrandeescolha.pt\/wp-content\/uploads\/2022\/02\/noval-logo-300x105.jpg 300w, https:\/\/garrafeiragrandeescolha.pt\/wp-content\/uploads\/2022\/02\/noval-logo-768x268.jpg 768w, https:\/\/garrafeiragrandeescolha.pt\/wp-content\/uploads\/2022\/02\/noval-logo-600x209.jpg 600w, https:\/\/garrafeiragrandeescolha.pt\/wp-content\/uploads\/2022\/02\/noval-logo.jpg 800w\" sizes=\"(max-width: 300px) 100vw, 300px\" \/><\/p>\n<p class=\"wysiwyg-text-align-justify\">Quinta do Noval benefits from a privileged location, in the heart of the Douro.<br \/>\nThe 145-hectare vineyard, fully classified as letter A, is planted with the Douro&#039;s most noble grape varieties: Touriga Nacional, Touriga Franca, Tinta Roriz, Tinto C\u00e3o and Sous\u00e3o.<br \/>\nThe vineyard plots have a rich geographic diversity.<br \/>\n. altitude: from 100m to 500m<br \/>\n. Exposure: to all cardinal points<br \/>\n. soil: shale with clay fragments, variable mixture<br \/>\nThese characteristics give the wines different nuances depending on their plot of origin. The magic of Quinta do Noval wines is born from the fusion of these nuances.<\/p>\n<p class=\"wysiwyg-text-align-justify\">Currently, vineyards are replanted with a single variety adapted to each individual plot according to three main factors: altitude, exposure and the type of vineyard planting.<br \/>\nThe magnificent ancient schist stone terraces continue to be the image of Quinta do Noval.<br \/>\nQuinta do Noval is the only historical exporter of Port wine named after its Quinta, and which produces Vintage Port from a single parcel, when declared.<\/p>","protected":false},"excerpt":{"rendered":"<p>Cor vermelho atijolado. Aroma intenso, jovem com alguma complexidade. Na boca \u00e9 doce, de estrutura m\u00e9dia, equilibrado e com um final agrad\u00e1vel e persistente. Deve ser bebido ligeiramente fresco como aperitivo ou a temperatura ambiente para acompanhar uma sobremesa.<\/p>","protected":false},"featured_media":1878,"template":"","meta":{"_exactmetrics_skip_tracking":false,"_exactmetrics_sitenote_active":false,"_exactmetrics_sitenote_note":"","_exactmetrics_sitenote_category":0,"_uf_show_specific_survey":0,"_uf_disable_surveys":false,"iawp_total_views":0},"product_brand":[],"product_cat":[159,173],"product_tag":[],"class_list":{"0":"post-12797","1":"product","2":"type-product","3":"status-publish","4":"has-post-thumbnail","6":"product_cat-portos","7":"product_cat-tawny-ruby","9":"first","10":"instock","11":"shipping-taxable","12":"purchasable","13":"product-type-simple"},"_links":{"self":[{"href":"https:\/\/garrafeiragrandeescolha.pt\/en\/wp-json\/wp\/v2\/product\/12797","targetHints":{"allow":["GET"]}}],"collection":[{"href":"https:\/\/garrafeiragrandeescolha.pt\/en\/wp-json\/wp\/v2\/product"}],"about":[{"href":"https:\/\/garrafeiragrandeescolha.pt\/en\/wp-json\/wp\/v2\/types\/product"}],"wp:featuredmedia":[{"embeddable":true,"href":"https:\/\/garrafeiragrandeescolha.pt\/en\/wp-json\/wp\/v2\/media\/1878"}],"wp:attachment":[{"href":"https:\/\/garrafeiragrandeescolha.pt\/en\/wp-json\/wp\/v2\/media?parent=12797"}],"wp:term":[{"taxonomy":"product_brand","embeddable":true,"href":"https:\/\/garrafeiragrandeescolha.pt\/en\/wp-json\/wp\/v2\/product_brand?post=12797"},{"taxonomy":"product_cat","embeddable":true,"href":"https:\/\/garrafeiragrandeescolha.pt\/en\/wp-json\/wp\/v2\/product_cat?post=12797"},{"taxonomy":"product_tag","embeddable":true,"href":"https:\/\/garrafeiragrandeescolha.pt\/en\/wp-json\/wp\/v2\/product_tag?post=12797"}],"curies":[{"name":"wp","href":"https:\/\/api.w.org\/{rel}","templated":true}]}}