{"id":12856,"date":"2020-03-28T22:49:43","date_gmt":"2020-03-28T22:49:43","guid":{"rendered":"http:\/\/garrafeiragrandeescolha.pt\/?post_type=product&#038;p=12856"},"modified":"2022-02-05T12:35:51","modified_gmt":"2022-02-05T12:35:51","slug":"porto-taylors-tawny-40-anos-75cl","status":"publish","type":"product","link":"https:\/\/garrafeiragrandeescolha.pt\/en\/product-2\/porto-taylors-tawny-40-anos-75cl\/","title":{"rendered":"Taylor&#039;s Tawny Port 40 years 75cl"},"content":{"rendered":"<p><img fetchpriority=\"high\" decoding=\"async\" class=\"size-medium wp-image-15467 aligncenter\" src=\"http:\/\/garrafeiragrandeescolha.pt\/wp-content\/uploads\/2022\/02\/Taylors-Colour-Logo-300x251.jpg\" alt=\"\" width=\"300\" height=\"251\" srcset=\"https:\/\/garrafeiragrandeescolha.pt\/wp-content\/uploads\/2022\/02\/Taylors-Colour-Logo-300x251.jpg 300w, https:\/\/garrafeiragrandeescolha.pt\/wp-content\/uploads\/2022\/02\/Taylors-Colour-Logo-1024x856.jpg 1024w, https:\/\/garrafeiragrandeescolha.pt\/wp-content\/uploads\/2022\/02\/Taylors-Colour-Logo-768x642.jpg 768w, https:\/\/garrafeiragrandeescolha.pt\/wp-content\/uploads\/2022\/02\/Taylors-Colour-Logo-600x501.jpg 600w, https:\/\/garrafeiragrandeescolha.pt\/wp-content\/uploads\/2022\/02\/Taylors-Colour-Logo.jpg 1156w\" sizes=\"(max-width: 300px) 100vw, 300px\" \/><\/p>\n<p>For many, Taylor&#039;s is the most illustrious wine producing house in Port and drinking its wines constitutes the most sublime of experiences.<\/p>\n<p>&nbsp;<\/p>\n<div id=\"collapseText\" class=\"rest-text\">\n<p>Created more than three centuries ago, in 1692, Taylor&#039;s is one of the oldest Port wine trading houses dedicated exclusively to the production of Port wine and, especially, its best styles.<\/p>\n<p>Above all, Taylor&#039;s is an independent company in which some family members play leadership roles in all areas of activity. The company&#039;s long and uninterrupted family tradition has allowed it to provide continuity and clarity of mission, both essential attributes of any great Port wine house. It also allowed us to improve the skills and knowledge necessary to produce the best Ports, which are constantly refined in light of the experience that is passed from generation to generation.<\/p>\n<p>Taylor&#039;s is also respected as a producer of wood-aged Port wines and holds one of the largest reserves of rare cask-aged wines, of which the distinctive aged Tawny Port wines stand out. The house is also known as the creator of LBV (Late Bottled Vintage), a style that the company pioneered and of which it continues to be the main producer.<\/p>\n<p>Successive generations, with their experience, have strived to improve their knowledge and ability to produce increasingly better Port wines.<\/p>\n<p>Based in Porto and the Douro region, the company is involved in all stages of the production of its Port wines, from planting the vineyard and growing the grapes to the elaboration, aging and bottling of wine batches. The family&#039;s commitment to the future of Port wine is demonstrated in its dedication to achieving the highest standards in Port wine production, its sustained investment in all areas of the company&#039;s operations and, ultimately, its determination to preserve the unique environment of the Douro region through the promotion of sustainable and responsible viticulture.<\/p>\n<\/div>","protected":false},"excerpt":{"rendered":"<p>Um vinho do Porto sublime de muit\u00edssima idade,\u00a0que mostra nuances de cor dourada e verde\u00a0azeitona, produto dos muitos anos que passou em casco. D\u00e9cadas de evapora\u00e7\u00e3o concentraram este\u00a0extraordin\u00e1rio vinho, dando-lhe uma densidade\u00a0excepcional e um poderoso nariz a frutas\u00a0desidratadas, mel e um toque de especiarias. Sinais\u00a0de noz-moscada, caf\u00e9 torrado e intensa sensa\u00e7\u00e3o\u00a0de frutos secos convergem, tanto no bouquet como\u00a0no palato. A textura rica, intensa, voluptuosa e\u00a0quase viscosa do vinho, culmina num final de\u00a0incr\u00edvel persist\u00eancia.<\/p>","protected":false},"featured_media":2014,"template":"","meta":{"_exactmetrics_skip_tracking":false,"_exactmetrics_sitenote_active":false,"_exactmetrics_sitenote_note":"","_exactmetrics_sitenote_category":0,"_uf_show_specific_survey":0,"_uf_disable_surveys":false,"iawp_total_views":24},"product_brand":[],"product_cat":[159,175],"product_tag":[],"class_list":{"0":"post-12856","1":"product","2":"type-product","3":"status-publish","4":"has-post-thumbnail","6":"product_cat-portos","7":"product_cat-porto-10-20-30-40-50-80","9":"first","10":"instock","11":"shipping-taxable","12":"purchasable","13":"product-type-simple"},"_links":{"self":[{"href":"https:\/\/garrafeiragrandeescolha.pt\/en\/wp-json\/wp\/v2\/product\/12856","targetHints":{"allow":["GET"]}}],"collection":[{"href":"https:\/\/garrafeiragrandeescolha.pt\/en\/wp-json\/wp\/v2\/product"}],"about":[{"href":"https:\/\/garrafeiragrandeescolha.pt\/en\/wp-json\/wp\/v2\/types\/product"}],"wp:featuredmedia":[{"embeddable":true,"href":"https:\/\/garrafeiragrandeescolha.pt\/en\/wp-json\/wp\/v2\/media\/2014"}],"wp:attachment":[{"href":"https:\/\/garrafeiragrandeescolha.pt\/en\/wp-json\/wp\/v2\/media?parent=12856"}],"wp:term":[{"taxonomy":"product_brand","embeddable":true,"href":"https:\/\/garrafeiragrandeescolha.pt\/en\/wp-json\/wp\/v2\/product_brand?post=12856"},{"taxonomy":"product_cat","embeddable":true,"href":"https:\/\/garrafeiragrandeescolha.pt\/en\/wp-json\/wp\/v2\/product_cat?post=12856"},{"taxonomy":"product_tag","embeddable":true,"href":"https:\/\/garrafeiragrandeescolha.pt\/en\/wp-json\/wp\/v2\/product_tag?post=12856"}],"curies":[{"name":"wp","href":"https:\/\/api.w.org\/{rel}","templated":true}]}}