{"id":13158,"date":"2020-04-06T11:09:49","date_gmt":"2020-04-06T11:09:49","guid":{"rendered":"http:\/\/garrafeiragrandeescolha.pt\/?post_type=product&#038;p=13158"},"modified":"2024-11-06T18:49:55","modified_gmt":"2024-11-06T18:49:55","slug":"vale-da-mata-reserva-tinto-75cl","status":"publish","type":"product","link":"https:\/\/garrafeiragrandeescolha.pt\/en\/product-2\/vale-da-mata-reserva-tinto-75cl\/","title":{"rendered":"Vale da Mata Reserva Red 75cl"},"content":{"rendered":"<p>88 pts. \u201cWine Enthusiast\u201d \u2013 Colheita 2011<\/p>\n<p>17 pts. Julia Harding| Jancis Robinson \u2013 Colheita 2011<\/p>\n<p>\u201cMelhores de Portugal 2017\u201d \u2013 Revista de Vinhos \u2013 Colheita 2013<\/p>\n<p>17 pts \u2013\u00a0 Revista VINHO \u2013 Grades Escolhas \u2013 colheita 2014<\/p>\n<p>92 pts Fugas \u2013 Colheita 2014<\/p>","protected":false},"excerpt":{"rendered":"<p>O \u201cVale da Mata\u201d Tinto Reserva \u00e9 um vinho aut\u00eantico que revela de forma \u00fanica o\u00a0<em>terroir<\/em>\u00a0da regi\u00e3o, marcado pela frescura e mineralidade do Oceano Atl\u00e2ntico.<\/p>","protected":false},"featured_media":2725,"template":"","meta":{"_exactmetrics_skip_tracking":false,"_exactmetrics_sitenote_active":false,"_exactmetrics_sitenote_note":"","_exactmetrics_sitenote_category":0,"_uf_show_specific_survey":0,"_uf_disable_surveys":false,"iawp_total_views":39},"product_brand":[],"product_cat":[210,184,157],"product_tag":[],"class_list":{"0":"post-13158","1":"product","2":"type-product","3":"status-publish","4":"has-post-thumbnail","6":"product_cat-lisboa","7":"product_cat-tinto","8":"product_cat-vinhos","10":"first","11":"instock","12":"shipping-taxable","13":"purchasable","14":"product-type-simple"},"_links":{"self":[{"href":"https:\/\/garrafeiragrandeescolha.pt\/en\/wp-json\/wp\/v2\/product\/13158","targetHints":{"allow":["GET"]}}],"collection":[{"href":"https:\/\/garrafeiragrandeescolha.pt\/en\/wp-json\/wp\/v2\/product"}],"about":[{"href":"https:\/\/garrafeiragrandeescolha.pt\/en\/wp-json\/wp\/v2\/types\/product"}],"wp:featuredmedia":[{"embeddable":true,"href":"https:\/\/garrafeiragrandeescolha.pt\/en\/wp-json\/wp\/v2\/media\/2725"}],"wp:attachment":[{"href":"https:\/\/garrafeiragrandeescolha.pt\/en\/wp-json\/wp\/v2\/media?parent=13158"}],"wp:term":[{"taxonomy":"product_brand","embeddable":true,"href":"https:\/\/garrafeiragrandeescolha.pt\/en\/wp-json\/wp\/v2\/product_brand?post=13158"},{"taxonomy":"product_cat","embeddable":true,"href":"https:\/\/garrafeiragrandeescolha.pt\/en\/wp-json\/wp\/v2\/product_cat?post=13158"},{"taxonomy":"product_tag","embeddable":true,"href":"https:\/\/garrafeiragrandeescolha.pt\/en\/wp-json\/wp\/v2\/product_tag?post=13158"}],"curies":[{"name":"wp","href":"https:\/\/api.w.org\/{rel}","templated":true}]}}