{"id":13390,"date":"2020-04-14T10:25:06","date_gmt":"2020-04-14T10:25:06","guid":{"rendered":"http:\/\/garrafeiragrandeescolha.pt\/?post_type=product&#038;p=13390"},"modified":"2022-09-29T11:26:22","modified_gmt":"2022-09-29T11:26:22","slug":"eric-rodez-blanc-de-blancs-champagne-grand-cru-75cl","status":"publish","type":"product","link":"https:\/\/garrafeiragrandeescolha.pt\/en\/product-2\/eric-rodez-blanc-de-blancs-champagne-grand-cru-75cl\/","title":{"rendered":"Eric Rodez Blanc De Blancs Champagne Grand Cru 75cl"},"content":{"rendered":"<p>A hist\u00f3ria de Champagne baseia-se no desejo de convergir pelos dois grupos familiares dentro do microcosmo de Champagne.\u00a0Os produtores de uva que, ao longo de v\u00e1rias gera\u00e7\u00f5es, redesenharam a paisagem da vinha, enquanto as casas de champanhe aperfei\u00e7oavam os m\u00e9todos para produzir vinho espumante.\u00a0Juntos, os Champenois conseguiram criar um vinho m\u00e1gico.<\/p>","protected":false},"excerpt":{"rendered":"<p><span>Champanhe Brut feito apenas com Chardonnay.\u00a0As origens do terroir tra\u00e7am jogando em um registro de grande generosidade.\u00a0Geralmente o cuv\u00e9e de draw vem de mais de 15 vinhos de 5 a 6 safras diferentes.\u00a070% dos vinhos s\u00e3o vinificados em pequenos barris de carvalho e 40% n\u00e3o foram submetidos a fermenta\u00e7\u00e3o malol\u00e1tica.<\/span><\/p>\n<p><span>\u00a0Champanhe com uma cor dourada clara.\u00a0O nariz \u00e9 expressivo com detalhes frutados e brioche, com agita\u00e7\u00e3o, se expressa em notas de p\u00eassego com algumas notas c\u00edtricas.\u00a0O paladar \u00e9 corpulento, longo, com uma bela eleg\u00e2ncia.<\/span><\/p>","protected":false},"featured_media":3370,"template":"","meta":{"_exactmetrics_skip_tracking":false,"_exactmetrics_sitenote_active":false,"_exactmetrics_sitenote_note":"","_exactmetrics_sitenote_category":0,"_uf_show_specific_survey":0,"_uf_disable_surveys":false,"iawp_total_views":9},"product_brand":[],"product_cat":[160,178],"product_tag":[],"class_list":{"0":"post-13390","1":"product","2":"type-product","3":"status-publish","4":"has-post-thumbnail","6":"product_cat-espumantes","7":"product_cat-champagne","9":"first","10":"instock","11":"shipping-taxable","12":"purchasable","13":"product-type-simple"},"_links":{"self":[{"href":"https:\/\/garrafeiragrandeescolha.pt\/en\/wp-json\/wp\/v2\/product\/13390","targetHints":{"allow":["GET"]}}],"collection":[{"href":"https:\/\/garrafeiragrandeescolha.pt\/en\/wp-json\/wp\/v2\/product"}],"about":[{"href":"https:\/\/garrafeiragrandeescolha.pt\/en\/wp-json\/wp\/v2\/types\/product"}],"wp:featuredmedia":[{"embeddable":true,"href":"https:\/\/garrafeiragrandeescolha.pt\/en\/wp-json\/wp\/v2\/media\/3370"}],"wp:attachment":[{"href":"https:\/\/garrafeiragrandeescolha.pt\/en\/wp-json\/wp\/v2\/media?parent=13390"}],"wp:term":[{"taxonomy":"product_brand","embeddable":true,"href":"https:\/\/garrafeiragrandeescolha.pt\/en\/wp-json\/wp\/v2\/product_brand?post=13390"},{"taxonomy":"product_cat","embeddable":true,"href":"https:\/\/garrafeiragrandeescolha.pt\/en\/wp-json\/wp\/v2\/product_cat?post=13390"},{"taxonomy":"product_tag","embeddable":true,"href":"https:\/\/garrafeiragrandeescolha.pt\/en\/wp-json\/wp\/v2\/product_tag?post=13390"}],"curies":[{"name":"wp","href":"https:\/\/api.w.org\/{rel}","templated":true}]}}