{"id":13597,"date":"2020-04-22T19:54:09","date_gmt":"2020-04-22T19:54:09","guid":{"rendered":"http:\/\/garrafeiragrandeescolha.pt\/?post_type=product&#038;p=13597"},"modified":"2022-01-22T16:30:10","modified_gmt":"2022-01-22T16:30:10","slug":"gin-13-framboesas-70cl","status":"publish","type":"product","link":"https:\/\/garrafeiragrandeescolha.pt\/en\/product-2\/gin-13-framboesas-70cl\/","title":{"rendered":"Gin 13 Raspberries 70cl"},"content":{"rendered":"","protected":false},"excerpt":{"rendered":"<p><img decoding=\"async\" class=\"alignnone size-full wp-image-3689\" src=\"https:\/\/garrafeiragrandeescolha.pt\/wp-content\/uploads\/2020\/04\/portugal.png\" alt=\"\" width=\"70\" height=\"40\" \/> Origin Portugal<\/p>\n<p>Um Gin com aspecto jovem, com ligeiras notas do l\u00fapulo mas com paladar final fresco e c\u00edtrico. Transmite a mensagem m\u00edstica de que a sorte se faz, da\u00ed chamar-se Gin 13 \u2013 o design da garrafa transmite tamb\u00e9m esta simbologia associada ao \u201cn\u00famero do azar\u201d, com o uso do gato preto, do trevo e das caveiras. O Gin 13 \u00e9 um gin portugu\u00eas de rota\u00e7\u00e3o, com 13 bot\u00e2nicos: zimbro; semente de coentro; lim\u00e3o; tangerina; cardamomo; gengibre; am\u00eandoa; ra\u00edz de ang\u00e9lica; alca\u00e7uz; erva pr\u00edncipe; flor de jasmim; ch\u00e1 preto e framboesas frescas. Destilado em alambiques tradicionais portugueses: \u00e1lcool base de cereais destilado emnaked flame 4 vezes, depois destilado novamente com todos os bot\u00e2nicos dentro do alambique com exce\u00e7\u00e3o do lim\u00e3o e erva pr\u00edncipe que s\u00e3o colocados no cesto de bot\u00e2nicos.<\/p>","protected":false},"featured_media":4103,"template":"","meta":{"_exactmetrics_skip_tracking":false,"_exactmetrics_sitenote_active":false,"_exactmetrics_sitenote_note":"","_exactmetrics_sitenote_category":0,"_uf_show_specific_survey":0,"_uf_disable_surveys":false,"iawp_total_views":2},"product_brand":[],"product_cat":[158,183],"product_tag":[],"class_list":{"0":"post-13597","1":"product","2":"type-product","3":"status-publish","4":"has-post-thumbnail","6":"product_cat-espirituosos","7":"product_cat-gin","9":"first","10":"instock","11":"shipping-taxable","12":"purchasable","13":"product-type-simple"},"_links":{"self":[{"href":"https:\/\/garrafeiragrandeescolha.pt\/en\/wp-json\/wp\/v2\/product\/13597","targetHints":{"allow":["GET"]}}],"collection":[{"href":"https:\/\/garrafeiragrandeescolha.pt\/en\/wp-json\/wp\/v2\/product"}],"about":[{"href":"https:\/\/garrafeiragrandeescolha.pt\/en\/wp-json\/wp\/v2\/types\/product"}],"wp:featuredmedia":[{"embeddable":true,"href":"https:\/\/garrafeiragrandeescolha.pt\/en\/wp-json\/wp\/v2\/media\/4103"}],"wp:attachment":[{"href":"https:\/\/garrafeiragrandeescolha.pt\/en\/wp-json\/wp\/v2\/media?parent=13597"}],"wp:term":[{"taxonomy":"product_brand","embeddable":true,"href":"https:\/\/garrafeiragrandeescolha.pt\/en\/wp-json\/wp\/v2\/product_brand?post=13597"},{"taxonomy":"product_cat","embeddable":true,"href":"https:\/\/garrafeiragrandeescolha.pt\/en\/wp-json\/wp\/v2\/product_cat?post=13597"},{"taxonomy":"product_tag","embeddable":true,"href":"https:\/\/garrafeiragrandeescolha.pt\/en\/wp-json\/wp\/v2\/product_tag?post=13597"}],"curies":[{"name":"wp","href":"https:\/\/api.w.org\/{rel}","templated":true}]}}