{"id":13799,"date":"2020-05-01T15:22:16","date_gmt":"2020-05-01T15:22:16","guid":{"rendered":"http:\/\/garrafeiragrandeescolha.pt\/?post_type=product&#038;p=13799"},"modified":"2024-11-07T11:46:23","modified_gmt":"2024-11-07T11:46:23","slug":"pocas-vermouth-soberbo-75cl","status":"publish","type":"product","link":"https:\/\/garrafeiragrandeescolha.pt\/en\/product-2\/pocas-vermouth-soberbo-75cl\/","title":{"rendered":"Puddles Vermouth Superb 75cl"},"content":{"rendered":"<p><img fetchpriority=\"high\" decoding=\"async\" class=\"size-medium wp-image-15555 aligncenter\" src=\"http:\/\/garrafeiragrandeescolha.pt\/wp-content\/uploads\/2020\/05\/POCAS_LOGO-300x211.jpg\" alt=\"\" width=\"300\" height=\"211\" srcset=\"https:\/\/garrafeiragrandeescolha.pt\/wp-content\/uploads\/2020\/05\/POCAS_LOGO-300x211.jpg 300w, https:\/\/garrafeiragrandeescolha.pt\/wp-content\/uploads\/2020\/05\/POCAS_LOGO-768x541.jpg 768w, https:\/\/garrafeiragrandeescolha.pt\/wp-content\/uploads\/2020\/05\/POCAS_LOGO-600x423.jpg 600w, https:\/\/garrafeiragrandeescolha.pt\/wp-content\/uploads\/2020\/05\/POCAS_LOGO.jpg 785w\" sizes=\"(max-width: 300px) 100vw, 300px\" \/><\/p>\n<p>It all started in 1918, when Manoel Domingues Po\u00e7as J\u00fanior, born in the center of the hustle and bustle of Port Wine, decided to found his own business.<br \/>\nIt was August 15th, just a few months before the Armistice. Manoel Po\u00e7as was 30 years old and had some work experience in the area. With his uncle, he founded a company to sell brandies to large Port wine producers. Shortly afterwards, it established the headquarters that it remains today, in Vila Nova de Gaia.<br \/>\nFirst his uncle, then his brothers, his wife, his grandchildren: the entire Po\u00e7as family came to share his passion for wine, combining respect for tradition with an open mind to the innovation brought by new generations.<br \/>\nToday, with three farms in the best locations in the Douro Demarcated Region, Po\u00e7as has total control of the quality of its wines. And family involvement is stronger than ever.<\/p>","protected":false},"excerpt":{"rendered":"<p>Feito com vinho do Porto branco, Soberbo apresenta grande frescura e exuber\u00e2ncia, integrando harmoniosamente a do\u00e7ura do vinho do Porto e a amargura das ervas arom\u00e1ticas do Douro.<\/p>\n<p>Devido \u00e0 sua particularidade, pode ser bebido em um coquetel ou servido apenas com gelo e uma fatia de laranja.<\/p>","protected":false},"featured_media":4657,"template":"","meta":{"_exactmetrics_skip_tracking":false,"_exactmetrics_sitenote_active":false,"_exactmetrics_sitenote_note":"","_exactmetrics_sitenote_category":0,"_uf_show_specific_survey":0,"_uf_disable_surveys":false,"iawp_total_views":39},"product_brand":[],"product_cat":[166,158,205],"product_tag":[],"class_list":{"0":"post-13799","1":"product","2":"type-product","3":"status-publish","4":"has-post-thumbnail","6":"product_cat-white-portos","7":"product_cat-espirituosos","8":"product_cat-vermouth","10":"first","11":"instock","12":"shipping-taxable","13":"purchasable","14":"product-type-simple"},"_links":{"self":[{"href":"https:\/\/garrafeiragrandeescolha.pt\/en\/wp-json\/wp\/v2\/product\/13799","targetHints":{"allow":["GET"]}}],"collection":[{"href":"https:\/\/garrafeiragrandeescolha.pt\/en\/wp-json\/wp\/v2\/product"}],"about":[{"href":"https:\/\/garrafeiragrandeescolha.pt\/en\/wp-json\/wp\/v2\/types\/product"}],"wp:featuredmedia":[{"embeddable":true,"href":"https:\/\/garrafeiragrandeescolha.pt\/en\/wp-json\/wp\/v2\/media\/4657"}],"wp:attachment":[{"href":"https:\/\/garrafeiragrandeescolha.pt\/en\/wp-json\/wp\/v2\/media?parent=13799"}],"wp:term":[{"taxonomy":"product_brand","embeddable":true,"href":"https:\/\/garrafeiragrandeescolha.pt\/en\/wp-json\/wp\/v2\/product_brand?post=13799"},{"taxonomy":"product_cat","embeddable":true,"href":"https:\/\/garrafeiragrandeescolha.pt\/en\/wp-json\/wp\/v2\/product_cat?post=13799"},{"taxonomy":"product_tag","embeddable":true,"href":"https:\/\/garrafeiragrandeescolha.pt\/en\/wp-json\/wp\/v2\/product_tag?post=13799"}],"curies":[{"name":"wp","href":"https:\/\/api.w.org\/{rel}","templated":true}]}}