{"id":14012,"date":"2020-06-03T17:48:09","date_gmt":"2020-06-03T17:48:09","guid":{"rendered":"http:\/\/garrafeiragrandeescolha.pt\/?post_type=product&#038;p=14012"},"modified":"2026-01-31T10:35:44","modified_gmt":"2026-01-31T10:35:44","slug":"baron-de-b-tinto-75cl","status":"publish","type":"product","link":"https:\/\/garrafeiragrandeescolha.pt\/en\/product-2\/baron-de-b-tinto-75cl\/","title":{"rendered":"Baron de B. Tinto 2017 75cl"},"content":{"rendered":"<p><img fetchpriority=\"high\" decoding=\"async\" class=\"size-medium wp-image-16136 aligncenter\" src=\"http:\/\/garrafeiragrandeescolha.pt\/wp-content\/uploads\/2022\/06\/herdade-da-calada-logo-271x300.png\" alt=\"\" width=\"271\" height=\"300\" srcset=\"https:\/\/garrafeiragrandeescolha.pt\/wp-content\/uploads\/2022\/06\/herdade-da-calada-logo-271x300.png 271w, https:\/\/garrafeiragrandeescolha.pt\/wp-content\/uploads\/2022\/06\/herdade-da-calada-logo-11x12.png 11w, https:\/\/garrafeiragrandeescolha.pt\/wp-content\/uploads\/2022\/06\/herdade-da-calada-logo.png 427w\" sizes=\"(max-width: 271px) 100vw, 271px\" \/><\/p>\n<p class=\"shortcode1-2\">Fundada em 1854 pelos descendentes do Duque de Lencastre, rodeada de sobreiros e de eucaliptos provenientes da Austr\u00e1lia, a Herdade da Calada esconde-se entre as suaves colinas do Alentejo. Ao longo dos anos foi alvo de diversas interven\u00e7\u00f5es e melhoramentos, mas preserva a beleza e a eleg\u00e2ncia do tra\u00e7o original do edif\u00edcio principal e hoje \u00e9 um dos dom\u00ednios vin\u00edcolas mais modernos e inovadores de Portugal, com uma unidade de enoturismo, 35 hectares de vinha, 110 hectares de olival, 60 de cereais, 215 de montado e um magnifico alojamento.<\/p>","protected":false},"excerpt":{"rendered":"<p>Castas: Vinhas velhas &#8211; 30 anos: Aragonez, Trincadeira, Alicante Bouschet<\/p>\n<p>Aroma intenso de frutos silvestres.<br \/>\nSuculento com notas picantes no palato e chocolate amargo.<\/p>","protected":false},"featured_media":5521,"template":"","meta":{"_exactmetrics_skip_tracking":false,"_exactmetrics_sitenote_active":false,"_exactmetrics_sitenote_note":"","_exactmetrics_sitenote_category":0,"_uf_show_specific_survey":0,"_uf_disable_surveys":false,"iawp_total_views":16},"product_brand":[],"product_cat":[157,184,207],"product_tag":[],"class_list":{"0":"post-14012","1":"product","2":"type-product","3":"status-publish","4":"has-post-thumbnail","6":"product_cat-vinhos","7":"product_cat-tinto","8":"product_cat-alentejo","10":"first","11":"instock","12":"shipping-taxable","13":"purchasable","14":"product-type-simple"},"_links":{"self":[{"href":"https:\/\/garrafeiragrandeescolha.pt\/en\/wp-json\/wp\/v2\/product\/14012","targetHints":{"allow":["GET"]}}],"collection":[{"href":"https:\/\/garrafeiragrandeescolha.pt\/en\/wp-json\/wp\/v2\/product"}],"about":[{"href":"https:\/\/garrafeiragrandeescolha.pt\/en\/wp-json\/wp\/v2\/types\/product"}],"wp:featuredmedia":[{"embeddable":true,"href":"https:\/\/garrafeiragrandeescolha.pt\/en\/wp-json\/wp\/v2\/media\/5521"}],"wp:attachment":[{"href":"https:\/\/garrafeiragrandeescolha.pt\/en\/wp-json\/wp\/v2\/media?parent=14012"}],"wp:term":[{"taxonomy":"product_brand","embeddable":true,"href":"https:\/\/garrafeiragrandeescolha.pt\/en\/wp-json\/wp\/v2\/product_brand?post=14012"},{"taxonomy":"product_cat","embeddable":true,"href":"https:\/\/garrafeiragrandeescolha.pt\/en\/wp-json\/wp\/v2\/product_cat?post=14012"},{"taxonomy":"product_tag","embeddable":true,"href":"https:\/\/garrafeiragrandeescolha.pt\/en\/wp-json\/wp\/v2\/product_tag?post=14012"}],"curies":[{"name":"wp","href":"https:\/\/api.w.org\/{rel}","templated":true}]}}