{"id":14215,"date":"2020-07-27T11:55:36","date_gmt":"2020-07-27T11:55:36","guid":{"rendered":"http:\/\/garrafeiragrandeescolha.pt\/?post_type=product&#038;p=14215"},"modified":"2023-02-17T09:41:16","modified_gmt":"2023-02-17T09:41:16","slug":"altas-quintas-600-tinto-2019-75cl","status":"publish","type":"product","link":"https:\/\/garrafeiragrandeescolha.pt\/en\/product-2\/altas-quintas-600-tinto-2019-75cl\/","title":{"rendered":"Altas Quintas 600 Red 75cl"},"content":{"rendered":"<p><img decoding=\"async\" class=\"size-medium wp-image-15544 aligncenter\" src=\"http:\/\/garrafeiragrandeescolha.pt\/wp-content\/uploads\/2022\/01\/Altas-QuintasLogo-300x152.jpg\" alt=\"\" width=\"300\" height=\"152\" srcset=\"https:\/\/garrafeiragrandeescolha.pt\/wp-content\/uploads\/2022\/01\/Altas-QuintasLogo-300x152.jpg 300w, https:\/\/garrafeiragrandeescolha.pt\/wp-content\/uploads\/2022\/01\/Altas-QuintasLogo-1024x519.jpg 1024w, https:\/\/garrafeiragrandeescolha.pt\/wp-content\/uploads\/2022\/01\/Altas-QuintasLogo-768x389.jpg 768w, https:\/\/garrafeiragrandeescolha.pt\/wp-content\/uploads\/2022\/01\/Altas-QuintasLogo-600x304.jpg 600w, https:\/\/garrafeiragrandeescolha.pt\/wp-content\/uploads\/2022\/01\/Altas-QuintasLogo.jpg 1131w\" sizes=\"(max-width: 300px) 100vw, 300px\" \/><\/p>\n<p>Altas Quintas is the realization of producer Jo\u00e3o Louren\u00e7o&#039;s dream of making, in Alentejo, nothing less than great wines, which are a challenge for demanding wine lovers.<br \/>\nIn this quest for perfection, it has been established in Serra de S\u00e3o Mamede since the 90s.<\/p>\n<p>Driven by these objectives, he looked for ideal conditions for the project in Alentejo.<br \/>\nThese conditions were found in the middle of Serra de S\u00e3o Mamede (Portalegre), 600 meters above sea level.<br \/>\nThere are records of wine production in this emblematic region since the 15th century (Epoch of Discoveries).<br \/>\nThe grape varieties that make up Altas Quintas wines are:<br \/>\nThe reds Aragonez, Trincadeira, Alicante Bouschet, Syrah, Touriga Nacional and Cabernet Sauvignon;<br \/>\nAnd the white ones, Verdelho, Arinto and Fern\u00e3o Pires.<\/p>\n<p>Jo\u00e3o Louren\u00e7o quickly realized that this location allowed him to make a difference.<\/p>\n<p>The altitude, unique in Alentejo, immediately creates several differentiating factors:<\/p>\n<p>\u2022 Soil characteristics;<br \/>\n\u2022 The microclimate of this plateau, with milder temperatures and rainfall<br \/>\ndifferent from the rest of Alentejo.<\/p>\n<p>Altas Quintas wines have a striking, unique structure and clearly reflect their Terroir of origin.<br \/>\nFirm but silky tannins, an unusual acidity and freshness for Alentejo.<br \/>\nWines to enjoy for many good years.<br \/>\nDespite the recent history of the project, new, even more demanding challenges \u201crest\u201d at the Winery.<\/p>","protected":false},"excerpt":{"rendered":"<p>Castas: Aragonez (20%), Trincadeira (60%) e Alicante Bouschet (20%)<\/p>\n<p>Vinho de cor granada, com aromas de fruta preta, ameixa e pimentos.<br \/>\nNa boca, mostra uma irreverente frescura, eleg\u00e2ncia, persist\u00eancia e um longo e agrad\u00e1vel final.<br \/>\nPode acompanhar pratos de com alguma complexidade.<br \/>\nA serving temperature of 16 oC is recommended.<\/p>\n<p>Alcohol Content = 14.5 % (vol.)<\/p>","protected":false},"featured_media":6686,"template":"","meta":{"_exactmetrics_skip_tracking":false,"_exactmetrics_sitenote_active":false,"_exactmetrics_sitenote_note":"","_exactmetrics_sitenote_category":0,"_uf_show_specific_survey":0,"_uf_disable_surveys":false,"iawp_total_views":33},"product_brand":[],"product_cat":[157,184,207],"product_tag":[],"class_list":{"0":"post-14215","1":"product","2":"type-product","3":"status-publish","4":"has-post-thumbnail","6":"product_cat-vinhos","7":"product_cat-tinto","8":"product_cat-alentejo","10":"first","11":"instock","12":"shipping-taxable","13":"purchasable","14":"product-type-simple"},"_links":{"self":[{"href":"https:\/\/garrafeiragrandeescolha.pt\/en\/wp-json\/wp\/v2\/product\/14215","targetHints":{"allow":["GET"]}}],"collection":[{"href":"https:\/\/garrafeiragrandeescolha.pt\/en\/wp-json\/wp\/v2\/product"}],"about":[{"href":"https:\/\/garrafeiragrandeescolha.pt\/en\/wp-json\/wp\/v2\/types\/product"}],"wp:featuredmedia":[{"embeddable":true,"href":"https:\/\/garrafeiragrandeescolha.pt\/en\/wp-json\/wp\/v2\/media\/6686"}],"wp:attachment":[{"href":"https:\/\/garrafeiragrandeescolha.pt\/en\/wp-json\/wp\/v2\/media?parent=14215"}],"wp:term":[{"taxonomy":"product_brand","embeddable":true,"href":"https:\/\/garrafeiragrandeescolha.pt\/en\/wp-json\/wp\/v2\/product_brand?post=14215"},{"taxonomy":"product_cat","embeddable":true,"href":"https:\/\/garrafeiragrandeescolha.pt\/en\/wp-json\/wp\/v2\/product_cat?post=14215"},{"taxonomy":"product_tag","embeddable":true,"href":"https:\/\/garrafeiragrandeescolha.pt\/en\/wp-json\/wp\/v2\/product_tag?post=14215"}],"curies":[{"name":"wp","href":"https:\/\/api.w.org\/{rel}","templated":true}]}}