{"id":14319,"date":"2020-10-10T10:22:26","date_gmt":"2020-10-10T10:22:26","guid":{"rendered":"http:\/\/garrafeiragrandeescolha.pt\/?post_type=product&#038;p=14319"},"modified":"2024-10-22T11:09:06","modified_gmt":"2024-10-22T11:09:06","slug":"champagne-gosset-blanc-des-blancs-brut-75cl","status":"publish","type":"product","link":"https:\/\/garrafeiragrandeescolha.pt\/en\/product-2\/champagne-gosset-blanc-des-blancs-brut-75cl\/","title":{"rendered":"Champagne Gosset Grand Blanc Des Blancs Brut 75cl"},"content":{"rendered":"<p><img decoding=\"async\" class=\"size-full wp-image-15267 aligncenter\" src=\"http:\/\/garrafeiragrandeescolha.pt\/wp-content\/uploads\/2022\/02\/gosset-logo.png\" alt=\"\" width=\"201\" height=\"188\" \/><\/p>\n<p>A hist\u00f3ria da fam\u00edlia GOSSET come\u00e7a h\u00e1 mais de quatro s\u00e9culos com o primeiro ancestral oficial da linha, Jean GOSSET (1484-1556), \u201cSeigneur d&#8217;A\u00ff et de Mareuil\u201c.<br \/>\nDezesseis gera\u00e7\u00f5es em linha direta, ilustrar\u00e3o depois dele em A \u00e0 em Champagne como vereadores, prefeitos, advogados, mas especialmente na cultura da vinha e no com\u00e9rcio dos vinhos de Champagne.<br \/>\nQuaisquer que sejam as \u00e9pocas, esses homens e mulheres ter\u00e3o tido a ambi\u00e7\u00e3o exclusiva de sublimar seu terroir. A fus\u00e3o, no final do s\u00e9culo 20, com a fam\u00edlia Cointreau e o nascimento das safras CELEBRIS cuv\u00e9es levar\u00e1 o Champagne GOSSET aos escal\u00f5es superiores de casas de prest\u00edgio, na Fran\u00e7a e no exterior.<br \/>\nUma paix\u00e3o que de ontem para hoje moldou a imagem e notoriedade da mais antiga casa de vinhos da regi\u00e3o, cujo nome ressoa hoje como garantia de excel\u00eancia para todos os apreciadores de grandes vinhos. champanhes.<\/p>\n<p>Foi por volta de 1760 que Jean GOSSET usou pela primeira vez o que viria a ser o emblema da Maison GOSSET: o frasco antigo.<br \/>\nEsta garrafa de formato esguio, com lados arredondados e extremamente elegante, \u00e9 um modelo exclusivo, que apareceu na cole\u00e7\u00e3o de garrafas antigas da fam\u00edlia.\u00a0Deve o seu apelido \u00e0 cor \u201cvidro antigo\u201d atribu\u00edda \u00e0 pasta de vidro que entra na sua composi\u00e7\u00e3o.<\/p>","protected":false},"excerpt":{"rendered":"<p>100% Chardonnay, o Grand Blanc de Blancs \u00e9 o precioso concentrado do terroir de cerca de quinze aldeias da C\u00f4te des Blancs (Avize, Chouilly, Cramant, Le Mesnil-sur-Oger, Oger, Cuis), mas tamb\u00e9m da C\u00f4te des Negros com Brancos (Villers-Marmery, Tours-sur-Marne, Tr\u00e9pail).\u00a0Tantas express\u00f5es de Champagne, complexidades e aromas que permitiram explorar tantas avenidas de trabalho, ricas e de sucesso, e finalizar esta cuv\u00e9e excepcional.<\/p>\n<p>A bolha fina e presente se move em dire\u00e7\u00e3o \u00e0 superf\u00edcie com leveza.\u00a0O vestido \u00e9 um tom dourado bastante claro.<\/p>\n<p>O nariz, ao mesmo tempo mineral e floral, revela aromas de flores e frutas brancas, damasco, ameixa mirabelle, e, em toques muito leves, notas de lim\u00e3o picante, frutas c\u00edtricas, pasta de marmelo e mel. suave.<\/p>\n<p>Na boca, flores brancas se misturam a fragr\u00e2ncias levemente tostadas.\u00a0Toque sedoso e paladar harmonioso para este champanhe vivo e estruturado.<\/p>\n<p>Esta cuv\u00e9e cheia de requinte e eleg\u00e2ncia \u00e9 a companhia ideal para um aperitivo.\u00a0A sua frescura permite-lhe ainda acompanhar numerosas vieiras, uma remoulade de caranguejos, goug\u00e8res, um t\u00e1rtaro de peixe, ostras, um risoto com aparas de parmes\u00e3o, carnes brancas, Comt\u00e9 jovem e frutado, parmes\u00e3o &#8230;<\/p>","protected":false},"featured_media":7352,"template":"","meta":{"_exactmetrics_skip_tracking":false,"_exactmetrics_sitenote_active":false,"_exactmetrics_sitenote_note":"","_exactmetrics_sitenote_category":0,"_uf_show_specific_survey":0,"_uf_disable_surveys":false,"iawp_total_views":11},"product_brand":[],"product_cat":[160,178],"product_tag":[],"class_list":{"0":"post-14319","1":"product","2":"type-product","3":"status-publish","4":"has-post-thumbnail","6":"product_cat-espumantes","7":"product_cat-champagne","9":"first","10":"instock","11":"shipping-taxable","12":"purchasable","13":"product-type-simple"},"_links":{"self":[{"href":"https:\/\/garrafeiragrandeescolha.pt\/en\/wp-json\/wp\/v2\/product\/14319","targetHints":{"allow":["GET"]}}],"collection":[{"href":"https:\/\/garrafeiragrandeescolha.pt\/en\/wp-json\/wp\/v2\/product"}],"about":[{"href":"https:\/\/garrafeiragrandeescolha.pt\/en\/wp-json\/wp\/v2\/types\/product"}],"wp:featuredmedia":[{"embeddable":true,"href":"https:\/\/garrafeiragrandeescolha.pt\/en\/wp-json\/wp\/v2\/media\/7352"}],"wp:attachment":[{"href":"https:\/\/garrafeiragrandeescolha.pt\/en\/wp-json\/wp\/v2\/media?parent=14319"}],"wp:term":[{"taxonomy":"product_brand","embeddable":true,"href":"https:\/\/garrafeiragrandeescolha.pt\/en\/wp-json\/wp\/v2\/product_brand?post=14319"},{"taxonomy":"product_cat","embeddable":true,"href":"https:\/\/garrafeiragrandeescolha.pt\/en\/wp-json\/wp\/v2\/product_cat?post=14319"},{"taxonomy":"product_tag","embeddable":true,"href":"https:\/\/garrafeiragrandeescolha.pt\/en\/wp-json\/wp\/v2\/product_tag?post=14319"}],"curies":[{"name":"wp","href":"https:\/\/api.w.org\/{rel}","templated":true}]}}