{"id":14344,"date":"2020-10-28T11:55:41","date_gmt":"2020-10-28T11:55:41","guid":{"rendered":"http:\/\/garrafeiragrandeescolha.pt\/?post_type=product&#038;p=14344"},"modified":"2025-04-12T11:45:32","modified_gmt":"2025-04-12T11:45:32","slug":"adega-mayor-reserva-do-comendador-2018-branco-75cl","status":"publish","type":"product","link":"https:\/\/garrafeiragrandeescolha.pt\/en\/product-2\/adega-mayor-reserva-do-comendador-2018-branco-75cl\/","title":{"rendered":"Adega Mayor Reserva do Comendador Branco 2022 75cl"},"content":{"rendered":"<p><img decoding=\"async\" class=\"size-medium wp-image-15310 aligncenter\" src=\"http:\/\/garrafeiragrandeescolha.pt\/wp-content\/uploads\/2022\/02\/LOGO-AM-300x132.jpg\" alt=\"\" width=\"300\" height=\"132\" srcset=\"https:\/\/garrafeiragrandeescolha.pt\/wp-content\/uploads\/2022\/02\/LOGO-AM-300x132.jpg 300w, https:\/\/garrafeiragrandeescolha.pt\/wp-content\/uploads\/2022\/02\/LOGO-AM.jpg 514w\" sizes=\"(max-width: 300px) 100vw, 300px\" \/><\/p>\n<p>Adega Mayor is the result of the vision of Commander Rui Nabeiro and his great passion for wines and his land \u2013 Campo Maior.<br \/>\nFrom the hand of the prestigious architect Siza Vieira came the unmistakable design of this distinct, contemporary and soulful winery. Opened in 2007 but producing wines since 2002, Adega Mayor has 65 hectares of vineyards spread across two estates that give rise to the Monte Mayor, Touriga Nacional, Reserva do Comendador and Garrafeira do Comendador brands.<br \/>\nWinemaker Paulo Laureano and a dedicated team are responsible for designing these nectars with a strong personality, where all the tradition and sophistication of an undiscovered Alentejo is revealed.<\/p>\n<p>On the plains of Campo Maior, vineyards grow, giving rise to wines with a fresh and striking character. It was on this undulating Alentejo coast that Architect Siza Vieira designed the unmistakable design of this winery. This is how the landscape is designed, this is how the wines that make this Adega Mayor are dreamed of.<\/p>","protected":false},"excerpt":{"rendered":"<p>Castas: 70% Ant\u00e3o Vaz, 20% Verdelho e 10% Viognier<\/p>\n<p>Cor citrina. Aroma intenso com notas de fruta madura (pera, p\u00eassego), bem conjugadas com ligeiras notas abaunilhadas da barrica. Paladar com boa estrutura, bem equilibrado, fresco, mineral e de uma longa persist\u00eancia.<\/p>\n<p>Um branco fresco e estruturado com um perfil muito gastron\u00f3mico. Revela-se excelente com pratos de peixe mais ricos e intensos ou preferencialmente com pratos de carnes brancas com algum exotismo.<\/p>\n<p>Vindima manual, com uma sele\u00e7\u00e3o criteriosa de cachos. A fermenta\u00e7\u00e3o ocorreu em barricas novas de carvalho franc\u00eas, \u00e0 qual se seguiu um est\u00e1gio de 6 meses sobre borras finas de modo a obter um vinho fresco aliado a uma boa untuosidade e estrutura.<\/p>","protected":false},"featured_media":7493,"template":"","meta":{"_exactmetrics_skip_tracking":false,"_exactmetrics_sitenote_active":false,"_exactmetrics_sitenote_note":"","_exactmetrics_sitenote_category":0,"_uf_show_specific_survey":0,"_uf_disable_surveys":false,"iawp_total_views":23},"product_brand":[],"product_cat":[189,185,157],"product_tag":[],"class_list":{"0":"post-14344","1":"product","2":"type-product","3":"status-publish","4":"has-post-thumbnail","6":"product_cat-alentejo-branco","7":"product_cat-branco","8":"product_cat-vinhos","10":"first","11":"instock","12":"shipping-taxable","13":"purchasable","14":"product-type-simple"},"_links":{"self":[{"href":"https:\/\/garrafeiragrandeescolha.pt\/en\/wp-json\/wp\/v2\/product\/14344","targetHints":{"allow":["GET"]}}],"collection":[{"href":"https:\/\/garrafeiragrandeescolha.pt\/en\/wp-json\/wp\/v2\/product"}],"about":[{"href":"https:\/\/garrafeiragrandeescolha.pt\/en\/wp-json\/wp\/v2\/types\/product"}],"wp:featuredmedia":[{"embeddable":true,"href":"https:\/\/garrafeiragrandeescolha.pt\/en\/wp-json\/wp\/v2\/media\/7493"}],"wp:attachment":[{"href":"https:\/\/garrafeiragrandeescolha.pt\/en\/wp-json\/wp\/v2\/media?parent=14344"}],"wp:term":[{"taxonomy":"product_brand","embeddable":true,"href":"https:\/\/garrafeiragrandeescolha.pt\/en\/wp-json\/wp\/v2\/product_brand?post=14344"},{"taxonomy":"product_cat","embeddable":true,"href":"https:\/\/garrafeiragrandeescolha.pt\/en\/wp-json\/wp\/v2\/product_cat?post=14344"},{"taxonomy":"product_tag","embeddable":true,"href":"https:\/\/garrafeiragrandeescolha.pt\/en\/wp-json\/wp\/v2\/product_tag?post=14344"}],"curies":[{"name":"wp","href":"https:\/\/api.w.org\/{rel}","templated":true}]}}