{"id":14357,"date":"2020-11-05T08:36:52","date_gmt":"2020-11-05T08:36:52","guid":{"rendered":"http:\/\/garrafeiragrandeescolha.pt\/?post_type=product&#038;p=14357"},"modified":"2022-09-29T11:10:48","modified_gmt":"2022-09-29T11:10:48","slug":"cognac-deau-vs-70cl","status":"publish","type":"product","link":"https:\/\/garrafeiragrandeescolha.pt\/en\/product-2\/cognac-deau-vs-70cl\/","title":{"rendered":"Cognac Deau VS 70cl"},"content":{"rendered":"<p><img decoding=\"async\" class=\"size-full wp-image-15217 aligncenter\" src=\"http:\/\/garrafeiragrandeescolha.pt\/wp-content\/uploads\/2022\/02\/deau-logo.jpg\" alt=\"\" width=\"300\" height=\"131\" \/><\/p>\n<p>DEAU COGNAC\u2026 a family story\u2026<\/p>\n<p>The story begins in 1685, during the reign of King Louis XIV, when Louis Deau sets up as a winegrower in Charente and discovers the mythical alchemy of stills.<\/p>\n<p>For several generations, the Bru Legaret family has owned and operated a wine estate in the heart of the Cognac region.<\/p>\n<p>Today, V\u00e9ronique Bru Legaret and her son Roland Legaret take over the destiny of the DEAU COGNAC brand, and are proud to make you discover a universe where the beautiful, the exceptional and the unique meet and can create absolute emotion, a revelation, a discovery .<\/p>\n<p>Cognac DEAU is located in Sireuil (Charente, France) and more precisely \u201cAux Moisans\u201d in the heart of the Cognac region.<\/p>\n<p>It is here, in the middle of the vineyards, overlooking the Charente, that our distillery and its 12 copper stills are located, next to the ancient cellars where the precious spirits from our Collection age in more than 2,000 barrels.<br \/>\nAt Sireuil we are dedicated to creating exceptional cognacs, but also to the French art of living.<\/p>\n<p>DEAU COGNAC is inspired by the balance between luxury and nature that is characterized and reflected in the elegance of its range.<\/p>\n<p>The \u201cGriffon\u201d, family emblem, is the symbolic guardian of nature\u2019s treasures. Today he is the noble protector of our vineyards and the golden elixir stored in our cellars.<\/p>\n<p>At Domaine des Moisans is the distillery and its 12 copper stills, next to the old cellars where the precious spirits from our collection age in more than 2,000 barrels.<\/p>\n<p>The only authorized wood is oak, whose soft tannins and ability to exchange with outside air allow the young eaux-de-vie to mature perfectly.<br \/>\nThe Cognac barrel has a capacity of 350 L from which part of the angels that will blacken the roofs and walls of the aging cellars evaporate.<\/p>","protected":false},"excerpt":{"rendered":"<p>Macio e Harmonioso<\/p>\n<p><strong>DEAU VS<\/strong>\u00a0\u00a0nasceu da elabora\u00e7\u00e3o habilidosa de eaux-de-vie destilada segundo o m\u00e9todo tradicional do alambique Charentais.<\/p>\n<p>O conhaque VS \u00e9 feito exclusivamente a partir de aguardentes dos melhores vinhos da regi\u00e3o e envelhece lentamente nas caves.<\/p>\n<p><span class=\"s1\">A caracter\u00edstica marcante \u00e9 a frescura arom\u00e1tica qualificada por notas de madeira branca e flores de videira.\u00a0<\/span><span class=\"s1\">Ataque macio e fresco na boca, o final \u00e9 doce.\u00a0Ser\u00e1 particularmente apreciado como um long drink.<\/span><\/p>\n<p><span class=\"s1\">Tendo atingido a idade necess\u00e1ria, este conhaque foi montado pelo nosso mestre da adega\u00a0<\/span><span class=\"s2\">para dar origem a uma alian\u00e7a harmoniosa\u00a0<\/span><span class=\"s3\">.\u00a0<\/span><span class=\"s2\">Frescura, arredondamento e vivacidade s\u00e3o os componentes do DEAU VS.<\/span><\/p>\n<p><strong>DEAU VS COLLECTION<\/strong>\u00a0Cognac\u00a0ganhou a medalha de prata no French Spirits for Asia em 2013<\/p>","protected":false},"featured_media":7550,"template":"","meta":{"_exactmetrics_skip_tracking":false,"_exactmetrics_sitenote_active":false,"_exactmetrics_sitenote_note":"","_exactmetrics_sitenote_category":0,"_uf_show_specific_survey":0,"_uf_disable_surveys":false,"iawp_total_views":7},"product_brand":[],"product_cat":[181,158],"product_tag":[],"class_list":{"0":"post-14357","1":"product","2":"type-product","3":"status-publish","4":"has-post-thumbnail","6":"product_cat-cognac","7":"product_cat-espirituosos","9":"first","10":"instock","11":"shipping-taxable","12":"purchasable","13":"product-type-simple"},"_links":{"self":[{"href":"https:\/\/garrafeiragrandeescolha.pt\/en\/wp-json\/wp\/v2\/product\/14357","targetHints":{"allow":["GET"]}}],"collection":[{"href":"https:\/\/garrafeiragrandeescolha.pt\/en\/wp-json\/wp\/v2\/product"}],"about":[{"href":"https:\/\/garrafeiragrandeescolha.pt\/en\/wp-json\/wp\/v2\/types\/product"}],"wp:featuredmedia":[{"embeddable":true,"href":"https:\/\/garrafeiragrandeescolha.pt\/en\/wp-json\/wp\/v2\/media\/7550"}],"wp:attachment":[{"href":"https:\/\/garrafeiragrandeescolha.pt\/en\/wp-json\/wp\/v2\/media?parent=14357"}],"wp:term":[{"taxonomy":"product_brand","embeddable":true,"href":"https:\/\/garrafeiragrandeescolha.pt\/en\/wp-json\/wp\/v2\/product_brand?post=14357"},{"taxonomy":"product_cat","embeddable":true,"href":"https:\/\/garrafeiragrandeescolha.pt\/en\/wp-json\/wp\/v2\/product_cat?post=14357"},{"taxonomy":"product_tag","embeddable":true,"href":"https:\/\/garrafeiragrandeescolha.pt\/en\/wp-json\/wp\/v2\/product_tag?post=14357"}],"curies":[{"name":"wp","href":"https:\/\/api.w.org\/{rel}","templated":true}]}}