{"id":14366,"date":"2020-11-07T09:18:40","date_gmt":"2020-11-07T09:18:40","guid":{"rendered":"http:\/\/garrafeiragrandeescolha.pt\/?post_type=product&#038;p=14366"},"modified":"2025-06-08T20:53:27","modified_gmt":"2025-06-08T20:53:27","slug":"olho-de-mocho-tinto-75cl-2","status":"publish","type":"product","link":"https:\/\/garrafeiragrandeescolha.pt\/en\/product-2\/olho-de-mocho-tinto-75cl-2\/","title":{"rendered":"Olho de Mocho Tinto 2018 75cl"},"content":{"rendered":"<p><img decoding=\"async\" class=\"size-medium wp-image-15321 aligncenter\" src=\"http:\/\/garrafeiragrandeescolha.pt\/wp-content\/uploads\/2022\/02\/logo_herdade-rocim-300x77.png\" alt=\"\" width=\"300\" height=\"77\" srcset=\"https:\/\/garrafeiragrandeescolha.pt\/wp-content\/uploads\/2022\/02\/logo_herdade-rocim-300x77.png 300w, https:\/\/garrafeiragrandeescolha.pt\/wp-content\/uploads\/2022\/02\/logo_herdade-rocim-1024x263.png 1024w, https:\/\/garrafeiragrandeescolha.pt\/wp-content\/uploads\/2022\/02\/logo_herdade-rocim-768x197.png 768w, https:\/\/garrafeiragrandeescolha.pt\/wp-content\/uploads\/2022\/02\/logo_herdade-rocim-1536x394.png 1536w, https:\/\/garrafeiragrandeescolha.pt\/wp-content\/uploads\/2022\/02\/logo_herdade-rocim-600x154.png 600w, https:\/\/garrafeiragrandeescolha.pt\/wp-content\/uploads\/2022\/02\/logo_herdade-rocim.png 1772w\" sizes=\"(max-width: 300px) 100vw, 300px\" \/><\/p>\n<p>Herdade do Rocim is a property located between Vidigueira and Cuba, in Baixo Alentejo.<\/p>\n<p>Starting with operations in the area of agricultural mechanization in the 1970s, investment in diversified and complementary sectors is a reference in Movicortes&#039; journey. The equipment business (public works, agriculture and automobiles) was later joined by social communications, books and wine production, with Rocim.<\/p>\n<p>Investment in the wine sector began in 2000 with Herdade do Rocim. A property with around 120 hectares, of which 70 are vineyards, between Vidigueira and Cuba, in Baixo Alentejo. A new adventure and a dream began.<\/p>\n<p>The first years were dedicated to restructuring and qualifying the estate, with the planting of new vines and the introduction of new grape varieties, in a project that mixed new and old knowledge, with reason and emotion, supported by the love of father and daughter.<br \/>\nThen came the construction of the wine cellar and the production of wine, with its own brands.<\/p>\n<p>Also in Cortes (Leiria), the birthplace of Jos\u00e9 Ribeiro Vieira, founder of the company, Rocim began planting vineyards in 2003 with a view to recovering the brand image of this parish and also the family tradition in the wine sector, with the launch of Vale da Mata.<\/p>\n<p>Today, Rocim is already recognized for the quality of its wines and the winery. Talking about your story is talking about the dream and therefore it is also talking about the present and the future. Because the dream has no end.<\/p>\n<p><em>\u201cTalking about the future is not easy because you cannot guess. In any case, we believe that the foundations and structures capable of encouraging us to continue have been laid.\u201d<\/em>\u00a0Jos\u00e9 Ribeiro Vieira.<\/p>","protected":false},"excerpt":{"rendered":"<p>Castas: Alicante Bouschet e Trincadeira<\/p>\n<p>A vinha mais velha da Herdade do Rocim sempre foi carinhosamente chamada de \u201cOlho de Mocho\u201d, por ser abundante nesta flor espont\u00e2nea, de nome cient\u00edfico\u00a0<em>Tolpis barbata<\/em>.<\/p>\n<p>Por ser especial, s\u00f3 podia dar origem a um vinho \u00fanico e aut\u00eantico que agora designamos por \u201cOlho de Mocho Single Vineyard\u201d.<\/p>\n<p>Cor ruby profunda e concentrada. Fruta preta bem madura. Notas de tabaco, especiarias e menta. Boca elegante e estruturada. Taninos firmes, austeridade e frescura. Final longo e persistente.<\/p>","protected":false},"featured_media":7585,"template":"","meta":{"_exactmetrics_skip_tracking":false,"_exactmetrics_sitenote_active":false,"_exactmetrics_sitenote_note":"","_exactmetrics_sitenote_category":0,"_uf_show_specific_survey":0,"_uf_disable_surveys":false,"iawp_total_views":9},"product_brand":[],"product_cat":[157,184,207],"product_tag":[],"class_list":{"0":"post-14366","1":"product","2":"type-product","3":"status-publish","4":"has-post-thumbnail","6":"product_cat-vinhos","7":"product_cat-tinto","8":"product_cat-alentejo","10":"first","11":"instock","12":"shipping-taxable","13":"purchasable","14":"product-type-simple"},"_links":{"self":[{"href":"https:\/\/garrafeiragrandeescolha.pt\/en\/wp-json\/wp\/v2\/product\/14366","targetHints":{"allow":["GET"]}}],"collection":[{"href":"https:\/\/garrafeiragrandeescolha.pt\/en\/wp-json\/wp\/v2\/product"}],"about":[{"href":"https:\/\/garrafeiragrandeescolha.pt\/en\/wp-json\/wp\/v2\/types\/product"}],"wp:featuredmedia":[{"embeddable":true,"href":"https:\/\/garrafeiragrandeescolha.pt\/en\/wp-json\/wp\/v2\/media\/7585"}],"wp:attachment":[{"href":"https:\/\/garrafeiragrandeescolha.pt\/en\/wp-json\/wp\/v2\/media?parent=14366"}],"wp:term":[{"taxonomy":"product_brand","embeddable":true,"href":"https:\/\/garrafeiragrandeescolha.pt\/en\/wp-json\/wp\/v2\/product_brand?post=14366"},{"taxonomy":"product_cat","embeddable":true,"href":"https:\/\/garrafeiragrandeescolha.pt\/en\/wp-json\/wp\/v2\/product_cat?post=14366"},{"taxonomy":"product_tag","embeddable":true,"href":"https:\/\/garrafeiragrandeescolha.pt\/en\/wp-json\/wp\/v2\/product_tag?post=14366"}],"curies":[{"name":"wp","href":"https:\/\/api.w.org\/{rel}","templated":true}]}}