{"id":14414,"date":"2021-02-02T16:43:47","date_gmt":"2021-02-02T16:43:47","guid":{"rendered":"http:\/\/garrafeiragrandeescolha.pt\/?post_type=product&#038;p=14414"},"modified":"2024-11-25T13:01:13","modified_gmt":"2024-11-25T13:01:13","slug":"aguardente-vinica-velha-conde-dagueda-75cl","status":"publish","type":"product","link":"https:\/\/garrafeiragrandeescolha.pt\/en\/product-2\/aguardente-vinica-velha-conde-dagueda-75cl\/","title":{"rendered":"Aguardente Vinica Velha Conde D&#8217;\u00c1gueda 75cl"},"content":{"rendered":"<p><img decoding=\"async\" class=\"size-medium wp-image-7220 aligncenter\" src=\"https:\/\/garrafeiragrandeescolha.pt\/wp-content\/uploads\/2020\/09\/logoland-primavera-300x34.png\" alt=\"\" width=\"300\" height=\"34\" \/><\/p>\n<p>As Caves Primavera foram fundadas em 1944 por dois irm\u00e3os, Luc\u00e9nio e Vital de Almeida. A empresa come\u00e7ou como Vin\u00edcola Primavera, chamava-se Vin\u00edcola precisamente porque n\u00e3o possu\u00eda uma cave, e as suas primeiras instala\u00e7\u00f5es foram no centro da aldeia de Aguada de Baixo, a sensivelmente 800 metros das nossas instala\u00e7\u00f5es actuais. As Caves Primavera s\u00f3 foram poss\u00edvel devido ao esfor\u00e7o, dedica\u00e7\u00e3o e trabalho de dois grandes homens, os irm\u00e3os Luc\u00e9nio e Vital de Almeida. Os nossos fundadores iniciaram a sua actividade desde muitos jovens. Luc\u00e9nio e Vital de Almeida eram homens s\u00e9rios, confiantes, com enorme dedica\u00e7\u00e3o e que faziam uma dupla fort\u00edssima. Sempre motivados pelo seu sonho, conseguiram fazer com que o nome Primavera estivesse associado a algo mais do que apenas a esta\u00e7\u00e3o do ano. Foram homens de bem, \u00fanicos, humildes, benfeitores da regi\u00e3o, que nunca ser\u00e3o esquecidos. Dois homens, Luc\u00e9nio e Vital Rodrigues de Almeida foram e ser\u00e3o sempre os principais respons\u00e1veis pelo sucesso das Caves Primavera. Foram eles que levantaram voo e iniciaram um novo ciclo no mundo dos vinhos e deram uma nova dimens\u00e3o \u00e0 express\u00e3o \u201ca\u00ed vem a Primavera\u201d.<\/p>","protected":false},"excerpt":{"rendered":"<p><strong>Aspeto Visual:<\/strong>\u00a0Cristalino, com cor \u00e2mbar.<\/p>\n<p><strong>Sabor:<\/strong>\u00a0Macio, encorpado e alco\u00f3lico.<\/p>\n<p><strong>Aroma:<\/strong>\u00a0Frutos secos e gr\u00e3os torrados.<\/p>\n<p><strong>Notas:<\/strong>\u00a0Aguardente Velha de alta qualidade obtida da destila\u00e7\u00e3o de vinhos novos da casta Baga, destilados em alambique charant\u00eas e envelhecido durante 5 anos em cascos de carvalho nacional. Servir a uma temperatura de 20\u00ba.<\/p>\n<p><strong>Winemaker:<\/strong>\u00a0Antero Silvano<\/p>","protected":false},"featured_media":7993,"template":"","meta":{"_exactmetrics_skip_tracking":false,"_exactmetrics_sitenote_active":false,"_exactmetrics_sitenote_note":"","_exactmetrics_sitenote_category":0,"_uf_show_specific_survey":0,"_uf_disable_surveys":false,"iawp_total_views":43},"product_brand":[],"product_cat":[158,180],"product_tag":[],"class_list":{"0":"post-14414","1":"product","2":"type-product","3":"status-publish","4":"has-post-thumbnail","6":"product_cat-espirituosos","7":"product_cat-aguardente","9":"first","10":"instock","11":"shipping-taxable","12":"purchasable","13":"product-type-simple"},"_links":{"self":[{"href":"https:\/\/garrafeiragrandeescolha.pt\/en\/wp-json\/wp\/v2\/product\/14414","targetHints":{"allow":["GET"]}}],"collection":[{"href":"https:\/\/garrafeiragrandeescolha.pt\/en\/wp-json\/wp\/v2\/product"}],"about":[{"href":"https:\/\/garrafeiragrandeescolha.pt\/en\/wp-json\/wp\/v2\/types\/product"}],"wp:featuredmedia":[{"embeddable":true,"href":"https:\/\/garrafeiragrandeescolha.pt\/en\/wp-json\/wp\/v2\/media\/7993"}],"wp:attachment":[{"href":"https:\/\/garrafeiragrandeescolha.pt\/en\/wp-json\/wp\/v2\/media?parent=14414"}],"wp:term":[{"taxonomy":"product_brand","embeddable":true,"href":"https:\/\/garrafeiragrandeescolha.pt\/en\/wp-json\/wp\/v2\/product_brand?post=14414"},{"taxonomy":"product_cat","embeddable":true,"href":"https:\/\/garrafeiragrandeescolha.pt\/en\/wp-json\/wp\/v2\/product_cat?post=14414"},{"taxonomy":"product_tag","embeddable":true,"href":"https:\/\/garrafeiragrandeescolha.pt\/en\/wp-json\/wp\/v2\/product_tag?post=14414"}],"curies":[{"name":"wp","href":"https:\/\/api.w.org\/{rel}","templated":true}]}}