{"id":14445,"date":"2021-02-13T12:32:30","date_gmt":"2021-02-13T12:32:30","guid":{"rendered":"http:\/\/garrafeiragrandeescolha.pt\/?post_type=product&#038;p=14445"},"modified":"2025-11-09T09:39:29","modified_gmt":"2025-11-09T09:39:29","slug":"johnnie-walker-swing-70cl","status":"publish","type":"product","link":"https:\/\/garrafeiragrandeescolha.pt\/en\/product-2\/johnnie-walker-swing-70cl\/","title":{"rendered":"Johnnie Walker Swing 70cl"},"content":{"rendered":"<p><img fetchpriority=\"high\" decoding=\"async\" class=\"size-medium wp-image-15295 aligncenter\" src=\"http:\/\/garrafeiragrandeescolha.pt\/wp-content\/uploads\/2022\/02\/Johnnie-Walker-logo-300x169.png\" alt=\"\" width=\"300\" height=\"169\" srcset=\"https:\/\/garrafeiragrandeescolha.pt\/wp-content\/uploads\/2022\/02\/Johnnie-Walker-logo-300x169.png 300w, https:\/\/garrafeiragrandeescolha.pt\/wp-content\/uploads\/2022\/02\/Johnnie-Walker-logo-1024x576.png 1024w, https:\/\/garrafeiragrandeescolha.pt\/wp-content\/uploads\/2022\/02\/Johnnie-Walker-logo-768x432.png 768w, https:\/\/garrafeiragrandeescolha.pt\/wp-content\/uploads\/2022\/02\/Johnnie-Walker-logo-600x338.png 600w, https:\/\/garrafeiragrandeescolha.pt\/wp-content\/uploads\/2022\/02\/Johnnie-Walker-logo.png 1280w\" sizes=\"(max-width: 300px) 100vw, 300px\" \/><\/p>\n<p class=\"heading-01\">JOHNNIE WALKER HOUSE IS AN EXCLUSIVE EMBASSY FOR LUXURY SCOTCH WHISKEY<\/p>\n<p>Each is built around the theme of &#039;Whiskey Conversations&#039; and designed to immerse you in the history, provenance and pioneering spirit of the Johnnie Walker brand. Part gallery, part lifestyle space and part museum, it brings together the innovation of luxury whiskey with art, design, fine dining and culture.<\/p>","protected":false},"excerpt":{"rendered":"<p><img decoding=\"async\" class=\"alignnone size-full wp-image-3912\" src=\"https:\/\/garrafeiragrandeescolha.pt\/wp-content\/uploads\/2020\/03\/escocia.jpg\" alt=\"\" width=\"75\" height=\"40\" \/>Origin Scotland<\/p>\n<p>A tradi\u00e7\u00e3o da marca &#8220;Johnnie Walker&#8221; revela-se neste whisky cuidadosamente elaborado. O sabor de Swing \u00e9 uma homenagem aos verdadeiros conhecedores e apreciadores do Whisky Escoc\u00eas. No aroma \u00e9 doce e perfumado e o seu paladar inicial confere uma profundidade rica, picante e um luxuoso sabor.<\/p>","protected":false},"featured_media":8120,"template":"","meta":{"_exactmetrics_skip_tracking":false,"_exactmetrics_sitenote_active":false,"_exactmetrics_sitenote_note":"","_exactmetrics_sitenote_category":0,"_uf_show_specific_survey":0,"_uf_disable_surveys":false,"iawp_total_views":269},"product_brand":[],"product_cat":[162,158,179],"product_tag":[],"class_list":{"0":"post-14445","1":"product","2":"type-product","3":"status-publish","4":"has-post-thumbnail","6":"product_cat-raridades","7":"product_cat-espirituosos","8":"product_cat-whisky","10":"first","11":"instock","12":"featured","13":"shipping-taxable","14":"purchasable","15":"product-type-simple"},"_links":{"self":[{"href":"https:\/\/garrafeiragrandeescolha.pt\/en\/wp-json\/wp\/v2\/product\/14445","targetHints":{"allow":["GET"]}}],"collection":[{"href":"https:\/\/garrafeiragrandeescolha.pt\/en\/wp-json\/wp\/v2\/product"}],"about":[{"href":"https:\/\/garrafeiragrandeescolha.pt\/en\/wp-json\/wp\/v2\/types\/product"}],"wp:featuredmedia":[{"embeddable":true,"href":"https:\/\/garrafeiragrandeescolha.pt\/en\/wp-json\/wp\/v2\/media\/8120"}],"wp:attachment":[{"href":"https:\/\/garrafeiragrandeescolha.pt\/en\/wp-json\/wp\/v2\/media?parent=14445"}],"wp:term":[{"taxonomy":"product_brand","embeddable":true,"href":"https:\/\/garrafeiragrandeescolha.pt\/en\/wp-json\/wp\/v2\/product_brand?post=14445"},{"taxonomy":"product_cat","embeddable":true,"href":"https:\/\/garrafeiragrandeescolha.pt\/en\/wp-json\/wp\/v2\/product_cat?post=14445"},{"taxonomy":"product_tag","embeddable":true,"href":"https:\/\/garrafeiragrandeescolha.pt\/en\/wp-json\/wp\/v2\/product_tag?post=14445"}],"curies":[{"name":"wp","href":"https:\/\/api.w.org\/{rel}","templated":true}]}}