{"id":14462,"date":"2021-02-25T11:17:50","date_gmt":"2021-02-25T11:17:50","guid":{"rendered":"http:\/\/garrafeiragrandeescolha.pt\/?post_type=product&#038;p=14462"},"modified":"2023-03-04T12:32:21","modified_gmt":"2023-03-04T12:32:21","slug":"8267","status":"publish","type":"product","link":"https:\/\/garrafeiragrandeescolha.pt\/en\/product-2\/8267\/","title":{"rendered":"Herdade do Peso Reserva Tinto 2014 75cl"},"content":{"rendered":"<p><img decoding=\"async\" class=\"size-medium wp-image-15260 aligncenter\" src=\"http:\/\/garrafeiragrandeescolha.pt\/wp-content\/uploads\/2022\/02\/herdade-do-peso-logo-300x82.jpg\" alt=\"\" width=\"300\" height=\"82\" srcset=\"https:\/\/garrafeiragrandeescolha.pt\/wp-content\/uploads\/2022\/02\/herdade-do-peso-logo-300x82.jpg 300w, https:\/\/garrafeiragrandeescolha.pt\/wp-content\/uploads\/2022\/02\/herdade-do-peso-logo-600x164.jpg 600w, https:\/\/garrafeiragrandeescolha.pt\/wp-content\/uploads\/2022\/02\/herdade-do-peso-logo.jpg 611w\" sizes=\"(max-width: 300px) 100vw, 300px\" \/><\/p>\n<p>A grandeza do Alentejo inspirou esta determinada aposta da Sogrape na Herdade do Peso, no concelho da Vidigueira, numa zona exclusiva onde os diversos microclimas e relevos at\u00edpicos criam uma rica e impressionante variedade de terroirs.<br \/>\nA ess\u00eancia deste Alentejo mais profundo \u00e9 revelada nos vinhos, extra\u00edda com paix\u00e3o por quem trabalha cada palmo desta terra.<\/p>\n<p>&nbsp;<\/p>","protected":false},"excerpt":{"rendered":"<p>Herdade do Peso Reserva \u00e9 um vinho de grande qualidade, complexo e elegante, produzido apenas em anos excepcionais, que concentra em si toda a grandeza e vivacidade dos vinhos do Alentejo. Herdade do Peso \u00e9 a marca que revitaliza a ess\u00eancia do Alentejo mais profundo, trazida \u00e0 superf\u00edcie pela ci\u00eancia e know how da Sogrape Vinhos, e que se descobre numa gama de vinhos sofisticados, cujos sabores, aromas e cores nos fazem lembrar a vida no seu melhor, tal como a regi\u00e3o onde nascem.<\/p>\n<p>Herdade do Peso Reserva \u00e9 a escolha ideal para acompanhar pratos de carne ricos e condimentados, ca\u00e7a, e queijos fortes.<\/p>\n<p>Decantar antes de servir. Dever\u00e1 ser servido a uma temperatura entre 16\u00baC-18\u00baC.<\/p>","protected":false},"featured_media":8268,"template":"","meta":{"_exactmetrics_skip_tracking":false,"_exactmetrics_sitenote_active":false,"_exactmetrics_sitenote_note":"","_exactmetrics_sitenote_category":0,"_uf_show_specific_survey":0,"_uf_disable_surveys":false,"iawp_total_views":30},"product_brand":[],"product_cat":[157,184,207],"product_tag":[],"class_list":{"0":"post-14462","1":"product","2":"type-product","3":"status-publish","4":"has-post-thumbnail","6":"product_cat-vinhos","7":"product_cat-tinto","8":"product_cat-alentejo","10":"first","11":"outofstock","12":"shipping-taxable","13":"purchasable","14":"product-type-simple"},"_links":{"self":[{"href":"https:\/\/garrafeiragrandeescolha.pt\/en\/wp-json\/wp\/v2\/product\/14462","targetHints":{"allow":["GET"]}}],"collection":[{"href":"https:\/\/garrafeiragrandeescolha.pt\/en\/wp-json\/wp\/v2\/product"}],"about":[{"href":"https:\/\/garrafeiragrandeescolha.pt\/en\/wp-json\/wp\/v2\/types\/product"}],"wp:featuredmedia":[{"embeddable":true,"href":"https:\/\/garrafeiragrandeescolha.pt\/en\/wp-json\/wp\/v2\/media\/8268"}],"wp:attachment":[{"href":"https:\/\/garrafeiragrandeescolha.pt\/en\/wp-json\/wp\/v2\/media?parent=14462"}],"wp:term":[{"taxonomy":"product_brand","embeddable":true,"href":"https:\/\/garrafeiragrandeescolha.pt\/en\/wp-json\/wp\/v2\/product_brand?post=14462"},{"taxonomy":"product_cat","embeddable":true,"href":"https:\/\/garrafeiragrandeescolha.pt\/en\/wp-json\/wp\/v2\/product_cat?post=14462"},{"taxonomy":"product_tag","embeddable":true,"href":"https:\/\/garrafeiragrandeescolha.pt\/en\/wp-json\/wp\/v2\/product_tag?post=14462"}],"curies":[{"name":"wp","href":"https:\/\/api.w.org\/{rel}","templated":true}]}}