{"id":14487,"date":"2021-03-12T11:17:39","date_gmt":"2021-03-12T11:17:39","guid":{"rendered":"http:\/\/garrafeiragrandeescolha.pt\/?post_type=product&#038;p=14487"},"modified":"2024-04-30T11:49:09","modified_gmt":"2024-04-30T11:49:09","slug":"sweet-white-camarate-quinta-75cl","status":"publish","type":"product","link":"https:\/\/garrafeiragrandeescolha.pt\/en\/product-2\/sweet-white-camarate-quinta-75cl\/","title":{"rendered":"Quinta de Camarate Sweet White 75cl"},"content":{"rendered":"<p><img fetchpriority=\"high\" decoding=\"async\" class=\"size-medium wp-image-15293 aligncenter\" src=\"http:\/\/garrafeiragrandeescolha.pt\/wp-content\/uploads\/2022\/02\/JMF-180-anos-LOGO-300x184.jpg\" alt=\"\" width=\"300\" height=\"184\" srcset=\"https:\/\/garrafeiragrandeescolha.pt\/wp-content\/uploads\/2022\/02\/JMF-180-anos-LOGO-300x184.jpg 300w, https:\/\/garrafeiragrandeescolha.pt\/wp-content\/uploads\/2022\/02\/JMF-180-anos-LOGO.jpg 364w\" sizes=\"(max-width: 300px) 100vw, 300px\" \/><\/p>\n<p>The Jos\u00e9 Maria da Fonseca house is named after its founder, born in 1804 in the village of Vilar Seco, municipality of Nelas, in the heart of the D\u00e3o region. Founded in 1834 in Vila Nogueira de Azeit\u00e3o, it is the oldest producer of Table Wines and Moscatel de Set\u00fabal, remaining in the possession of its descendants to this day.<\/p>\n<p>A man of great vision, Jos\u00e9 Maria da Fonseca was a pioneer in Portuguese winemaking. The replacement of manual labor with the plow and the widening of the space between the vines for better sun exposure were two innovations widely praised in their time. He is also responsible for the introduction of new varieties in the region, such as Castel\u00e3o Franc\u00eas, which he brought from Estremadura, as well as substantial improvements in Moscatel de Set\u00fabal.<\/p>\n<p>In 1857, D. Pedro V confers the Order of the Tower and Sword of Valor, Loyalty and Merit on Jos\u00e9 Maria da Fonseca. At the time of his death, in 1887, the company had prestigious brands recognized nationally and internationally, and its products were exported to all continents.<\/p>\n<p>Ant\u00f3nio Porto Soares Franco, representative of the fifth generation of the family and winemaker graduated in Montpellier, is responsible for the emergence of two ros\u00e9 wines that represent two major brands produced by Jos\u00e9 Maria da Fonseca: Fa\u00edsca and Lancers. The latter, launched in the United States in 1944, remains the outstanding leader of Portuguese wines imported and consumed in that country.<\/p>\n<p>The introduction of the first highly successful white wine on the national market came in 1945 with the Branco Seco Especial (BSE) and, a decade later, in 1959, the Terras Altas brand was launched with wines from D\u00e3o. Pasmados wines, initially known as Branco Velho and Tinto Velho, acquired their own identity in 1959.<\/p>\n<p>From 1969 onwards, the Palmela Superior brand gave rise to Camarate Clarete, Camarate and, from 1985, Quinta de Camarate wines. Finally, in 1945 the production of cellar wines began, identified by secret acronyms that make them authentic collectors&#039; objects: P, DA, AE, CB, EV, they are the first in a long series of more than twenty cellars of different origins that confer Jos\u00e9 Maria da Fonseca has a notable reputation in the production of this type of wine.<\/p>\n<p>The purchase in 1986 of Casa Agr\u00edcola Jos\u00e9 de Sousa Rosado Fernandes, in Reguengos, expanded the range of Quinta Wines from Jos\u00e9 Maria da Fonseca, with Jos\u00e9 de Sousa currently being the only Portuguese wine produced in clay pots.<\/p>\n<p>The growth in sales of Periquita, with a very strong presence in foreign markets, BSE and Moscatel de Set\u00fabal and, in terms of small productions, the success of Jos\u00e9 de Sousa, D&#039;Avillez, and the three CO cellar wines, TE and RA confirm Jos\u00e9 Maria da Fonseca&#039;s commitment to developing a portfolio of quality products.<\/p>\n<p>From 1995 onwards, new wines such as Periquita Cl\u00e1ssico, Primum and Colec\u00e7\u00e3o Privada, gave Jos\u00e9 Maria da Fonseca a certain harmony between the strength of tradition and creativity around new wines appealing to new consumption trends.<\/p>\n<p>Jos\u00e9 Maria da Fonseca is currently in possession of the sixth generation of its direct descendants, since Ant\u00f3nio Soares Franco assumed the presidency in 1986 and his brother Domingos, graduated in Enology from the University of Davis, in California, ensures the viticulture and creates a very unique and personalized style of the wines that characterize the house.<\/p>\n<p>In April 1996, JM da Fonseca Internacional Vinhos and the Lancers brand were acquired from the British group IDV, making Jos\u00e9 Maria da Fonseca the largest company in the sector owned by exclusively Portuguese capital.<\/p>\n<p>That same year, the company obtained recognition, from IPQ, for the quality of its production and bottling process according to the ISO 9002 standard, being the first table wine producer to receive such distinction.<\/p>\n<p>The growth strategy also involves a significant increase in the vineyard area, and consequently an increase in own production in total sales. At the end of this century, Jos\u00e9 Maria da Fonseca owns 600 hectares of vineyards, 500 of which are on the Set\u00fabal Peninsula and the rest in Alentejo. To these must be added 150 hectares of management on behalf of third parties.<\/p>","protected":false},"excerpt":{"rendered":"<p>A casa Jos\u00e9 Maria da Fonseca tem o nome do seu fundador, nascido em 1804 na aldeia de Vilar Seco, concelho de Nelas, em plena regi\u00e3o do D\u00e3o. Fundada em 1834 em Vila Nogueira de Azeit\u00e3o, \u00e9 a mais antiga produtora de Vinhos de Mesa e\u00a0Moscatel de Set\u00fabal, mantendo-se at\u00e9 hoje na posse dos seus [&hellip;]<\/p>","protected":false},"featured_media":8437,"template":"","meta":{"_exactmetrics_skip_tracking":false,"_exactmetrics_sitenote_active":false,"_exactmetrics_sitenote_note":"","_exactmetrics_sitenote_category":0,"_uf_show_specific_survey":0,"_uf_disable_surveys":false,"iawp_total_views":29},"product_brand":[],"product_cat":[185,193,157],"product_tag":[],"class_list":{"0":"post-14487","1":"product","2":"type-product","3":"status-publish","4":"has-post-thumbnail","6":"product_cat-branco","7":"product_cat-setubal-branco","8":"product_cat-vinhos","10":"first","11":"instock","12":"shipping-taxable","13":"purchasable","14":"product-type-simple"},"_links":{"self":[{"href":"https:\/\/garrafeiragrandeescolha.pt\/en\/wp-json\/wp\/v2\/product\/14487","targetHints":{"allow":["GET"]}}],"collection":[{"href":"https:\/\/garrafeiragrandeescolha.pt\/en\/wp-json\/wp\/v2\/product"}],"about":[{"href":"https:\/\/garrafeiragrandeescolha.pt\/en\/wp-json\/wp\/v2\/types\/product"}],"wp:featuredmedia":[{"embeddable":true,"href":"https:\/\/garrafeiragrandeescolha.pt\/en\/wp-json\/wp\/v2\/media\/8437"}],"wp:attachment":[{"href":"https:\/\/garrafeiragrandeescolha.pt\/en\/wp-json\/wp\/v2\/media?parent=14487"}],"wp:term":[{"taxonomy":"product_brand","embeddable":true,"href":"https:\/\/garrafeiragrandeescolha.pt\/en\/wp-json\/wp\/v2\/product_brand?post=14487"},{"taxonomy":"product_cat","embeddable":true,"href":"https:\/\/garrafeiragrandeescolha.pt\/en\/wp-json\/wp\/v2\/product_cat?post=14487"},{"taxonomy":"product_tag","embeddable":true,"href":"https:\/\/garrafeiragrandeescolha.pt\/en\/wp-json\/wp\/v2\/product_tag?post=14487"}],"curies":[{"name":"wp","href":"https:\/\/api.w.org\/{rel}","templated":true}]}}