{"id":14515,"date":"2021-03-16T18:21:32","date_gmt":"2021-03-16T18:21:32","guid":{"rendered":"http:\/\/garrafeiragrandeescolha.pt\/?post_type=product&#038;p=14515"},"modified":"2024-11-09T17:57:39","modified_gmt":"2024-11-09T17:57:39","slug":"terra-do-zambujeiro-tinto-75cl","status":"publish","type":"product","link":"https:\/\/garrafeiragrandeescolha.pt\/en\/product-2\/terra-do-zambujeiro-tinto-75cl\/","title":{"rendered":"Terra do Zambujeiro Tinto 75cl"},"content":{"rendered":"<p style=\"text-align: center\"><img decoding=\"async\" class=\"alignnone size-full wp-image-15146\" src=\"http:\/\/garrafeiragrandeescolha.pt\/wp-content\/uploads\/2022\/02\/zambujeiro-image.png\" alt=\"\" width=\"254\" height=\"100\" \/><\/p>\n<p class=\"shortcode1-2\">At Quinta do Zambujeiro we use a mix of conventional and organic practices. We do not use herbicides and protect the soil with natural crops during the winter.<\/p>\n<p>The objective is to preserve and protect the natural beauty and our terroir. The base of our wines is the vineyard. Our workers take care of each vineyard with great care. We firmly believe that only vineyards with low production can produce wines with high concentrations of aromas and flavor to have a long life in the bottle.<\/p>\n<p>We reduce the production of our vineyards with the average harvest being 23hl hectare.<\/p>","protected":false},"excerpt":{"rendered":"<p>Castas: 30% Alicante Bouschet, 22% Aragonez, 20% Petit Verdot, 18% Touriga Nacional, 10% Cabernet Sauvignon<\/p>\n<p>Terra do zambujeiro surge opulento, rico e com um profundo e lindo bouquet. Tem notas sedutoras de violetas e notas de flores selvagens, bagas pretas e vermelhas, grafite e notas de baunilha. \u00c9 ligeiramente suave e cremoso na boca sustentado pelos t\u00edpicos taninos finos. A persist\u00eancia da fruta \u00e9 excelente, como \u00e9 habitual. Se armazenado at\u00e9 15\u00baC ir\u00e1 melhorar nos pr\u00f3ximos 10 anos.<\/p>\n<p class=\"p2\">All meat dishes, pasta or alone.<\/p>\n<p class=\"p2\">Servir entre 15-17\u00baC.<\/p>","protected":false},"featured_media":5441,"template":"","meta":{"_exactmetrics_skip_tracking":false,"_exactmetrics_sitenote_active":false,"_exactmetrics_sitenote_note":"","_exactmetrics_sitenote_category":0,"_uf_show_specific_survey":0,"_uf_disable_surveys":false,"iawp_total_views":48},"product_brand":[],"product_cat":[207,184,157],"product_tag":[],"class_list":{"0":"post-14515","1":"product","2":"type-product","3":"status-publish","4":"has-post-thumbnail","6":"product_cat-alentejo","7":"product_cat-tinto","8":"product_cat-vinhos","10":"first","11":"instock","12":"shipping-taxable","13":"purchasable","14":"product-type-simple"},"_links":{"self":[{"href":"https:\/\/garrafeiragrandeescolha.pt\/en\/wp-json\/wp\/v2\/product\/14515","targetHints":{"allow":["GET"]}}],"collection":[{"href":"https:\/\/garrafeiragrandeescolha.pt\/en\/wp-json\/wp\/v2\/product"}],"about":[{"href":"https:\/\/garrafeiragrandeescolha.pt\/en\/wp-json\/wp\/v2\/types\/product"}],"wp:featuredmedia":[{"embeddable":true,"href":"https:\/\/garrafeiragrandeescolha.pt\/en\/wp-json\/wp\/v2\/media\/5441"}],"wp:attachment":[{"href":"https:\/\/garrafeiragrandeescolha.pt\/en\/wp-json\/wp\/v2\/media?parent=14515"}],"wp:term":[{"taxonomy":"product_brand","embeddable":true,"href":"https:\/\/garrafeiragrandeescolha.pt\/en\/wp-json\/wp\/v2\/product_brand?post=14515"},{"taxonomy":"product_cat","embeddable":true,"href":"https:\/\/garrafeiragrandeescolha.pt\/en\/wp-json\/wp\/v2\/product_cat?post=14515"},{"taxonomy":"product_tag","embeddable":true,"href":"https:\/\/garrafeiragrandeescolha.pt\/en\/wp-json\/wp\/v2\/product_tag?post=14515"}],"curies":[{"name":"wp","href":"https:\/\/api.w.org\/{rel}","templated":true}]}}