{"id":14527,"date":"2021-04-01T19:30:05","date_gmt":"2021-04-01T19:30:05","guid":{"rendered":"http:\/\/garrafeiragrandeescolha.pt\/?post_type=product&#038;p=14527"},"modified":"2024-03-25T12:33:58","modified_gmt":"2024-03-25T12:33:58","slug":"royal-palmeira-branco-2009","status":"publish","type":"product","link":"https:\/\/garrafeiragrandeescolha.pt\/en\/product-2\/royal-palmeira-branco-2009\/","title":{"rendered":"Royal Palmeira Loureiro White 2019 75cl"},"content":{"rendered":"<div><img decoding=\"async\" class=\"size-full wp-image-15404 aligncenter\" src=\"http:\/\/garrafeiragrandeescolha.pt\/wp-content\/uploads\/2022\/02\/proudly-produced-in-portugal-logo.png\" alt=\"\" width=\"199\" height=\"78\" \/><\/div>\n<div><\/div>\n<div class=\"headline\">O\u00a0PA\u00c7O DE PALMEIRA, situado na conflu\u00eancia dos rios C\u00e1vado e Homem, perto de Braga, \u00e9 um dos mais belos monumentos arquitect\u00f3nicos do Minho.<\/div>\n<div class=\"information\">\n<div class=\"main\">\n<p>Concebido como resid\u00eancia destinada ao lazer de Pr\u00edncipes, Arcebispos e da mais ilustre aristocracia minhota, o pal\u00e1cio combina as linhas singelas da sua arquitectura com o requinte dos seus interiores, respirando a beleza da paisagem envolvente e a espiritualidade de recantos que se diluem nas marcas do tempo.<\/p>\n<\/div>\n<\/div>","protected":false},"excerpt":{"rendered":"<p>Elaborado com 100% Loureiro, sem passagem por madeira. Palha-claro. Aroma delicado e sofisticado. Floral, citrinos, jasmim, lima-da-p\u00e9rsia, notas minerais. Paladar leve, macio, acidez equilibrada e bem integrada, com 12% de \u00e1lcool. Nada fora do lugar. Conquista pela eleg\u00e2ncia e equil\u00edbrio.<\/p>","protected":false},"featured_media":16494,"template":"","meta":{"_exactmetrics_skip_tracking":false,"_exactmetrics_sitenote_active":false,"_exactmetrics_sitenote_note":"","_exactmetrics_sitenote_category":0,"_uf_show_specific_survey":0,"_uf_disable_surveys":false,"iawp_total_views":40},"product_brand":[],"product_cat":[185,157,206],"product_tag":[],"class_list":{"0":"post-14527","1":"product","2":"type-product","3":"status-publish","4":"has-post-thumbnail","6":"product_cat-branco","7":"product_cat-vinhos","8":"product_cat-vinhos-verdes","10":"first","11":"instock","12":"sold-individually","13":"shipping-taxable","14":"purchasable","15":"product-type-simple"},"_links":{"self":[{"href":"https:\/\/garrafeiragrandeescolha.pt\/en\/wp-json\/wp\/v2\/product\/14527","targetHints":{"allow":["GET"]}}],"collection":[{"href":"https:\/\/garrafeiragrandeescolha.pt\/en\/wp-json\/wp\/v2\/product"}],"about":[{"href":"https:\/\/garrafeiragrandeescolha.pt\/en\/wp-json\/wp\/v2\/types\/product"}],"wp:featuredmedia":[{"embeddable":true,"href":"https:\/\/garrafeiragrandeescolha.pt\/en\/wp-json\/wp\/v2\/media\/16494"}],"wp:attachment":[{"href":"https:\/\/garrafeiragrandeescolha.pt\/en\/wp-json\/wp\/v2\/media?parent=14527"}],"wp:term":[{"taxonomy":"product_brand","embeddable":true,"href":"https:\/\/garrafeiragrandeescolha.pt\/en\/wp-json\/wp\/v2\/product_brand?post=14527"},{"taxonomy":"product_cat","embeddable":true,"href":"https:\/\/garrafeiragrandeescolha.pt\/en\/wp-json\/wp\/v2\/product_cat?post=14527"},{"taxonomy":"product_tag","embeddable":true,"href":"https:\/\/garrafeiragrandeescolha.pt\/en\/wp-json\/wp\/v2\/product_tag?post=14527"}],"curies":[{"name":"wp","href":"https:\/\/api.w.org\/{rel}","templated":true}]}}