{"id":14552,"date":"2021-04-29T12:51:20","date_gmt":"2021-04-29T12:51:20","guid":{"rendered":"http:\/\/garrafeiragrandeescolha.pt\/?post_type=product&#038;p=14552"},"modified":"2023-12-21T18:47:47","modified_gmt":"2023-12-21T18:47:47","slug":"kopke-winemakers-collection-tinto-cao-rose-2020-75cl","status":"publish","type":"product","link":"https:\/\/garrafeiragrandeescolha.pt\/en\/product-2\/kopke-winemakers-collection-tinto-cao-rose-2020-75cl\/","title":{"rendered":"Kopke Winemakers Collection Tinto C\u00e3o Ros\u00e9 2020 75cl"},"content":{"rendered":"<p>&nbsp;<\/p>\n<div>Kopke&#039;s journey is intertwined with the history of its place. The Douro was destined to be the amphitheater chosen for this union between the will of man and nature.<\/div>\n<div>In 1636, a journey took place between Hamburg and Portugal that would prove to be the root of a long story: Nicolau K\u00f6pke arrived in his new country as Consul General of the Hanseatic Cities.<br \/>\nTwo years later, in 1638, he signed the first bottles of wine sent to Northern Europe.<\/div>\n<div>The purchase of a farm in Douro, in 1781, marks the transition from a purchasing company to a large wine producer.<br \/>\nPort Wines are gaining importance in the company, quickly becoming the main business. Nicolau Kopke &amp; Co. becomes an example of innovation, integrating wine production and trade in the same company.<\/div>\n<div>In 1828, Cristiano Nicolau Kopk\u00eb, great-great-grandson of the company&#039;s founder, Nicolau Kopk\u00eb, and grandson of Cristiano Kopke, sided with the Liberal Party during the civil war, thus linking the company and the family to the cause.<br \/>\nThis dedication to the concept of social progress will be shared by all successive generations of the family.<br \/>\nIn 1836, Cristiano Nicolau Kopke was awarded the title of Baron of Vilar. 10 years later, his nephew Joaquim Augusto Kopke receives the title of Baron of Massarelos.<br \/>\nTwo centuries after the family&#039;s arrival in Portugal, their commitment to the country&#039;s development was rewarded.<\/div>\n<div>The firm takes the name CN Kopke.<br \/>\nThe Kopke in 1841 remains as such today.<\/div>\n<div>The purchase of Quinta de S. Luiz in 1922, almost three centuries after its creation, is like Kopke arriving home.<br \/>\nThis property, which has always been the choice of great connoisseurs of the Douro and Port Wine, has been desired for a long time. It becomes the focus, the model and the jewel of all Kopke wine production.<\/div>\n<div>In 1940, the certificate from the Commercial and Industrial Association of Portugal was signed, recognizing the antiquity of CN Kopke to 1638.<\/div>","protected":false},"excerpt":{"rendered":"<p>De cor salm\u00e3o, \u00e9 um Ros\u00e9 que cativa de imediato. No nariz expressa notas de rom\u00e3 e or de hibisco. No paladar, revela-se subtil e elegante, revelando a sua boa acidez camada ap\u00f3s camada, terminando longo e fresco. Um vinho gastron\u00f3mico, \u00f3timo tamb\u00e9m para o in\u00edcio de uma refei\u00e7\u00e3o.<\/p>\n<p>A Kopke sugere a degusta\u00e7\u00e3o deste Tinto C\u00e3o como aperitivo e em harmoniza\u00e7\u00e3o com pratos de maresia, peixes gordos, carnes brancas e queijos de m\u00e9dia intensidade.<\/p>","protected":false},"featured_media":8720,"template":"","meta":{"_exactmetrics_skip_tracking":false,"_exactmetrics_sitenote_active":false,"_exactmetrics_sitenote_note":"","_exactmetrics_sitenote_category":0,"_uf_show_specific_survey":0,"_uf_disable_surveys":false,"iawp_total_views":32},"product_brand":[],"product_cat":[162,186,157],"product_tag":[],"class_list":{"0":"post-14552","1":"product","2":"type-product","3":"status-publish","4":"has-post-thumbnail","6":"product_cat-raridades","7":"product_cat-rose","8":"product_cat-vinhos","10":"first","11":"instock","12":"shipping-taxable","13":"purchasable","14":"product-type-simple"},"_links":{"self":[{"href":"https:\/\/garrafeiragrandeescolha.pt\/en\/wp-json\/wp\/v2\/product\/14552","targetHints":{"allow":["GET"]}}],"collection":[{"href":"https:\/\/garrafeiragrandeescolha.pt\/en\/wp-json\/wp\/v2\/product"}],"about":[{"href":"https:\/\/garrafeiragrandeescolha.pt\/en\/wp-json\/wp\/v2\/types\/product"}],"wp:featuredmedia":[{"embeddable":true,"href":"https:\/\/garrafeiragrandeescolha.pt\/en\/wp-json\/wp\/v2\/media\/8720"}],"wp:attachment":[{"href":"https:\/\/garrafeiragrandeescolha.pt\/en\/wp-json\/wp\/v2\/media?parent=14552"}],"wp:term":[{"taxonomy":"product_brand","embeddable":true,"href":"https:\/\/garrafeiragrandeescolha.pt\/en\/wp-json\/wp\/v2\/product_brand?post=14552"},{"taxonomy":"product_cat","embeddable":true,"href":"https:\/\/garrafeiragrandeescolha.pt\/en\/wp-json\/wp\/v2\/product_cat?post=14552"},{"taxonomy":"product_tag","embeddable":true,"href":"https:\/\/garrafeiragrandeescolha.pt\/en\/wp-json\/wp\/v2\/product_tag?post=14552"}],"curies":[{"name":"wp","href":"https:\/\/api.w.org\/{rel}","templated":true}]}}