{"id":14575,"date":"2021-05-26T15:13:30","date_gmt":"2021-05-26T15:13:30","guid":{"rendered":"http:\/\/garrafeiragrandeescolha.pt\/?post_type=product&#038;p=14575"},"modified":"2024-09-26T17:37:41","modified_gmt":"2024-09-26T17:37:41","slug":"quinta-dos-carvalhais-encruzado-branco-75cl","status":"publish","type":"product","link":"https:\/\/garrafeiragrandeescolha.pt\/en\/product-2\/quinta-dos-carvalhais-encruzado-branco-75cl\/","title":{"rendered":"Quinta dos Carvalhais Encruzado Branco 75cl"},"content":{"rendered":"<p><img decoding=\"async\" class=\"size-medium wp-image-15444 aligncenter\" src=\"http:\/\/garrafeiragrandeescolha.pt\/wp-content\/uploads\/2022\/02\/Quinta-dos-Carvalhais-logo\u0301tipo-prima\u0301rio-sem-fundo-1160x354-1-300x92.png\" alt=\"\" width=\"300\" height=\"92\" srcset=\"https:\/\/garrafeiragrandeescolha.pt\/wp-content\/uploads\/2022\/02\/Quinta-dos-Carvalhais-logo\u0301tipo-prima\u0301rio-sem-fundo-1160x354-1-300x92.png 300w, https:\/\/garrafeiragrandeescolha.pt\/wp-content\/uploads\/2022\/02\/Quinta-dos-Carvalhais-logo\u0301tipo-prima\u0301rio-sem-fundo-1160x354-1-1024x312.png 1024w, https:\/\/garrafeiragrandeescolha.pt\/wp-content\/uploads\/2022\/02\/Quinta-dos-Carvalhais-logo\u0301tipo-prima\u0301rio-sem-fundo-1160x354-1-768x234.png 768w, https:\/\/garrafeiragrandeescolha.pt\/wp-content\/uploads\/2022\/02\/Quinta-dos-Carvalhais-logo\u0301tipo-prima\u0301rio-sem-fundo-1160x354-1-600x183.png 600w, https:\/\/garrafeiragrandeescolha.pt\/wp-content\/uploads\/2022\/02\/Quinta-dos-Carvalhais-logo\u0301tipo-prima\u0301rio-sem-fundo-1160x354-1.png 1160w\" sizes=\"(max-width: 300px) 100vw, 300px\" \/><\/p>\n<p>Vinhos delicados, elegantes, com car\u00e1cter forte e uma invulgar capacidade de guarda. Aqui no Planalto Beir\u00e3o, a cada nascer do sol, come\u00e7a uma nova jornada de um amor que \u00e9 nosso, sem ser s\u00f3 nosso. Sabores e saberes que partilhamos com o mundo, em cada garrafa ou nova experi\u00eancia. Na Quinta dos Carvalhais, damos lugar \u00e0 tradi\u00e7\u00e3o com 9 tipos de terroirs diferentes.<\/p>\n<p>Uma heran\u00e7a apaixonante de vinhas e segredos. E n\u00f3s conhecemos cada um deles.\u00a0A nossa propriedade fica no concelho de Mangualde, junto a Nelas e Alcafache, com tudo o que torna o D\u00e3o verdadeiramente especial. O solo, o clima, as castas t\u00edpicas da regi\u00e3o (como Touriga Nacional ou Encruzado), a experi\u00eancia de quem produz vinho desde sempre e toda a nossa paix\u00e3o naquilo que fazemos. Agimos na defesa dos interesses e condi\u00e7\u00f5es de vida de muitos pequenos vitivinicultores da regi\u00e3o que nos entregam as suas uvas e a sua esperan\u00e7a, colheita ap\u00f3s colheita.<\/p>","protected":false},"excerpt":{"rendered":"<p>Cor amarela citrina, l\u00edmpido e brilhante. Intenso arom\u00e1ticamente, com notas de fruta de polpa amarela, como o p\u00eassego e a nectarina. Notas florais de jasmim. Complexo devido \u00e0 boa integra\u00e7\u00e3o das notas doces do est\u00e1gio em barrica. Ataque de boca com muita intensidade arom\u00e1tica, onde sobressaem novamente os aromas de p\u00eassego e as notas florais. Acidez firme e bem integrada. Final muito equilibrado e persistente.<\/p>","protected":false},"featured_media":8807,"template":"","meta":{"_exactmetrics_skip_tracking":false,"_exactmetrics_sitenote_active":false,"_exactmetrics_sitenote_note":"","_exactmetrics_sitenote_category":0,"_uf_show_specific_survey":0,"_uf_disable_surveys":false,"iawp_total_views":9},"product_brand":[],"product_cat":[157,185,209],"product_tag":[],"class_list":{"0":"post-14575","1":"product","2":"type-product","3":"status-publish","4":"has-post-thumbnail","6":"product_cat-vinhos","7":"product_cat-branco","8":"product_cat-dao","10":"first","11":"instock","12":"shipping-taxable","13":"purchasable","14":"product-type-simple"},"_links":{"self":[{"href":"https:\/\/garrafeiragrandeescolha.pt\/en\/wp-json\/wp\/v2\/product\/14575","targetHints":{"allow":["GET"]}}],"collection":[{"href":"https:\/\/garrafeiragrandeescolha.pt\/en\/wp-json\/wp\/v2\/product"}],"about":[{"href":"https:\/\/garrafeiragrandeescolha.pt\/en\/wp-json\/wp\/v2\/types\/product"}],"wp:featuredmedia":[{"embeddable":true,"href":"https:\/\/garrafeiragrandeescolha.pt\/en\/wp-json\/wp\/v2\/media\/8807"}],"wp:attachment":[{"href":"https:\/\/garrafeiragrandeescolha.pt\/en\/wp-json\/wp\/v2\/media?parent=14575"}],"wp:term":[{"taxonomy":"product_brand","embeddable":true,"href":"https:\/\/garrafeiragrandeescolha.pt\/en\/wp-json\/wp\/v2\/product_brand?post=14575"},{"taxonomy":"product_cat","embeddable":true,"href":"https:\/\/garrafeiragrandeescolha.pt\/en\/wp-json\/wp\/v2\/product_cat?post=14575"},{"taxonomy":"product_tag","embeddable":true,"href":"https:\/\/garrafeiragrandeescolha.pt\/en\/wp-json\/wp\/v2\/product_tag?post=14575"}],"curies":[{"name":"wp","href":"https:\/\/api.w.org\/{rel}","templated":true}]}}