{"id":14593,"date":"2021-06-19T09:38:39","date_gmt":"2021-06-19T09:38:39","guid":{"rendered":"http:\/\/garrafeiragrandeescolha.pt\/?post_type=product&#038;p=14593"},"modified":"2025-05-17T11:13:08","modified_gmt":"2025-05-17T11:13:08","slug":"altar-do-diabo-tinto-75cl","status":"publish","type":"product","link":"https:\/\/garrafeiragrandeescolha.pt\/en\/product-2\/altar-do-diabo-tinto-75cl\/","title":{"rendered":"Altar do Diabo Tinto 2021 75cl"},"content":{"rendered":"<p><img decoding=\"async\" class=\"size-medium wp-image-15195 aligncenter\" src=\"http:\/\/garrafeiragrandeescolha.pt\/wp-content\/uploads\/2022\/02\/ceira_logo_black-300x112.png\" alt=\"\" width=\"300\" height=\"112\" srcset=\"https:\/\/garrafeiragrandeescolha.pt\/wp-content\/uploads\/2022\/02\/ceira_logo_black-300x112.png 300w, https:\/\/garrafeiragrandeescolha.pt\/wp-content\/uploads\/2022\/02\/ceira_logo_black.png 351w\" sizes=\"(max-width: 300px) 100vw, 300px\" \/><\/p>\n<div class=\"mkdf-section-title-holder mkdf-st-standard mkdf-st-title-left mkdf-st-normal-space\">\n<div class=\"mkdf-st-inner\">\n<p class=\"mkdf-st-text\">In the lost valley of the Ceira river, one of the tributaries of the Douro river, we cultivate a set of plots, totaling 20 hectares. From these own vineyards, and after a lot of effort given the geographical and climatic adversity, our grapes are born, the raw material for our wines. With S. Leonardo in sight, and looking at the grapes produced in this valley, well-kept wines emerge, with concentrated and fruity flavors. These wines, from the region celebrated by Miguel Torga as \u201can excess of nature\u201d, are steeped in typical Douro culture and traditions. Our desire is that, when drinking our wines, you enjoy one of the great earthly pleasures, and thus feel, like Saint Leonardo, riding the waves of eternity.<\/p>\n<\/div>\n<\/div>","protected":false},"excerpt":{"rendered":"<p>Grapes: Touriga Nacional, Touriga Franca and Tinta Roriz<\/p>\n<p>O Altar do Diabo \u00e9 um vinho sem complexos, para beber em diversas ocasi\u00f5es (com amigos, sabe melhor). Foi feito com enorme paix\u00e3o, e sem d\u00favida com uma grande dose de aventura.<\/p>","protected":false},"featured_media":19931,"template":"","meta":{"_exactmetrics_skip_tracking":false,"_exactmetrics_sitenote_active":false,"_exactmetrics_sitenote_note":"","_exactmetrics_sitenote_category":0,"_uf_show_specific_survey":0,"_uf_disable_surveys":false,"iawp_total_views":26},"product_brand":[],"product_cat":[215,184,157],"product_tag":[],"class_list":{"0":"post-14593","1":"product","2":"type-product","3":"status-publish","4":"has-post-thumbnail","6":"product_cat-douro","7":"product_cat-tinto","8":"product_cat-vinhos","10":"first","11":"instock","12":"shipping-taxable","13":"purchasable","14":"product-type-simple"},"_links":{"self":[{"href":"https:\/\/garrafeiragrandeescolha.pt\/en\/wp-json\/wp\/v2\/product\/14593","targetHints":{"allow":["GET"]}}],"collection":[{"href":"https:\/\/garrafeiragrandeescolha.pt\/en\/wp-json\/wp\/v2\/product"}],"about":[{"href":"https:\/\/garrafeiragrandeescolha.pt\/en\/wp-json\/wp\/v2\/types\/product"}],"wp:featuredmedia":[{"embeddable":true,"href":"https:\/\/garrafeiragrandeescolha.pt\/en\/wp-json\/wp\/v2\/media\/19931"}],"wp:attachment":[{"href":"https:\/\/garrafeiragrandeescolha.pt\/en\/wp-json\/wp\/v2\/media?parent=14593"}],"wp:term":[{"taxonomy":"product_brand","embeddable":true,"href":"https:\/\/garrafeiragrandeescolha.pt\/en\/wp-json\/wp\/v2\/product_brand?post=14593"},{"taxonomy":"product_cat","embeddable":true,"href":"https:\/\/garrafeiragrandeescolha.pt\/en\/wp-json\/wp\/v2\/product_cat?post=14593"},{"taxonomy":"product_tag","embeddable":true,"href":"https:\/\/garrafeiragrandeescolha.pt\/en\/wp-json\/wp\/v2\/product_tag?post=14593"}],"curies":[{"name":"wp","href":"https:\/\/api.w.org\/{rel}","templated":true}]}}